{"id":50381,"date":"2024-04-26T06:52:33","date_gmt":"2024-04-26T06:52:33","guid":{"rendered":"https:\/\/medsexporter.com\/product\/decarix-inyeccion-1-ml\/"},"modified":"2024-07-19T11:06:41","modified_gmt":"2024-07-19T11:06:41","slug":"decarix-inyeccion-1-ml","status":"publish","type":"product","link":"https:\/\/www.medsexporter.com\/es\/product\/decarix-inyeccion-1-ml\/","title":{"rendered":"Decarix Inyecci\u00f3n 1 Ml"},"content":{"rendered":"\n<h2 class=\"wp-block-heading\"><strong>Introducci\u00f3n de Decarix Inj 1 ml<\/strong><\/h2>\n\n\n\n<p><a href=\"https:\/\/medsexporter.com\/product\/decarix-inj-1-ml\/\"><strong>Decarix Inj 1 ml<\/strong><\/a><strong>&nbsp;<\/strong>es una inyecci\u00f3n de esteroides para culturismo. Tiene decanoato de nandrolona como ingrediente clave y se comercializa como<strong>&nbsp;Deca Durabolin<\/strong>&nbsp;. Los culturistas buscan crecimiento y definici\u00f3n muscular, p\u00e9rdida de grasa, mayor fuerza y \u200b\u200bresistencia y mejor aguante. Decarix ofrece lo mismo y es muy popular entre los entusiastas del fitness por sus mejoras generales en el rendimiento atl\u00e9tico.<\/p>\n\n\n\n<p>Este esteroide inyectable debe utilizarse entre culturistas (solo hombres) bajo supervisi\u00f3n m\u00e9dica \u00fanicamente. Puede recomendarse a pacientes con diagn\u00f3stico de anemia (recuento bajo de gl\u00f3bulos rojos).<\/p>\n\n\n\n<h2 class=\"wp-block-heading\"><strong>Informaci\u00f3n de patente de Decarix<\/strong><\/h2>\n\n\n\n<p><strong>Decarix<\/strong>\u00a0est\u00e1 patentado como\u00a0<strong>esteroide para culturismo<\/strong>\u00a0. Cuando lo compre en l\u00ednea, aseg\u00farese de que el fabricante sea aut\u00e9ntico y cumpla con las normas de cumplimiento establecidas por la industria. Esto garantiza la seguridad y eficacia del medicamento y el cumplimiento de alta calidad por parte del fabricante.<\/p>\n\n\n\n<h2 class=\"wp-block-heading\"><strong>\u00bfComo funciona?<\/strong><\/h2>\n\n\n\n<p>Decarix pertenece a la clase de f\u00e1rmacos corticosteroides que act\u00faan estimulando la s\u00edntesis de prote\u00ednas en las\u00a0c\u00e9lulas musculares\u00a0. Esto conduce a una mayor fuerza y \u200b\u200bresistencia, un desarrollo m\u00e1s r\u00e1pido de la masa muscular y la p\u00e9rdida de grasa, promueve un f\u00edsico m\u00e1s delgado y tambi\u00e9n estimula la recuperaci\u00f3n muscular.\u00a0<strong>El decanoato de nandrolona<\/strong>\u00a0, \u200b\u200bel ingrediente activo de este f\u00e1rmaco, aumenta la retenci\u00f3n de nitr\u00f3geno en los m\u00fasculos, lo que desempe\u00f1a un papel vital en el crecimiento de los tejidos musculares.<\/p>\n\n\n\n<h2 class=\"wp-block-heading\"><strong>Usos de Decarix Inj 1 Ml<\/strong><\/h2>\n\n\n\n<p>Principalmente, Decarix se utiliza como&nbsp;<strong>esteroide para el culturismo<\/strong>&nbsp;. Sin embargo, su capacidad para estimular la producci\u00f3n de gl\u00f3bulos rojos y la retenci\u00f3n de nitr\u00f3geno aumenta la energ\u00eda y la resistencia y tambi\u00e9n mejora la anemia.<\/p>\n\n\n\n<h2 class=\"wp-block-heading\"><strong>Decarix Inj 1 ml \u2013 Beneficios<\/strong><\/h2>\n\n\n\n<ul class=\"wp-block-list\">\n<li>Estimula el crecimiento muscular.<\/li>\n\n\n\n<li>Aumenta la resistencia y la aguante.<\/li>\n\n\n\n<li>Mejora los s\u00edntomas subyacentes de la anemia y la osteoporosis.<\/li>\n\n\n\n<li>Mejora la retenci\u00f3n de nitr\u00f3geno y la producci\u00f3n de gl\u00f3bulos rojos.<\/li>\n\n\n\n<li>Favorece la recuperaci\u00f3n despu\u00e9s de actividades f\u00edsicas intensas.<\/li>\n<\/ul>\n\n\n\n<h2 class=\"wp-block-heading\"><strong>Conexi\u00f3n con Decarix Inj Exporter<\/strong><\/h2>\n\n\n\n<p>Es muy importante conectarse con exportadores genuinos de&nbsp;<strong>esteroides Decarix<\/strong>&nbsp;porque solo los medicamentos de alta calidad garantizan eficacia y seguridad. Adem\u00e1s, se pueden aprovechar ventajas como una experiencia de compra fluida, pagos seguros, entregas puntuales, etc.<\/p>\n\n\n\n<h2 class=\"wp-block-heading\"><strong>\u00bfC\u00f3mo puedo realizar un pedido de Decarix Inj 1 ml?<\/strong><\/h2>\n\n\n\n<p>Realizar un pedido de Decarix Injection con\u00a0<strong>Medsexporter.com<\/strong>\u00a0es muy sencillo . Vea todos los detalles del producto y realice consultas sobre pedidos al por mayor. Nuestro ejecutivo de ventas se comunicar\u00e1 con usted pronto con una cotizaci\u00f3n personalizada. A continuaci\u00f3n, puede confirmar su pedido realizando un pago en l\u00ednea y en breve le enviaremos un correo electr\u00f3nico de confirmaci\u00f3n.<\/p>\n\n\n\n<h2 class=\"wp-block-heading\"><strong>Servicio de entrega r\u00e1pido y seguro.<\/strong><\/h2>\n\n\n\n<p>Garantizamos una entrega r\u00e1pida y segura para que su pedido llegue en condiciones oportunas y seguras. Nuestros eficientes socios log\u00edsticos manejan su paquete con cuidado para evitar da\u00f1os o errores de tr\u00e1nsito.<\/p>\n\n\n\n<h2 class=\"wp-block-heading\"><strong>Requisitos de almacenamiento<\/strong><\/h2>\n\n\n\n<p>Conservar Decarix Inj 250 mg\/ml \u00fanicamente en un lugar fresco y seco. Evitar su exposici\u00f3n a la humedad o la luz solar. Debe mantenerse alejado de los ni\u00f1os y las mascotas.<\/p>\n\n\n\n<h3 class=\"wp-block-heading\"><strong>Atenci\u00f3n al cliente 24 horas al d\u00eda, 7 d\u00edas a la semana<\/strong><\/h3>\n\n\n\n<p>Disfrute de servicios y experiencias de compra ininterrumpidas con nosotros, ya que brindamos atenci\u00f3n al cliente las 24 horas, los 7 d\u00edas de la semana. Ll\u00e1menos directamente&nbsp;<strong><a href=\"tel:+919898972449\">al +91 98 98972449<\/a><\/strong>&nbsp;o env\u00edenos un correo electr\u00f3nico con una consulta detallada a&nbsp;<strong>sales@medsexporter.com<\/strong>&nbsp;.<\/p>\n\n\n\n<h2 class=\"wp-block-heading\"><strong>Preguntas frecuentes<\/strong><\/h2>\n\n\n\n<h3 class=\"wp-block-heading\"><strong>\u00bfEs seguro para todos usar Decarix Inj 1 Ml?<\/strong><\/h3>\n\n\n\n<p>No, no es seguro para todos, excepto para aquellos a quienes se les ha recetado este suplemento para culturismo. Nunca debe utilizarse en mujeres (debido al alto riesgo de virilizaci\u00f3n) o en ni\u00f1os menores de 18 a\u00f1os.<\/p>\n\n\n\n<h3 class=\"wp-block-heading\"><strong>\u00bfPuedo tomar Decarix con otros medicamentos?<\/strong><\/h3>\n\n\n\n<p>Consulte a su m\u00e9dico y solicite la orientaci\u00f3n necesaria. Comprenda las posibles interacciones de este medicamento antes de combinarlo con otros medicamentos.<\/p>\n\n\n\n<h3 class=\"wp-block-heading\"><strong>\u00bfCu\u00e1nto tiempo debo seguir tomando Decarix Inj 1 Ml?<\/strong><\/h3>\n\n\n\n<p>El per\u00edodo de tratamiento suele ser corto con&nbsp;<strong>la inyecci\u00f3n de Decarix<\/strong>&nbsp;. Su m\u00e9dico le indicar\u00e1 la duraci\u00f3n precisa del tratamiento y no debe exceder la recomendaci\u00f3n para garantizar la seguridad.<\/p>\n\n\n\n<h3 class=\"wp-block-heading\"><strong>\u00bfExiste alguna oferta para compra al por mayor de Decarix Inj 1 Ml?<\/strong><\/h3>\n\n\n\n<p>S\u00ed, tenemos ofertas y descuentos interesantes para pedidos al por mayor. Env\u00edenos sus consultas sobre el volumen de pedido requerido y nos comunicaremos con usted para ofrecerle las mejores ofertas disponibles en ese momento.<\/p>\n\n\n\n<h3 class=\"wp-block-heading\"><strong>\u00bfQu\u00e9 m\u00e9todos de pago aceptan?<\/strong><\/h3>\n\n\n\n<p>Puede pagar su pedido\u00a0<strong>de Decarix 250 mg\/ml<\/strong>\u00a0mediante transferencia bancaria para un procesamiento m\u00e1s r\u00e1pido. Es nuestro m\u00e9todo de pago preferido, entre otros.<\/p>\n\n\n\n<h3 class=\"wp-block-heading\"><strong>\u00bfC\u00f3mo puedo rastrear mi pedido?<\/strong><\/h3>\n\n\n\n<p>Realice un seguimiento de su pedido a trav\u00e9s del ID de seguimiento que se le enviar\u00e1 por correo electr\u00f3nico al momento del env\u00edo. Recibir\u00e1 actualizaciones por correo electr\u00f3nico a medida que cambie el estado de la entrega.<\/p>\n","protected":false},"excerpt":{"rendered":"Introducci\u00f3n de Decarix Inj 1 ml Decarix Inj 1 ml&nbsp;es una inyecci\u00f3n de esteroides para culturismo. Tiene decanoato de nandrolona como ingrediente clave y se comercializa como&nbsp;Deca Durabolin&nbsp;. Los culturistas buscan crecimiento y definici\u00f3n muscular, p\u00e9rdida de grasa, mayor fuerza y \u200b\u200bresistencia y mejor aguante. Decarix ofrece lo mismo y es muy popular entre los [&hellip;]","protected":false},"featured_media":48725,"template":"","meta":{"_glsr_average":0,"_glsr_ranking":0,"_glsr_reviews":0},"product_brand":[],"product_cat":[3936],"product_tag":[],"product_form":[4133],"class_list":{"0":"post-50381","1":"product","2":"type-product","3":"status-publish","4":"has-post-thumbnail","6":"product_cat-medicina-de-musculacion-fabricantes-en-india","7":"product_form-inyeccion-fabricante-en-india","9":"first","10":"instock","11":"shipping-taxable","12":"purchasable","13":"product-type-variable"},"_links":{"self":[{"href":"https:\/\/www.medsexporter.com\/es\/wp-json\/wp\/v2\/product\/50381","targetHints":{"allow":["GET"]}}],"collection":[{"href":"https:\/\/www.medsexporter.com\/es\/wp-json\/wp\/v2\/product"}],"about":[{"href":"https:\/\/www.medsexporter.com\/es\/wp-json\/wp\/v2\/types\/product"}],"wp:featuredmedia":[{"embeddable":true,"href":"https:\/\/www.medsexporter.com\/es\/wp-json\/wp\/v2\/media\/48725"}],"wp:attachment":[{"href":"https:\/\/www.medsexporter.com\/es\/wp-json\/wp\/v2\/media?parent=50381"}],"wp:term":[{"taxonomy":"product_brand","embeddable":true,"href":"https:\/\/www.medsexporter.com\/es\/wp-json\/wp\/v2\/product_brand?post=50381"},{"taxonomy":"product_cat","embeddable":true,"href":"https:\/\/www.medsexporter.com\/es\/wp-json\/wp\/v2\/product_cat?post=50381"},{"taxonomy":"product_tag","embeddable":true,"href":"https:\/\/www.medsexporter.com\/es\/wp-json\/wp\/v2\/product_tag?post=50381"},{"taxonomy":"product_form","embeddable":true,"href":"https:\/\/www.medsexporter.com\/es\/wp-json\/wp\/v2\/product_form?post=50381"}],"curies":[{"name":"wp","href":"https:\/\/api.w.org\/{rel}","templated":true}]}}