{"id":50287,"date":"2024-04-12T12:22:49","date_gmt":"2024-04-12T12:22:49","guid":{"rendered":"https:\/\/medsexporter.com\/product\/slimtop\/"},"modified":"2024-07-17T10:14:10","modified_gmt":"2024-07-17T10:14:10","slug":"slimtop","status":"publish","type":"product","link":"https:\/\/www.medsexporter.com\/es\/product\/slimtop\/","title":{"rendered":"Slimtop (Orlistat)"},"content":{"rendered":"\n<h2 class=\"wp-block-heading\"><strong>Descripci\u00f3n general de Slimtop (Orlistat)<\/strong><\/h2>\n\n\n\n<p><strong>Slimtop (Orlistat)<\/strong>&nbsp;es un medicamento para el tratamiento de la obesidad y la p\u00e9rdida de peso. Tambi\u00e9n puede encontrar este medicamento bajo la marca&nbsp;<strong>Xenical<\/strong>&nbsp;. Esta c\u00e1psula oral contiene Orlistat, un inhibidor de la lipasa, como ingrediente activo principal. Impide que los intestinos absorban el exceso de grasa presente en ciertos alimentos, lo que promueve que la grasa no absorbida se descarte del cuerpo a trav\u00e9s de las heces.<\/p>\n\n\n\n<p>Este medicamento est\u00e1 disponible en dosis de 60 mg y 120 mg recetadas a personas seg\u00fan sus objetivos de p\u00e9rdida de peso, condiciones m\u00e9dicas generales, otros problemas de salud, medicamentos en uso, etc.<\/p>\n\n\n\n<h2 class=\"wp-block-heading\"><strong>\u00bfCu\u00e1les son los usos de la c\u00e1psula Slimtop?<\/strong><\/h2>\n\n\n\n<p><strong>La c\u00e1psula Slimtop<\/strong>&nbsp;se utiliza principalmente para la p\u00e9rdida de peso y el control eficaz del peso. Por lo tanto, trata la obesidad y mejora la calidad de vida. Por lo tanto, se sugiere que a las personas con sobrepeso les resulta dif\u00edcil perder peso. Esta c\u00e1psula funciona mejor con una dieta con d\u00e9ficit de calor\u00edas y actividad f\u00edsica regular.<\/p>\n\n\n\n<h2 class=\"wp-block-heading\"><strong>Dosis disponibles<\/strong><\/h2>\n\n\n\n<ul class=\"wp-block-list\">\n<li><strong>Slimtop 60 mg<\/strong><\/li>\n\n\n\n<li><strong>Slimtop 120 mg<\/strong><\/li>\n<\/ul>\n\n\n\n<h2 class=\"wp-block-heading\"><strong>\u00bfC\u00f3mo funciona en tu cuerpo?<\/strong><\/h2>\n\n\n\n<p>Esta&nbsp;<strong>c\u00e1psula de orlistat<\/strong>&nbsp;pertenece a la clase de medicamentos inhibidores de la lipasa. Act\u00faa bloqueando la absorci\u00f3n de grasas de la dieta del usuario. Lentamente, reduce la ingesta de calor\u00edas al unirse con las enzimas digestivas del intestino. Orlistat evita la descomposici\u00f3n de las grasas de la dieta y las dirige hacia las heces. Se cree que este medicamento previene la absorci\u00f3n de grasas hasta en un 30%.<\/p>\n\n\n\n<h2 class=\"wp-block-heading\"><strong>Beneficios de la p\u00edldora para bajar de peso Slimtop<\/strong><\/h2>\n\n\n\n<p><strong>La p\u00edldora adelgazante<\/strong>&nbsp;Slimtop&nbsp;tiene importantes beneficios para las personas obesas, lo que permite una p\u00e9rdida de peso eficaz y un control del peso sostenible. A continuaci\u00f3n, se indican las primeras:<\/p>\n\n\n\n<ol start=\"1\" class=\"wp-block-list\">\n<li>Promueve una p\u00e9rdida de peso efectiva.<\/li>\n\n\n\n<li>Mejora la salud metab\u00f3lica<\/li>\n\n\n\n<li>Reduce el riesgo de problemas de salud relacionados con la obesidad (diabetes tipo 2, hipertensi\u00f3n, problemas card\u00edacos, etc.)<\/li>\n\n\n\n<li>Previene la absorci\u00f3n excesiva de grasas en la dieta.<\/li>\n\n\n\n<li>Ayuda a las personas a alcanzar un peso corporal ideal.<\/li>\n\n\n\n<li>Mejora el bienestar general<\/li>\n\n\n\n<li>Aumenta la confianza en s\u00ed mismos y la motivaci\u00f3n de los usuarios.<\/li>\n<\/ol>\n\n\n\n<h2 class=\"wp-block-heading\"><strong>\u00bfC\u00f3mo trata Slimtop la obesidad?<\/strong><\/h2>\n\n\n\n<p>Como se ha visto,&nbsp;<strong>Slimtop Orlistat<\/strong>&nbsp;act\u00faa sobre las grasas de la dieta y evita su absorci\u00f3n despu\u00e9s de consumir una determinada cantidad de grasa. Tambi\u00e9n reduce la ingesta de calor\u00edas, lo que en \u00faltima instancia promueve la p\u00e9rdida de peso. Esta acci\u00f3n es crucial para que las personas obesas pierdan peso y lo mantengan. Sin embargo, trata la obesidad como se espera solo cuando se combina con una dieta nutritiva y un estilo de vida activo.<\/p>\n\n\n\n<h2 class=\"wp-block-heading\"><strong>Mayorista confiable y seguro de c\u00e1psulas Slimtop<\/strong><\/h2>\n\n\n\n<p><strong>Medsexporter.com<\/strong>&nbsp;es uno de los mejores mayoristas con los que asociarse para comprar c\u00e1psulas Slimtop. Elegir un distribuidor confiable y seguro garantiza la autenticidad de los productos, lo ayuda a construir una reputaci\u00f3n en el nicho y a ganarse la confianza del usuario final. Si est\u00e1 dispuesto a comprar esta p\u00edldora para bajar de peso con una garant\u00eda de calidad del 100 %, podemos ayudarlo.<\/p>\n\n\n\n<h2 class=\"wp-block-heading\"><strong>Consiga las mejores ofertas en c\u00e1psulas Slimtop (Orlistat)<\/strong><\/h2>\n\n\n\n<p>La mayor\u00eda de distribuidores, proveedores y proveedores de atenci\u00f3n m\u00e9dica optan por las compras en l\u00ednea para beneficiarse de ofertas y descuentos personalizados.&nbsp;<strong>Medsexporter.com<\/strong>&nbsp;le ofrece c\u00e1psulas Slimtop a precios competitivos y con ofertas personalizadas para una asequibilidad \u00f3ptima. Haga que este medicamento de alto potencial est\u00e9 disponible f\u00e1cilmente para que m\u00e1s personas obesas se beneficien del mismo. \u00a1Env\u00ede sus consultas para obtener la cotizaci\u00f3n al mejor precio ahora!<\/p>\n\n\n\n<h2 class=\"wp-block-heading\"><strong>Servicio de entrega r\u00e1pido y preciso.<\/strong><\/h2>\n\n\n\n<p>Pida sus c\u00e1psulas para adelgazar Slimtop Orlistat con nosotros y le haremos experimentar lo que significa un servicio de entrega r\u00e1pido y preciso. Su medicamento llegar\u00e1 a su ubicaci\u00f3n de inmediato y en perfectas condiciones para que pueda administrar la cadena de suministro de manera eficaz y sostenible.<\/p>\n\n\n\n<h2 class=\"wp-block-heading\"><strong>Atenci\u00f3n al cliente 24 horas al d\u00eda, 7 d\u00edas a la semana<\/strong><\/h2>\n\n\n\n<p>\u00bfPor qu\u00e9 tener miedo cuando&nbsp;<strong>Medsexporter.com<\/strong>&nbsp;est\u00e1 aqu\u00ed? Atendemos sus consultas e inquietudes las 24 horas del d\u00eda, los 7 d\u00edas de la semana, para que no ocupen su mente y usted lleve una rutina libre de dudas.<\/p>\n\n\n\n<h2 class=\"wp-block-heading\"><strong>Preguntas frecuentes<\/strong><\/h2>\n\n\n\n<h3 class=\"wp-block-heading\"><strong>\u00bfCu\u00e1l es la dosis recomendada de Slimtop para bajar de peso?<\/strong><\/h3>\n\n\n\n<p>Slimtop 120 mg, tres veces al d\u00eda, es la dosis recomendada para bajar de peso. Se recomienda utilizarlo con cada comida rica en grasas. Sin embargo, siga las recomendaciones de dosis que le haya dado su m\u00e9dico.<\/p>\n\n\n\n<h3 class=\"wp-block-heading\"><strong>\u00bfEs seguro para mujeres embarazadas?<\/strong><\/h3>\n\n\n\n<p>Este medicamento para bajar de peso no se recomienda a mujeres embarazadas debido a los efectos negativos que puede tener sobre el beb\u00e9. Pregunte a su ginec\u00f3logo por medicamentos alternativos para bajar de peso que sean seguros durante el embarazo.<\/p>\n\n\n\n<h3 class=\"wp-block-heading\"><strong>\u00bfSe puede tomar la c\u00e1psula Slimtop con otros medicamentos?<\/strong><\/h3>\n\n\n\n<p>Puede tener interacciones con otros medicamentos. Hable sobre los medicamentos que est\u00e1 tomando y las posibles interacciones con otros medicamentos con su profesional de la salud antes de comenzar el tratamiento con este medicamento.<\/p>\n\n\n\n<h3 class=\"wp-block-heading\"><strong>\u00bfEs apto para cualquier edad?<\/strong><\/h3>\n\n\n\n<p>Este medicamento se suele recetar solo a adultos. No se ha establecido su seguridad y eficacia en ni\u00f1os menores de 18 a\u00f1os. Recomendamos consultar a un profesional sanitario autorizado antes de utilizar esta pastilla para adelgazar.<\/p>\n\n\n\n<h3 class=\"wp-block-heading\"><strong>\u00bfSe puede utilizar Slimtop para el control de peso a largo plazo?<\/strong><\/h3>\n\n\n\n<p>Slimtop es seguro para el control de peso a largo plazo solo bajo supervisi\u00f3n m\u00e9dica. Consulte al profesional de la salud a intervalos regulares para realizar un seguimiento de los objetivos de p\u00e9rdida de peso y garantizar la eficacia del medicamento en el uso a largo plazo.<\/p>\n\n\n\n<h3 class=\"wp-block-heading\"><strong>\u00bfQu\u00e9 m\u00e9todos de pago aceptan?<\/strong><\/h3>\n\n\n\n<p><strong>Medsexporter.com<\/strong>&nbsp;acepta transferencias bancarias para un procesamiento de pagos r\u00e1pido y seguro. Si tiene alguna duda o consulta relacionada con el m\u00e9todo de pago, comun\u00edquese de inmediato con nuestro servicio de atenci\u00f3n al cliente.<\/p>\n","protected":false},"excerpt":{"rendered":"Descripci\u00f3n general de Slimtop (Orlistat) Slimtop (Orlistat)&nbsp;es un medicamento para el tratamiento de la obesidad y la p\u00e9rdida de peso. Tambi\u00e9n puede encontrar este medicamento bajo la marca&nbsp;Xenical&nbsp;. Esta c\u00e1psula oral contiene Orlistat, un inhibidor de la lipasa, como ingrediente activo principal. Impide que los intestinos absorban el exceso de grasa presente en ciertos alimentos, [&hellip;]","protected":false},"featured_media":48371,"template":"","meta":{"_glsr_average":0,"_glsr_ranking":0,"_glsr_reviews":0},"product_brand":[],"product_cat":[4083,4081],"product_tag":[],"product_form":[4147],"class_list":{"0":"post-50287","1":"product","2":"type-product","3":"status-publish","4":"has-post-thumbnail","6":"product_cat-medicina-para-el-gestion-del-peso-fabricante-en-india","7":"product_cat-perdida-de-peso-de-drogas-fabricante-en-la-india","8":"product_form-fabricante-de-capsulas-en-la-india","10":"first","11":"instock","12":"shipping-taxable","13":"product-type-simple"},"_links":{"self":[{"href":"https:\/\/www.medsexporter.com\/es\/wp-json\/wp\/v2\/product\/50287","targetHints":{"allow":["GET"]}}],"collection":[{"href":"https:\/\/www.medsexporter.com\/es\/wp-json\/wp\/v2\/product"}],"about":[{"href":"https:\/\/www.medsexporter.com\/es\/wp-json\/wp\/v2\/types\/product"}],"wp:featuredmedia":[{"embeddable":true,"href":"https:\/\/www.medsexporter.com\/es\/wp-json\/wp\/v2\/media\/48371"}],"wp:attachment":[{"href":"https:\/\/www.medsexporter.com\/es\/wp-json\/wp\/v2\/media?parent=50287"}],"wp:term":[{"taxonomy":"product_brand","embeddable":true,"href":"https:\/\/www.medsexporter.com\/es\/wp-json\/wp\/v2\/product_brand?post=50287"},{"taxonomy":"product_cat","embeddable":true,"href":"https:\/\/www.medsexporter.com\/es\/wp-json\/wp\/v2\/product_cat?post=50287"},{"taxonomy":"product_tag","embeddable":true,"href":"https:\/\/www.medsexporter.com\/es\/wp-json\/wp\/v2\/product_tag?post=50287"},{"taxonomy":"product_form","embeddable":true,"href":"https:\/\/www.medsexporter.com\/es\/wp-json\/wp\/v2\/product_form?post=50287"}],"curies":[{"name":"wp","href":"https:\/\/api.w.org\/{rel}","templated":true}]}}