{"id":50068,"date":"2024-04-12T12:23:27","date_gmt":"2024-04-12T12:23:27","guid":{"rendered":"https:\/\/medsexporter.com\/product\/thyronorm-150-mcg\/"},"modified":"2024-07-13T09:22:44","modified_gmt":"2024-07-13T09:22:44","slug":"thyronorm-150-mcg","status":"publish","type":"product","link":"https:\/\/www.medsexporter.com\/es\/product\/thyronorm-150-mcg\/","title":{"rendered":"Thyronorm 150 mcg"},"content":{"rendered":"\n<h2 class=\"wp-block-heading\"><strong>Comprar Thyronorm 150 mcg (Tiroxina S\u00f3dica) al por mayor<\/strong><\/h2>\n\n\n\n<p>Tenemos algunas ofertas interesantes para Thyronorm 150 mcg tabletcompra al por mayor. Si usted es un mayorista, distribuidor farmac\u00e9utico o proveedor de atenci\u00f3n m\u00e9dica, siga leyendo.<\/p>\n\n\n\n<h2 class=\"wp-block-heading\"><strong>Breve descripci\u00f3n de Thyronorm 150 mcg comprimido<\/strong><\/h2>\n\n\n\n<p>Thyronorm 150 mcg es un comprimido para adelgazar que contiene tiroxina s\u00f3dica como principal principio activo. Comercializado bajo la marca Synthroid, es un medicamento muy eficaz tanto si se prescribe para perder peso como para mejorar los s\u00edntomas del hipotiroidismo. Restablece las funciones de la gl\u00e1ndula tiroides que desempe\u00f1an un papel vital en el control del peso de las personas y, por lo tanto, favorece una p\u00e9rdida de peso saludable.<\/p>\n\n\n\n<p>Nota: Los adultos obesos que busquen un remedio infalible para perder peso deben ponerse en contacto primero con el profesional sanitario. Busque orientaci\u00f3n m\u00e9dica antes de usar este medicamento.<\/p>\n\n\n\n<h2 class=\"wp-block-heading\"><strong>Usos de Thyronorm 150 mg comprimido<\/strong><\/h2>\n\n\n\n<p>El uso principal de este medicamento es la p\u00e9rdida de peso que ocurre como Thyroxine Sodium aumenta el metabolismo entre los usuarios. Tambi\u00e9n puede ser prescrito entre las personas diagnosticadas con hipotiroidismo es decir, trastorno de la gl\u00e1ndula tiroides hipoactiva.<\/p>\n\n\n\n<h2 class=\"wp-block-heading\"><strong>\u00bfC\u00f3mo funciona como pastilla para adelgazar?<\/strong><\/h2>\n\n\n\n<p>La tiroxina s\u00f3dica, el principal componente de este medicamento, imita la hormona que se produce de forma natural en el cuerpo humano. Controla y gestiona los niveles hormonales requeridos por la gl\u00e1ndula tiroides para funcionar de forma \u00f3ptima. El restablecimiento de las hormonas tiroideas a la normalidad, ayuda en la p\u00e9rdida de peso y ayuda en la gesti\u00f3n del peso ideal tambi\u00e9n. Algunos usuarios creen que este medicamento tambi\u00e9n provoca la p\u00e9rdida de grasa, siempre que se combine con una dieta adecuada, ejercicio y una rutina saludable.<\/p>\n\n\n\n<p>Pida ahora el suyo a un proveedor l\u00edder de medicamentos para la p\u00e9rdida de peso a precios razonables.<\/p>\n\n\n\n<h2 class=\"wp-block-heading\"><strong>\u00bfCu\u00e1les son las ventajas de tomar un comprimido de Thyronorm 150 mcg?<\/strong><\/h2>\n\n\n\n<p>Here are the benefits of using Thyronorm 150 mcg tablets as per the prescription:<\/p>\n\n\n\n<ul class=\"wp-block-list\">\n<li>Restablece los niveles normales de hormona tiroidea<\/li>\n\n\n\n<li>Regula la energ\u00eda<\/li>\n\n\n\n<li>Mejora el metabolismo<\/li>\n\n\n\n<li>Ayuda a perder peso<\/li>\n\n\n\n<li>Previene la fatiga<\/li>\n\n\n\n<li><a href=\"https:\/\/en.wikipedia.org\/wiki\/Stamina\" target=\"_blank\" rel=\"noreferrer noopener nofollow\"><\/a>Aumenta la resistencia<\/li>\n\n\n\n<li>Se cree que favorece en cierta medida la p\u00e9rdida de grasa<\/li>\n<\/ul>\n\n\n\n<h2 class=\"wp-block-heading\"><strong>Un proveedor online de confianza para comprar Thyronorm 150 mcg<\/strong><\/h2>\n\n\n\n<p>La elecci\u00f3n de un proveedor de confianza para comprar Thyronorm 150 mcg comprimidos desarrollar\u00e1 credibilidad y confianza entre los usuarios finales. Como distribuidor farmac\u00e9utico o proveedor de atenci\u00f3n sanitaria, tambi\u00e9n querr\u00e1 maximizar los beneficios, lo que es posible sin comprometer la calidad solo con proveedores fiables.<\/p>\n\n\n\n<h2 class=\"wp-block-heading\"><strong>Precios personalizados y basados en la ciencia de datos<\/strong><\/h2>\n\n\n\n<p>El modelo de precios personalizado y basado en la ciencia de datos adoptado por nosotros como Thyronorm 150 mcg Exportador ha facilitado nuestras vidas como nada. Como comprador, usted espera descuentos especiales como un bono de fidelidad y ofrecemos la misma. Adem\u00e1s, sus ofertas promocionales y ofertas se elaboran exclusivamente para usted. Los datos perspicaces nos ayudan a determinar su volumen de la orden y nosotros as\u00ed que dan las mejores ofertas posibles seg\u00fan sus preferencias.<\/p>\n\n\n\n<h2 class=\"wp-block-heading\"><strong>Obtenga un servicio de env\u00edo r\u00e1pido y seguro<\/strong><\/h2>\n\n\n\n<p>Muchos proveedores no logran satisfacer la confianza del comprador con un embalaje y una manipulaci\u00f3n del transporte descuidados. Nosotros nunca dejaremos que esto le ocurra facilit\u00e1ndole un env\u00edo m\u00e1s r\u00e1pido en un embalaje seguro y discreto. Su paquete se manipular\u00e1 con cuidado durante todo el tr\u00e1nsito y le llegar\u00e1 listo para su env\u00edo o listo para su uso.<\/p>\n\n\n\n<h2 class=\"wp-block-heading\"><strong>Proceso de pago sencillo y r\u00e1pido<\/strong><\/h2>\n\n\n\n<p>El proceso de pago en MedsExporter.com apenas tarda unos minutos. Usted elige su modo de pago deseado de las numerosas opciones, y hacer el pago y el mensaje de confirmaci\u00f3n se mostrar\u00e1 en la pantalla. Es super ahorro de tiempo y ultra-eficiente para que pueda volver a participar en las actividades centrales del negocio.<\/p>\n\n\n\n<h2 class=\"wp-block-heading\"><strong>Atenci\u00f3n al cliente 24*7<\/strong><\/h2>\n\n\n\n<p>Creemos en la asistencia al cliente las 24 horas del d\u00eda porque nunca sabemos cu\u00e1ndo nos necesita. As\u00ed que ll\u00e1menos desde cualquier lugar y en cualquier momento, nuestros ejecutivos de atenci\u00f3n al cliente le ayudar\u00e1n en breve.<\/p>\n\n\n\n<h2 class=\"wp-block-heading\"><strong>Preguntas frecuentes<\/strong><\/h2>\n\n\n\n<h3 class=\"wp-block-heading\"><strong>\u00bfEs Thyronorm 150 mcg comprimido adecuado para la tiroides?<\/strong><\/h3>\n\n\n\n<p>S\u00ed, es uno de los mejores tratamientos para una gl\u00e1ndula tiroides hipoactiva, tambi\u00e9n conocida como hipotiroidismo. Este medicamento restaura los niveles de hormona tiroidea a los niveles deseados que la gl\u00e1ndula tiroides no puede producir de forma natural. Por lo tanto, ayuda en el funcionamiento \u00f3ptimo de la gl\u00e1ndula tiroides para regular el metabolismo y la energ\u00eda entre los pacientes.<\/p>\n\n\n\n<h3 class=\"wp-block-heading\"><strong>\u00bfEs seguro el uso prolongado de Thyronorm?<\/strong><\/h3>\n\n\n\n<p>Para el tratamiento del hipotiroidismo, este medicamento se utiliza sobre todo a largo plazo. El profesional sanitario ajustar\u00e1 la dosis cuando sea necesario. En caso de p\u00e9rdida de peso, deber\u00e1 continuar con la dosis durante el tiempo prescrito y optar por un seguimiento a intervalos regulares para una eficacia \u00f3ptima.<\/p>\n\n\n\n<h3 class=\"wp-block-heading\"><strong>\u00bfA qu\u00e9 edad se puede tomar Thyronorm 150 comprimidos para adelgazar?<\/strong><\/h3>\n\n\n\n<p>Por lo general, los comprimidos de tiroxina s\u00f3dica pueden recetarse a cualquier persona (ni\u00f1os o adultos) en funci\u00f3n de su edad, peso, problemas de salud subyacentes y necesidades m\u00e9dicas. P\u00f3ngase en contacto con su m\u00e9dico para determinar la edad adecuada.<\/p>\n\n\n\n<h3 class=\"wp-block-heading\"><strong>\u00bfQu\u00e9 debo hacer si me salto una dosis de Thyronorm 150 mcg?<\/strong><\/h3>\n\n\n\n<p>Thyronorm Thyroxine Sodium comprimidos deben tomarse a tiempo para mantener los niveles de hormona tiroidea en el cuerpo. Si se olvida de tomar cualquier dosis, deber\u00e1 utilizarlo inmediatamente como se le recuerda. La condici\u00f3n es &#8211; usted todav\u00eda tiene el est\u00f3mago vac\u00edo y es lo primero que va a utilizar para el d\u00eda. De lo contrario, su eficacia no ser\u00e1 la misma.<\/p>\n\n\n\n<h3 class=\"wp-block-heading\"><strong>\u00bfQu\u00e9 debo evitar mientras tomo el comprimido de tiroxina s\u00f3dica?<\/strong><\/h3>\n\n\n\n<p>Los alimentos ricos en calcio, como la leche con alto contenido en grasa, el yogur, el br\u00f3coli, el queso, etc. pueden afectar a la absorci\u00f3n de la hormona tiroidea y es mejor evitarlos mientras se utilizan los comprimidos de Thyronorm.<\/p>\n\n\n\n<h3 class=\"wp-block-heading\"><strong>\u00bfPuedo hacer un seguimiento de mi pedido?<\/strong><\/h3>\n\n\n\n<p>S\u00ed, podr\u00e1 hacer un seguimiento de su pedido mientras est\u00e9 con nosotros. Le enviaremos un enlace de seguimiento por correo electr\u00f3nico con el que podr\u00e1 seguir la evoluci\u00f3n del pedido.<\/p>\n\n\n\n<h2 class=\"wp-block-heading\">Otras dosis de Thyronorm son:<\/h2>\n\n\n\n<p><strong>Thyronorm 12,5 mcg | Thyronorm 25 mcg | Thyronorm 50 mcg | Thyronorm 100mcg | Thyronorm 112 mcg | Thyronorm 125 mcg<\/strong><\/p>\n","protected":false},"excerpt":{"rendered":"Comprar Thyronorm 150 mcg (Tiroxina S\u00f3dica) al por mayor Tenemos algunas ofertas interesantes para Thyronorm 150 mcg tabletcompra al por mayor. Si usted es un mayorista, distribuidor farmac\u00e9utico o proveedor de atenci\u00f3n m\u00e9dica, siga leyendo. Breve descripci\u00f3n de Thyronorm 150 mcg comprimido Thyronorm 150 mcg es un comprimido para adelgazar que contiene tiroxina s\u00f3dica como [&hellip;]","protected":false},"featured_media":48361,"template":"","meta":{"_glsr_average":0,"_glsr_ranking":0,"_glsr_reviews":0},"product_brand":[],"product_cat":[4083,4081],"product_tag":[],"product_form":[4097],"class_list":{"0":"post-50068","1":"product","2":"type-product","3":"status-publish","4":"has-post-thumbnail","6":"product_cat-medicina-para-el-gestion-del-peso-fabricante-en-india","7":"product_cat-perdida-de-peso-de-drogas-fabricante-en-la-india","8":"product_form-fabricante-de-tabletas-en-india","10":"first","11":"instock","12":"shipping-taxable","13":"purchasable","14":"product-type-variable"},"_links":{"self":[{"href":"https:\/\/www.medsexporter.com\/es\/wp-json\/wp\/v2\/product\/50068","targetHints":{"allow":["GET"]}}],"collection":[{"href":"https:\/\/www.medsexporter.com\/es\/wp-json\/wp\/v2\/product"}],"about":[{"href":"https:\/\/www.medsexporter.com\/es\/wp-json\/wp\/v2\/types\/product"}],"wp:featuredmedia":[{"embeddable":true,"href":"https:\/\/www.medsexporter.com\/es\/wp-json\/wp\/v2\/media\/48361"}],"wp:attachment":[{"href":"https:\/\/www.medsexporter.com\/es\/wp-json\/wp\/v2\/media?parent=50068"}],"wp:term":[{"taxonomy":"product_brand","embeddable":true,"href":"https:\/\/www.medsexporter.com\/es\/wp-json\/wp\/v2\/product_brand?post=50068"},{"taxonomy":"product_cat","embeddable":true,"href":"https:\/\/www.medsexporter.com\/es\/wp-json\/wp\/v2\/product_cat?post=50068"},{"taxonomy":"product_tag","embeddable":true,"href":"https:\/\/www.medsexporter.com\/es\/wp-json\/wp\/v2\/product_tag?post=50068"},{"taxonomy":"product_form","embeddable":true,"href":"https:\/\/www.medsexporter.com\/es\/wp-json\/wp\/v2\/product_form?post=50068"}],"curies":[{"name":"wp","href":"https:\/\/api.w.org\/{rel}","templated":true}]}}