{"id":50060,"date":"2024-05-08T06:17:21","date_gmt":"2024-05-08T06:17:21","guid":{"rendered":"https:\/\/medsexporter.com\/product\/testorix-e\/"},"modified":"2024-07-16T09:04:45","modified_gmt":"2024-07-16T09:04:45","slug":"testorix-e","status":"publish","type":"product","link":"https:\/\/www.medsexporter.com\/es\/product\/testorix-e\/","title":{"rendered":"Test\u00f3rix E"},"content":{"rendered":"\n<h2 class=\"wp-block-heading\"><strong>Breve introducci\u00f3n a Testrix E<\/strong><\/h2>\n\n\n\n<p>Testorix E es un f\u00e1rmaco esteroide androg\u00e9nico y anabolizante utilizado principalmente por culturistas. Tambi\u00e9n se prescribe entre los pacientes que requieren terapia de reemplazo de andr\u00f3genos o suplementos de testosterona para mejorar sus niveles bajos de testosterona.<\/p>\n\n\n\n<p>Usted encontrar\u00e1 esta droga por el nombre de marca Xyosted. Contiene testosterona enantato como el ingrediente principal que imita la hormona natural en el cuerpo. Este esteroide inyectable est\u00e1 disponible en 250mg\/ml fuerza de dosificaci\u00f3n. Es la dosis est\u00e1ndar para impulsar el crecimiento muscular, mejorar la fuerza y restaurar el equilibrio hormonal.<\/p>\n\n\n\n<h2 class=\"wp-block-heading\"><strong>\u00bfC\u00f3mo funciona?<\/strong><\/h2>\n\n\n\n<p>Testorix E 250mg\/ml inyectable contiene testosterona enantato como ingrediente clave, que es un esteroide anab\u00f3lico. Funciona imitando la testosterona que se produce de forma natural en el cuerpo. Para ayudar a las personas a alcanzar sus objetivos de culturismo, primero se une con los receptores de andr\u00f3genos y estimula la s\u00edntesis de prote\u00ednas de las c\u00e9lulas musculares. A continuaci\u00f3n, va a mejorar la capacidad de retenci\u00f3n de nitr\u00f3geno de los m\u00fasculos para promover la masa muscular r\u00e1pidamente. Por lo tanto, conduce a un crecimiento muscular m\u00e1s r\u00e1pido y permite la construcci\u00f3n de un f\u00edsico tonificado.<\/p>\n\n\n\n<p>A los hombres que padecen hipogonadismo o niveles bajos de testosterona se les suele recetar este inyectable para restablecer el equilibrio hormonal mediante una terapia de sustituci\u00f3n androg\u00e9nica con este f\u00e1rmaco. Aumenta los niveles de testosterona y los restaura a niveles normales, descartando as\u00ed las quejas de hipogonadismo.<\/p>\n\n\n\n<h2 class=\"wp-block-heading\"><strong>Testorix E &#8211; Usos<\/strong><\/h2>\n\n\n\n<p>Testorix E Inyecci\u00f3n se utiliza para:<\/p>\n\n\n\n<ul class=\"wp-block-list\">\n<li>Culturismo &#8211; Potencia el crecimiento muscular, aumenta la fuerza y mejora la resistencia.<\/li>\n\n\n\n<li>Terapia de sustituci\u00f3n androg\u00e9nica &#8211; Regula los niveles de testosterona a la normalidad, mejorando as\u00ed el estado de \u00e1nimo y la energ\u00eda. En general, mejora la calidad de vida.<\/li>\n<\/ul>\n\n\n\n<h2 class=\"wp-block-heading\"><strong>\u00bfCu\u00e1les son los beneficios de una inyecci\u00f3n de Testorix E?<\/strong><\/h2>\n\n\n\n<ul class=\"wp-block-list\">\n<li>Estimula el crecimiento y la fuerza muscular<\/li>\n\n\n\n<li>Mejora la resistencia<\/li>\n\n\n\n<li>Mejora el rendimiento deportivo general<\/li>\n\n\n\n<li>Mejora el estado de \u00e1nimo y los niveles de energ\u00eda<\/li>\n\n\n\n<li>Restablece el equilibrio hormonal<\/li>\n\n\n\n<li>Optimiza la libido y la salud sexual en general<\/li>\n<\/ul>\n\n\n\n<h2 class=\"wp-block-heading\"><strong>Mayorista de confianza para comprar Testorix E<\/strong><\/h2>\n\n\n\n<p>MedsExporter.com se puede confiar no s\u00f3lo como un mayorista, pero uno de los mejores Testorix E Exportador ya que estamos enviando este medicamento en todo el mundo. Recomendamos encarecidamente la compra de sus suplementos de salud en l\u00ednea de los vendedores genuinos y autorizados solamente. Y estamos contentos de estar entre los favoritos de numerosos culturistas hasta la fecha.<\/p>\n\n\n\n<h2 class=\"wp-block-heading\"><strong>\u00bfHay alguna oferta para su compra al por mayor?<\/strong><\/h2>\n\n\n\n<p>Somos uno de los principales proveedores de suplementos de culturismo y siempre ofrecemos ofertas en compras al por mayor. Compru\u00e9belas desplaz\u00e1ndose hacia arriba o simplemente visitando la p\u00e1gina de inicio. Los descuentos exclusivos para compradores se pueden obtener durante el proceso de compra.<\/p>\n\n\n\n<h2 class=\"wp-block-heading\"><strong>\u00bfQu\u00e9 m\u00e9todos de pago aceptan?<\/strong><\/h2>\n\n\n\n<p>Como antiguo mayorista de Testorix E Injection, damos prioridad a la tramitaci\u00f3n r\u00e1pida de los pedidos. Por lo tanto, preferimos pedidos prepagados para evitar inconvenientes m\u00e1s adelante y la transferencia bancaria parece perfecta como modo de pago.<\/p>\n\n\n\n<h2 class=\"wp-block-heading\"><strong>Obtenga un servicio de entrega r\u00e1pido y preciso<\/strong><\/h2>\n\n\n\n<p>Testosterone Enanthate Steroid es algo que usted no puede esperar para usar y nosotros aseguramos una entrega m\u00e1s r\u00e1pida, segura y precisa de este medicamento. Hicimos hincapi\u00e9 en cero errores durante la entrega, lo que garantiza la eficiencia de los procesos de entrega y sin problemas en torno a las \u00f3rdenes que faltan \/ entregas equivocadas.<\/p>\n\n\n\n<h2 class=\"wp-block-heading\"><strong>Atenci\u00f3n al cliente 24*7<\/strong><\/h2>\n\n\n\n<p>\u00bfTiene algo en mente sobre la cotizaci\u00f3n de pedidos al por mayor? \u00bfDesea obtener informaci\u00f3n sobre el seguimiento de su pedido? \u00bfTiene alguna duda sobre c\u00f3mo modificar su pedido? Le escuchamos 24 horas al d\u00eda, 7 d\u00edas a la semana. No dude en ponerse en contacto con nosotros para comentarnos cualquier cosa. Nuestro equipo le responder\u00e1 lo antes posible.<\/p>\n\n\n\n<h2 class=\"wp-block-heading\"><strong>Preguntas frecuentes<\/strong><\/h2>\n\n\n\n<h3 class=\"wp-block-heading\"><strong>\u00bfPueden las mujeres utilizar Testorix E Injection para el culturismo?<\/strong><\/h3>\n\n\n\n<p>Las mujeres deben evitar el uso de suplementos de culturismo, incluyendo esta inyecci\u00f3n de esteroides anab\u00f3licos, debido al alto riesgo de virilizaci\u00f3n.<\/p>\n\n\n\n<h3 class=\"wp-block-heading\"><strong>\u00bfEs Testorix E adecuado para deportistas?<\/strong><\/h3>\n\n\n\n<p>S\u00ed, los atletas pueden esperar la inyecci\u00f3n de Testorix E para mejorar su rendimiento f\u00edsico. Sin embargo, es esencial verificar si las autoridades deportivas permiten el uso de este medicamento antes de los torneos\/competiciones.<\/p>\n\n\n\n<h3 class=\"wp-block-heading\"><strong>\u00bfQu\u00e9 suplementos deben evitarse al tomarla?<\/strong><\/h3>\n\n\n\n<p>Evita tomar cualquier suplemento de culturismo con testosterona o cualquier esteroide anab\u00f3lico similar a \u00e9ste mientras est\u00e9s tomando Testorix E. Es vital realizar esta comprobaci\u00f3n para evitar cualquier reacci\u00f3n adversa o desequilibrios hormonales graves.<\/p>\n\n\n\n<h3 class=\"wp-block-heading\"><strong>\u00bfCu\u00e1nto duran los efectos de Testorix E en el organismo?<\/strong><\/h3>\n\n\n\n<p>Aproximadamente, la eficacia de este medicamento dura hasta dos o tres semanas. Este tiempo de duraci\u00f3n var\u00eda seg\u00fan la dosis y el metabolismo del usuario.<\/p>\n\n\n\n<h3 class=\"wp-block-heading\"><strong>\u00bfHay instrucciones especiales para su conservaci\u00f3n?<\/strong><\/h3>\n\n\n\n<p>Guarda tu alijo de Testorix E a temperatura ambiente normal. Mant\u00e9ngalo alejado de la luz solar directa y de la humedad. Especialmente, gu\u00e1rdelo fuera del alcance de los ni\u00f1os.<\/p>\n\n\n\n<h3 class=\"wp-block-heading\"><strong>\u00bfC\u00f3mo puedo hacer el seguimiento de mi pedido?<\/strong><\/h3>\n\n\n\n<p>MedsExporter.com tiene un sistema de seguimiento de pedidos racionalizado en el que los compradores son enviados por correo electr\u00f3nico con un enlace de seguimiento de pedidos, una vez enviado.<\/p>\n","protected":false},"excerpt":{"rendered":"Breve introducci\u00f3n a Testrix E Testorix E es un f\u00e1rmaco esteroide androg\u00e9nico y anabolizante utilizado principalmente por culturistas. Tambi\u00e9n se prescribe entre los pacientes que requieren terapia de reemplazo de andr\u00f3genos o suplementos de testosterona para mejorar sus niveles bajos de testosterona. Usted encontrar\u00e1 esta droga por el nombre de marca Xyosted. Contiene testosterona enantato [&hellip;]","protected":false},"featured_media":48702,"template":"","meta":{"_glsr_average":0,"_glsr_ranking":0,"_glsr_reviews":0},"product_brand":[],"product_cat":[3936],"product_tag":[],"product_form":[4133],"class_list":{"0":"post-50060","1":"product","2":"type-product","3":"status-publish","4":"has-post-thumbnail","6":"product_cat-medicina-de-musculacion-fabricantes-en-india","7":"product_form-inyeccion-fabricante-en-india","9":"first","10":"instock","11":"shipping-taxable","12":"purchasable","13":"product-type-variable"},"_links":{"self":[{"href":"https:\/\/www.medsexporter.com\/es\/wp-json\/wp\/v2\/product\/50060","targetHints":{"allow":["GET"]}}],"collection":[{"href":"https:\/\/www.medsexporter.com\/es\/wp-json\/wp\/v2\/product"}],"about":[{"href":"https:\/\/www.medsexporter.com\/es\/wp-json\/wp\/v2\/types\/product"}],"wp:featuredmedia":[{"embeddable":true,"href":"https:\/\/www.medsexporter.com\/es\/wp-json\/wp\/v2\/media\/48702"}],"wp:attachment":[{"href":"https:\/\/www.medsexporter.com\/es\/wp-json\/wp\/v2\/media?parent=50060"}],"wp:term":[{"taxonomy":"product_brand","embeddable":true,"href":"https:\/\/www.medsexporter.com\/es\/wp-json\/wp\/v2\/product_brand?post=50060"},{"taxonomy":"product_cat","embeddable":true,"href":"https:\/\/www.medsexporter.com\/es\/wp-json\/wp\/v2\/product_cat?post=50060"},{"taxonomy":"product_tag","embeddable":true,"href":"https:\/\/www.medsexporter.com\/es\/wp-json\/wp\/v2\/product_tag?post=50060"},{"taxonomy":"product_form","embeddable":true,"href":"https:\/\/www.medsexporter.com\/es\/wp-json\/wp\/v2\/product_form?post=50060"}],"curies":[{"name":"wp","href":"https:\/\/api.w.org\/{rel}","templated":true}]}}