{"id":50049,"date":"2024-04-12T12:22:53","date_gmt":"2024-04-12T12:22:53","guid":{"rendered":"https:\/\/medsexporter.com\/product\/thyronorm-88-mcg\/"},"modified":"2024-07-13T07:38:16","modified_gmt":"2024-07-13T07:38:16","slug":"thyronorm-88-mcg","status":"publish","type":"product","link":"https:\/\/www.medsexporter.com\/es\/product\/thyronorm-88-mcg\/","title":{"rendered":"Thyronorm 88 mcg"},"content":{"rendered":"\n<h2 class=\"wp-block-heading\"><strong>Thyronorm 88 mcg Tableta Usos, Efectos Secundarios, Precio<\/strong><\/h2>\n\n\n\n<p>Thyronorm 88 mcg se comercializa bajo la marca Synthroid Es un conocido medicamento utilizado para el tratamiento de la p\u00e9rdida de peso y el hipotiroidismo. La capacidad de producci\u00f3n de Thyronorm, 88 mcg de 1 mill\u00f3n de comprimidos al mes, garantiza un suministro y entrega eficientes a los centros sanitarios y proporciona un tratamiento oportuno a los pacientes. Debido a su nombre comercial, tambi\u00e9n se conoce como comprimido Synthroid.<\/p>\n\n\n\n<p>Est\u00e1 compuesto por el principio activo, la Tironormtiroxina s\u00f3dica, que es importante para regular el metabolismo del organismo.<\/p>\n\n\n\n<h2 class=\"wp-block-heading\"><strong>\u00bfPara qu\u00e9 se utiliza el comprimido de 88 mcg de Thyronorm?<\/strong><\/h2>\n\n\n\n<p>Hay usos vers\u00e1tiles de Thyronorm 88 mcg como sigue<\/p>\n\n\n\n<ul class=\"wp-block-list\">\n<li>P\u00e9rdida de peso- Este medicamento se utiliza para aumentar la tasa metab\u00f3lica del cuerpo humano y les ayuda a reducir su peso.<\/li>\n\n\n\n<li>Hipotiroidismo &#8211; El ingrediente activo del comprimido de 88 mcg de Thyronorm normaliza las funciones corporales y reduce s\u00edntomas como el aumento de peso, la fatiga y la depresi\u00f3n. De esta manera, inhibe las hormonas tiroideas y ayuda a tratar el hipotiroidismo.<\/li>\n<\/ul>\n\n\n\n<h2 class=\"wp-block-heading\"><strong>\u00bfC\u00f3mo reacciona con tu cuerpo?<\/strong><\/h2>\n\n\n\n<p>Thyronorm 88 mcg funciona con el principio activo, Tiroxina S\u00f3dica. Una vez consumido, se convierte en la forma activa, triyodotironina, que interact\u00faa con los receptores tiroideos en varios tejidos. Aumenta la tasa metab\u00f3lica, mejora la s\u00edntesis de prote\u00ednas y regula el desarrollo y el crecimiento. Reduce los s\u00edntomas del hipotiroidismo y ayuda a reducir el peso.<\/p>\n\n\n\n<h2 class=\"wp-block-heading\"><strong>Beneficios de Thyronorm 88mcg medicamento para la p\u00e9rdida de peso<\/strong><\/h2>\n\n\n\n<p>El uso de Thyronorm 88 mcg (comprimido de tiroxina s\u00f3dica) tiene varias ventajas<\/p>\n\n\n\n<ul class=\"wp-block-list\">\n<li>Aumento del metabolismo- Thyronorm 88 mcg aumenta la tasa metab\u00f3lica, quema calor\u00edas y ayuda a reducir peso.<\/li>\n\n\n\n<li>Mejor claridad mental- Este medicamento para la p\u00e9rdida de peso regula los niveles de la hormona tiroidea y mejora su claridad mental.<\/li>\n\n\n\n<li>Regula las funciones corporales &#8211; Mantiene las funciones corporales asegurando los niveles hormonales y promoviendo el bienestar.<\/li>\n\n\n\n<li>Mejorar los niveles de energ\u00eda- Thyronorm tableta restaura sus niveles normales de energ\u00eda, reduce la fatiga, y le ayuda en el tratamiento del hipotiroidismo.<\/li>\n<\/ul>\n\n\n\n<h2 class=\"wp-block-heading\"><strong>Conexi\u00f3n con el proveedor de Thyronorm 88mcg (Thyroxine Sodium)<\/strong><\/h2>\n\n\n\n<p>La conexi\u00f3n de Thyronorm 88mcg con el proveedor garantiza el suministro constante de este medicamento para el sector sanitario. Nosotros, como la tiroxina s\u00f3dica fiable fabricante le garantiza que este medicamento cumple con las normas de seguridad y calidad y cuida de la salud del paciente.<\/p>\n\n\n\n<p>Usted puede llegar f\u00e1cilmente a nosotros, por visitar nuestro sitio web, MedsExporter.com. Nuestro sitio web le da una descripci\u00f3n detallada acerca de este medicamento, disponibilidad, etc.<\/p>\n\n\n\n<h2 class=\"wp-block-heading\"><strong>Obtenga un env\u00edo r\u00e1pido y preciso de Thyronorm 88mcg comprimidos para control de peso<\/strong><\/h2>\n\n\n\n<p>Es importante garantizar la entrega precisa y oportuna de Thyronorm comprimidos para adelgazar para mantener el tratamiento a tiempo. Proporcionamos servicios de suministro r\u00e1pido para este medicamento, rastreamos sus pedidos y garantizamos una s\u00f3lida atenci\u00f3n al cliente.<\/p>\n\n\n\n<h2 class=\"wp-block-heading\"><strong>M\u00e9todo de pago sencillo y r\u00e1pido<\/strong><\/h2>\n\n\n\n<p>Le ofrecemos opciones de pago f\u00e1cil y ahorro de tiempo al comprar Thyronorm 88mcg de nosotros. Aceptamos el m\u00e9todo de pago de transferencia bancaria, a trav\u00e9s del cual usted puede hacer los pagos y realizar el pedido de Thyronorm 88mcg en MedsExporter.com.<\/p>\n\n\n\n<h2 class=\"wp-block-heading\"><strong>Condiciones de conservaci\u00f3n recomendadas &#8211; Thyronorm 88 Comprimido de tiroxina s\u00f3dica<\/strong><\/h2>\n\n\n\n<p>Es importante almacenar adecuadamente el Thyronorm 88 para mantener su eficacia durante mucho tiempo. Estos son los consejos de almacenamiento recomendados<\/p>\n\n\n\n<ul class=\"wp-block-list\">\n<li>Debe almacenarse a una temperatura de entre 15 y 30 grados cent\u00edgrados.<\/li>\n\n\n\n<li>Debe guardarlo en un lugar seco<\/li>\n\n\n\n<li>Mant\u00e9ngalo alejado de la luz solar directa<\/li>\n\n\n\n<li>Conserve siempre este medicamento en su envase original para evitar su degradaci\u00f3n<\/li>\n<\/ul>\n\n\n\n<h2 class=\"wp-block-heading\"><strong>Atenci\u00f3n al cliente 24*7<\/strong><\/h2>\n\n\n\n<p>Los proveedores de Thyronorm 88 mcg prestan asistencia a los clientes las 24 horas del d\u00eda para atender sus consultas y resolverlas. Ya sea en relaci\u00f3n con la dosis, los efectos secundarios o el seguimiento del pedido, su equipo de soporte especializado ayuda a los pacientes a tiempo.<\/p>\n\n\n\n<h2 class=\"wp-block-heading\"><strong>Preguntas frecuentes<\/strong><\/h2>\n\n\n\n<h3 class=\"wp-block-heading\"><strong><strong>\u00bfCon qu\u00e9 frecuencia debo tomar Thyronorm 88 mcg comprimido al d\u00eda?<\/strong><\/strong><\/h3>\n\n\n\n<p>Se recomienda tomar el comprimido de 88 mcg de Thyronorm una vez al d\u00eda, normalmente por la ma\u00f1ana, con el est\u00f3mago vac\u00edo.<\/p>\n\n\n\n<h3 class=\"wp-block-heading\"><strong>\u00bfEs seguro para las mujeres embarazadas?<\/strong><\/h3>\n\n\n\n<p>S\u00ed, Thyronorm 88 mcg es seguro para las mujeres embarazadas, pero bajo la supervisi\u00f3n de un m\u00e9dico. Se sugiere que las mujeres embarazadas consulten con su m\u00e9dico antes de empezar a usar este medicamento porque los niveles de tiroides deben mantenerse durante el embarazo.<\/p>\n\n\n\n<h3 class=\"wp-block-heading\"><strong>\u00bfCu\u00e1nto dura?<\/strong><\/h3>\n\n\n\n<p>Los medicamentos Thyronorm 88 mcg pueden tardar algunas semanas en reducir los s\u00edntomas y adaptarse a nuestro organismo.<\/p>\n\n\n\n<h3 class=\"wp-block-heading\"><strong>\u00bfEs seguro para un uso prolongado?<\/strong><\/h3>\n\n\n\n<p>S\u00ed, es seguro consumir el comprimido de 88 mcg de Thyronorm a largo plazo porque est\u00e1 aprobado por la FDA y consultado por m\u00e9dicos de atenci\u00f3n sanitaria.<\/p>\n\n\n\n<h3 class=\"wp-block-heading\"><strong>\u00bfExiste alguna oferta para la compra al por mayor de comprimidos de Thyronorm?<\/strong><\/h3>\n\n\n\n<p>S\u00ed, le damos descuentos y ofertas en compras a granel de Thyronorm 88 mcg tabletas. Para obtener m\u00e1s detalles, usted debe visitar nuestro sitio web MedsExporter.com, obtener detalles de precios, conocer las ofertas actuales y descuentos en Thyronorm 88mcg, y realizar su pedido.<\/p>\n\n\n\n<h3 class=\"wp-block-heading\"><strong>\u00bfC\u00f3mo puedo hacer el seguimiento de mi pedido?<\/strong><\/h3>\n\n\n\n<p>Puede realizar f\u00e1cilmente el seguimiento de su pedido de Thyronorm 88 mcg utilizando el ID de seguimiento que le proporcionamos. Puede introducir el ID para acceder a las herramientas de seguimiento en l\u00ednea con el sitio web, que le permite realizar un seguimiento de los pedidos.<\/p>\n","protected":false},"excerpt":{"rendered":"Thyronorm 88 mcg Tableta Usos, Efectos Secundarios, Precio Thyronorm 88 mcg se comercializa bajo la marca Synthroid Es un conocido medicamento utilizado para el tratamiento de la p\u00e9rdida de peso y el hipotiroidismo. La capacidad de producci\u00f3n de Thyronorm, 88 mcg de 1 mill\u00f3n de comprimidos al mes, garantiza un suministro y entrega eficientes a [&hellip;]","protected":false},"featured_media":48363,"template":"","meta":{"_glsr_average":0,"_glsr_ranking":0,"_glsr_reviews":0},"product_brand":[],"product_cat":[4083,4081],"product_tag":[],"product_form":[4097],"class_list":{"0":"post-50049","1":"product","2":"type-product","3":"status-publish","4":"has-post-thumbnail","6":"product_cat-medicina-para-el-gestion-del-peso-fabricante-en-india","7":"product_cat-perdida-de-peso-de-drogas-fabricante-en-la-india","8":"product_form-fabricante-de-tabletas-en-india","10":"first","11":"instock","12":"shipping-taxable","13":"purchasable","14":"product-type-variable"},"_links":{"self":[{"href":"https:\/\/www.medsexporter.com\/es\/wp-json\/wp\/v2\/product\/50049","targetHints":{"allow":["GET"]}}],"collection":[{"href":"https:\/\/www.medsexporter.com\/es\/wp-json\/wp\/v2\/product"}],"about":[{"href":"https:\/\/www.medsexporter.com\/es\/wp-json\/wp\/v2\/types\/product"}],"wp:featuredmedia":[{"embeddable":true,"href":"https:\/\/www.medsexporter.com\/es\/wp-json\/wp\/v2\/media\/48363"}],"wp:attachment":[{"href":"https:\/\/www.medsexporter.com\/es\/wp-json\/wp\/v2\/media?parent=50049"}],"wp:term":[{"taxonomy":"product_brand","embeddable":true,"href":"https:\/\/www.medsexporter.com\/es\/wp-json\/wp\/v2\/product_brand?post=50049"},{"taxonomy":"product_cat","embeddable":true,"href":"https:\/\/www.medsexporter.com\/es\/wp-json\/wp\/v2\/product_cat?post=50049"},{"taxonomy":"product_tag","embeddable":true,"href":"https:\/\/www.medsexporter.com\/es\/wp-json\/wp\/v2\/product_tag?post=50049"},{"taxonomy":"product_form","embeddable":true,"href":"https:\/\/www.medsexporter.com\/es\/wp-json\/wp\/v2\/product_form?post=50049"}],"curies":[{"name":"wp","href":"https:\/\/api.w.org\/{rel}","templated":true}]}}