{"id":50029,"date":"2024-04-12T12:22:52","date_gmt":"2024-04-12T12:22:52","guid":{"rendered":"https:\/\/medsexporter.com\/product\/thyronorm-625-mcg\/"},"modified":"2024-07-13T07:07:12","modified_gmt":"2024-07-13T07:07:12","slug":"thyronorm-625-mcg","status":"publish","type":"product","link":"https:\/\/www.medsexporter.com\/es\/product\/thyronorm-625-mcg\/","title":{"rendered":"Thyronorm 62,5 mcg"},"content":{"rendered":"\n<h2 class=\"wp-block-heading\">Thyronorm 62,5 mcg Comprimido<\/h2>\n\n\n\n<p>Thyronorm 62,5 mcg, es el medicamento utilizado para tratar el hipotiroidismo y en el viaje de p\u00e9rdida de peso. Se comercializa bajo el nombre de marca, Synthroid. Se compone de ingrediente activo, tiroxina s\u00f3dica, y convertirse en el medicamento esencial para las farmacias y los m\u00e9dicos de la salud en todo el mundo. Tenemos una capacidad de suministro de 1 mill\u00f3n de comprimidos al mes y nos aseguramos de satisfacer las necesidades farmac\u00e9uticas mundiales.<\/p>\n\n\n\n<h2 class=\"wp-block-heading\"><strong>Thyronorm 62.5 mcg- Breve descripci\u00f3n<\/strong><\/h2>\n\n\n\n<p>Thyronorm 62,5 mcg comprimidos est\u00e1 compuesto por un principio activo, la tiroxina s\u00f3dica. Es una forma sint\u00e9tica de la hormona tiroidea tiroxina (T4). Este comprimido es esencial para los pacientes que padecen hipotiroidismo, un problema en el que la gl\u00e1ndula tiroides deja de producir hormonas tiroideas.<\/p>\n\n\n\n<p>El Thyronorm Thyroxine Sodium est\u00e1 disponible en 62,5 mg y ayuda a normalizar sus niveles de tiroides y asegurar el funcionamiento constante de los procesos metab\u00f3licos en el cuerpo.<\/p>\n\n\n\n<h2 class=\"wp-block-heading\"><strong>Otras dosis de Thyronorm son:<\/strong><\/h2>\n\n\n\n<p>Thyronorm 150 mcg (Tiroxina S\u00f3dica)<br>Thyronorm 112 mcg (Tiroxina S\u00f3dica)<br>Thyronorm 112 mcg (Tiroxina S\u00f3dica)<br>Thyronorm 100 mcg (Tiroxina S\u00f3dica)<br>Thyronorm 88 mcg (Tiroxina S\u00f3dica)<br>Thyronorm 75 mcg (Tiroxina S\u00f3dica)<br>Thyronorm 50 mcg (Tiroxina S\u00f3dica)<br>Thyronorm 25 mcg (Tiroxina S\u00f3dica)<\/p>\n\n\n\n<h2 class=\"wp-block-heading\"><strong>\u00bfPara qu\u00e9 se utiliza Thyronorm 62,5 mcg?<\/strong><\/h2>\n\n\n\n<p>Thyronorm 62,5 mcg se utiliza para las siguientes afecciones:<\/p>\n\n\n\n<ul class=\"wp-block-list\">\n<li>Hipotiroidismo: Este medicamento para la p\u00e9rdida de peso se utiliza para tratar la deficiencia de hormonas tiroideas en los pacientes y les ayuda a obtener alivio de Hipotiroidismo.<\/li>\n\n\n\n<li>Control del peso: Regula el nivel metab\u00f3lico del organismo y ayuda a controlar el peso.<\/li>\n<\/ul>\n\n\n\n<h2 class=\"wp-block-heading\"><strong>\u00bfC\u00f3mo funciona en su cuerpo?<\/strong><\/h2>\n\n\n\n<p>Thyronorm 62,5 mcg act\u00faa suplementando el organismo con tiroxina sint\u00e9tica, la misma que la hormona producida por la gl\u00e1ndula tiroides. La tiroxina desempe\u00f1a un papel importante en la producci\u00f3n de energ\u00eda, el metabolismo y la regulaci\u00f3n de la s\u00edntesis de prote\u00ednas. Cuando los pacientes toman este medicamento seg\u00fan la dosis correcta, les ayuda a mantener los niveles de hormona tiroidea y favorece su equilibrio metab\u00f3lico.<\/p>\n\n\n\n<h2 class=\"wp-block-heading\"><strong>\u00bfC\u00f3mo ayuda Thyronorm 62,5 mcg comprimido a controlar el peso?<\/strong><\/h2>\n\n\n\n<p>Thyronorm 62,5 mcg ayuda a controlar el peso:<\/p>\n\n\n\n<ul class=\"wp-block-list\">\n<li>Reduce la fatiga: Este comprimido de Tiroxina S\u00f3dica Hipotiroidismo mejora los niveles de energ\u00eda y potencia la actividad f\u00edsica.<\/li>\n\n\n\n<li>Reduce la fatiga: Este comprimido de Tiroxina S\u00f3dica para el Hipotiroidismo mejora los niveles de energ\u00eda y potencia la actividad f\u00edsica.<\/li>\n\n\n\n<li>Regula el apetito: Normaliza los niveles hormonales, ayuda a controlar el hambre y reduce la ingesta de alimentos.<\/li>\n<\/ul>\n\n\n\n<h2 class=\"wp-block-heading\"><strong>Beneficios del comprimido Thyronorm 62,5 mcg (Tiroxina s\u00f3dica)<\/strong><\/h2>\n\n\n\n<p>A continuaci\u00f3n se enumeran las ventajas de los comprimidos de tiroxina s\u00f3dica:<\/p>\n\n\n\n<ul class=\"wp-block-list\">\n<li>Control del peso: Favorece la funci\u00f3n metab\u00f3lica y ayuda a controlar el peso. Debido a este beneficio, es conocido como el comprimido Thyronorm para el control del peso.<\/li>\n\n\n\n<li>Mejora los niveles de energ\u00eda: Aumenta los niveles de energ\u00eda y reduce la fatiga.<\/li>\n\n\n\n<li>Equilibrio hormonal: Mantiene los niveles de hormonas tiroideas que son importantes para los movimientos y funciones f\u00edsicas.<\/li>\n\n\n\n<li>Suministro fiable: Nuestra capacidad de producci\u00f3n de Thyronorm 62,5 mcg garantiza un suministro fiable para la distribuci\u00f3n mundial.<\/li>\n\n\n\n<li>Marca de confianza- Este medicamento es un nombre de confianza en la p\u00e9rdida de peso.<\/li>\n<\/ul>\n\n\n\n<h2 class=\"wp-block-heading\"><strong>Mayorista de confianza en l\u00ednea de Thyronorm 62.5mcg<\/strong><\/h2>\n\n\n\n<p>Como mayorista de confianza de Thyronorm 62,5 mcg, cumplimos con los est\u00e1ndares de calidad y fiabilidad. Nuestro suministro robusto de este medicamento garantiza el env\u00edo inmediato a cl\u00ednicas, hospitales y farmacias y satisface sus necesidades de atenci\u00f3n m\u00e9dica.<\/p>\n\n\n\n<h2 class=\"wp-block-heading\"><strong>Opci\u00f3n de pago segura<\/strong><\/h2>\n\n\n\n<p>Damos prioridad a la comodidad y seguridad de los clientes. Nuestros sistemas de pago en l\u00ednea son seguros y est\u00e1n encriptados, ofrecen distintas opciones de pago a los clientes seg\u00fan sus necesidades y garantizan procedimientos de transacci\u00f3n fluidos.<\/p>\n\n\n\n<h2 class=\"wp-block-heading\"><strong>Obtenga el servicio de entrega r\u00e1pida en MedsExporter<\/strong><\/h2>\n\n\n\n<p>Como Fabricante de Tiroxina S\u00f3dica, disponemos de una s\u00f3lida red log\u00edstica dise\u00f1ada para completar los pedidos a tiempo y entregarlos a nuestros mayoristas. Nos asociamos con servicios de mensajer\u00eda de confianza para ofrecerle un servicio de entrega seguro y r\u00e1pido de este medicamento. Tambi\u00e9n tenemos el inventario de existencias completo a trav\u00e9s del cual hemos completado sus pedidos a granel a tiempo.<\/p>\n\n\n\n<h2 class=\"wp-block-heading\"><strong>Atenci\u00f3n al cliente 24*7<\/strong><\/h2>\n\n\n\n<p>Nuestro equipo de atenci\u00f3n al cliente est\u00e1 disponible 24 horas al d\u00eda, 7 d\u00edas a la semana, para ayudarle con sus consultas a tiempo. Si usted tiene alguna preocupaci\u00f3n o consulta relacionada con Thyronorm 62,5 mcg (tiroxina s\u00f3dica), puede ponerse en contacto con nuestro equipo de atenci\u00f3n al cliente y obtener una experiencia sin problemas.<\/p>\n\n\n\n<h2 class=\"wp-block-heading\">Preguntas frecuentes<\/h2>\n\n\n\n<h3 class=\"wp-block-heading\"><strong>\u00bfCu\u00e1nto tiempo se tarda en ver resultados?<\/strong><\/h3>\n\n\n\n<p>Los resultados de Thyronorm 62,5 mcg comienzan a aparecer despu\u00e9s de 1 \u00f3 2 horas de la ingesta, y se observan mejoras en los niveles de energ\u00eda, el rendimiento y los metabolismos.<\/p>\n\n\n\n<h3 class=\"wp-block-heading\"><strong>\u00bfPuedo tomarlo durante el embarazo o la lactancia?<\/strong><\/h3>\n\n\n\n<p>S\u00ed, puede ser seguro durante el embarazo o la lactancia.<\/p>\n\n\n\n<h3 class=\"wp-block-heading\"><strong>\u00bfPuedo dejar de tomar el comprimido de Thyronorm 62,5 mcg si me siento mejor?<\/strong><\/h3>\n\n\n\n<p>No, no deje de tomar los comprimidos de Thyronorm sin consultar a un m\u00e9dico. Si deja de tomarlo, puede alterar su equilibrio hormonal y aumentar la probabilidad de volver a experimentar s\u00edntomas.<\/p>\n\n\n\n<h3 class=\"wp-block-heading\"><strong>\u00bfCu\u00e1les son sus efectos secundarios?<\/strong><\/h3>\n\n\n\n<p>Los efectos secundarios m\u00e1s frecuentes del comprimido de 62,5 mcg de Thyronorm son p\u00e9rdida de peso, dolor de cabeza, nerviosismo y aumento del ritmo card\u00edaco. Si experimenta estos efectos secundarios, debe ponerse en contacto con un m\u00e9dico.<\/p>\n\n\n\n<h3 class=\"wp-block-heading\"><strong>\u00bfC\u00f3mo debo conservar Thyronorm 62,5 comprimidos?<\/strong><\/h3>\n\n\n\n<p>Se sugiere almacenar Thyronorm 62,5 comprimidos lejos de los ni\u00f1os y fuera de la vista. No lo almacene por encima de la temperatura de 25 \u00b0 C.<\/p>\n\n\n\n<h3 class=\"wp-block-heading\"><strong>\u00bfHay alguna oferta para la compra a granel de Thyronorm 62.5?<\/strong><\/h3>\n\n\n\n<p>S\u00ed, ofrecemos descuentos y ofertas en las compras al por mayor de Thyronorm 62.5. Para obtener m\u00e1s informaci\u00f3n sobre ofertas y descuentos, puede ponerse en contacto con nuestro equipo de ventas y obtener presupuestos personalizados seg\u00fan sus necesidades al por mayor.<\/p>\n","protected":false},"excerpt":{"rendered":"Thyronorm 62,5 mcg Comprimido Thyronorm 62,5 mcg, es el medicamento utilizado para tratar el hipotiroidismo y en el viaje de p\u00e9rdida de peso. Se comercializa bajo el nombre de marca, Synthroid. Se compone de ingrediente activo, tiroxina s\u00f3dica, y convertirse en el medicamento esencial para las farmacias y los m\u00e9dicos de la salud en todo [&hellip;]","protected":false},"featured_media":48360,"template":"","meta":{"_glsr_average":0,"_glsr_ranking":0,"_glsr_reviews":0},"product_brand":[],"product_cat":[4081,4083],"product_tag":[],"product_form":[4097],"class_list":{"0":"post-50029","1":"product","2":"type-product","3":"status-publish","4":"has-post-thumbnail","6":"product_cat-perdida-de-peso-de-drogas-fabricante-en-la-india","7":"product_cat-medicina-para-el-gestion-del-peso-fabricante-en-india","8":"product_form-fabricante-de-tabletas-en-india","10":"first","11":"instock","12":"shipping-taxable","13":"purchasable","14":"product-type-variable"},"_links":{"self":[{"href":"https:\/\/www.medsexporter.com\/es\/wp-json\/wp\/v2\/product\/50029","targetHints":{"allow":["GET"]}}],"collection":[{"href":"https:\/\/www.medsexporter.com\/es\/wp-json\/wp\/v2\/product"}],"about":[{"href":"https:\/\/www.medsexporter.com\/es\/wp-json\/wp\/v2\/types\/product"}],"wp:featuredmedia":[{"embeddable":true,"href":"https:\/\/www.medsexporter.com\/es\/wp-json\/wp\/v2\/media\/48360"}],"wp:attachment":[{"href":"https:\/\/www.medsexporter.com\/es\/wp-json\/wp\/v2\/media?parent=50029"}],"wp:term":[{"taxonomy":"product_brand","embeddable":true,"href":"https:\/\/www.medsexporter.com\/es\/wp-json\/wp\/v2\/product_brand?post=50029"},{"taxonomy":"product_cat","embeddable":true,"href":"https:\/\/www.medsexporter.com\/es\/wp-json\/wp\/v2\/product_cat?post=50029"},{"taxonomy":"product_tag","embeddable":true,"href":"https:\/\/www.medsexporter.com\/es\/wp-json\/wp\/v2\/product_tag?post=50029"},{"taxonomy":"product_form","embeddable":true,"href":"https:\/\/www.medsexporter.com\/es\/wp-json\/wp\/v2\/product_form?post=50029"}],"curies":[{"name":"wp","href":"https:\/\/api.w.org\/{rel}","templated":true}]}}