{"id":49998,"date":"2024-04-25T05:46:26","date_gmt":"2024-04-25T05:46:26","guid":{"rendered":"https:\/\/medsexporter.com\/product\/decabol-250-inyeccion-1ml\/"},"modified":"2024-07-13T05:43:00","modified_gmt":"2024-07-13T05:43:00","slug":"decabol-250-inyeccion-1ml","status":"publish","type":"product","link":"https:\/\/www.medsexporter.com\/es\/product\/decabol-250-inyeccion-1ml\/","title":{"rendered":"Decabol 250 inyecci\u00f3n 1ml"},"content":{"rendered":"\n<p>Decabol 250 Inj 1ml es una opci\u00f3n ideal para culturistas y atletas como un esteroide anab\u00f3lico que promueve el crecimiento muscular y la fuerza. Lograr el m\u00e1ximo rendimiento y mejoras visibles con este esteroide nandrolona decanoato (Rolon).<\/p>\n\n\n\n<h2 class=\"wp-block-heading\"><strong>\u00bfQu\u00e9 es Decabol 250 Inj 1ml?<\/strong><\/h2>\n\n\n\n<p>Decabol 250 Inj 1ml no es m\u00e1s que Decanoato de Nandrolona, un esteroide anab\u00f3lico espec\u00edficamente dirigido al crecimiento muscular y la fuerza. Es una forma leg\u00edtima de hacer crecer un cuerpo musculoso sin perder fuerza o comprometer la resistencia. Esta inyecci\u00f3n de esteroides debe tomarse bajo supervisi\u00f3n m\u00e9dica. Aunque es un tratamiento a corto plazo, tiene una eficacia sostenida que dura semanas despu\u00e9s de la \u00faltima dosis.<\/p>\n\n\n\n<p>Esta inyecci\u00f3n tambi\u00e9n se vende bajo la marca Rolon. Adem\u00e1s de su gran uso entre culturistas y atletas, se prescribe como tratamiento para varios tipos de anemia. Permite a las personas alcanzar objetivos de forma f\u00edsica, ganar competiciones de culturismo y obtener un f\u00edsico definido con un entrenamiento f\u00edsico particular.<\/p>\n\n\n\n<h2 class=\"wp-block-heading\"><strong>Usos de Decabol Inyecci\u00f3n<\/strong><\/h2>\n\n\n\n<h3 class=\"wp-block-heading\"><strong>Sus principales usos son:<\/strong><\/h3>\n\n\n\n<ul class=\"wp-block-list\">\n<li>Anemia<\/li>\n\n\n\n<li>Mejora del rendimiento deportivo<\/li>\n<\/ul>\n\n\n\n<h3 class=\"wp-block-heading\"><strong>Uso no contemplado\/secundario<\/strong><\/h3>\n\n\n\n<ul class=\"wp-block-list\">\n<li>Bodybuilding \u2013 muscle growth and strength development<\/li>\n<\/ul>\n\n\n\n<h2 class=\"wp-block-heading\"><strong>\u00bfC\u00f3mo funciona Decabol 250 Inj?<\/strong><\/h2>\n\n\n\n<p>Decabol 250 Inj 1ml contiene Decanoato de Nandrolona como ingrediente principal que es un esteroide anab\u00f3lico. Los esteroides anabolizantes tienen un mecanismo de acci\u00f3n espec\u00edfico: aumentan la s\u00edntesis de prote\u00ednas y mejoran la retenci\u00f3n de nitr\u00f3geno en los m\u00fasculos. En consecuencia, la masa muscular aumenta, la fuerza y la resistencia se promueven, y el rendimiento atl\u00e9tico general mejora. Adem\u00e1s, se potencia la producci\u00f3n de gl\u00f3bulos rojos para optimizar el suministro de ox\u00edgeno a los m\u00fasculos, lo que favorece una recuperaci\u00f3n m\u00e1s r\u00e1pida.<\/p>\n\n\n\n<p>Esta inyecci\u00f3n es una f\u00f3rmula de liberaci\u00f3n prolongada, imprescindible para mantener la eficacia durante m\u00e1s tiempo. Por lo tanto, es una opci\u00f3n superior entre los culturistas y entusiastas del fitness que buscan resultados prometedores y prolongados.<\/p>\n\n\n\n<h2 class=\"wp-block-heading\"><strong>Beneficios potenciales<\/strong><\/h2>\n\n\n\n<ol class=\"wp-block-list\">\n<li>Crecimiento muscular significativo<\/li>\n\n\n\n<li>Aumenta la fuerza y la resistencia<\/li>\n\n\n\n<li>Acelera la recuperaci\u00f3n<\/li>\n\n\n\n<li>Mejora la retenci\u00f3n de nitr\u00f3geno en los m\u00fasculos<\/li>\n\n\n\n<li>Favorece la salud articular<\/li>\n\n\n\n<li>Mantenimiento de la masa muscular magra<\/li>\n\n\n\n<li>La f\u00f3rmula ER garantiza un sustento m\u00e1s prolongado<\/li>\n<\/ol>\n\n\n\n<h2 class=\"wp-block-heading\"><strong>Dosis recomendada para la musculaci\u00f3n<\/strong><\/h2>\n\n\n\n<p>La dosis ideal para el culturismo depende de los objetivos y preferencias de cada persona. Por lo general, la dosis es de una o dos veces por semana y se administra \u00fanicamente en presencia de un profesional m\u00e9dico. Aunque el ciclo de dosificaci\u00f3n puede ser m\u00e1s corto o m\u00e1s largo, puede ser de entre 8 y 12 semanas. No se recomienda el uso prolongado por motivos de seguridad.<\/p>\n\n\n\n<h2 class=\"wp-block-heading\"><strong>Decabol 250 Inj 1ml Precio al por mayor<\/strong><\/h2>\n\n\n\n<p>Comprar Decabol 250 Inj 1ml al por mayor precios y calidad garantizada s\u00f3lo en MedsExporter.com. Teniendo en cuenta la creciente demanda de nuestros productos de alta calidad, estamos facilitando el env\u00edo en todo el mundo. Realice su pedido desde cualquier lugar en todo el mundo y estar seguro de recibir la m\u00e1xima calidad de los esteroides anab\u00f3licos entregado r\u00e1pidamente. \u00a1La compra a granel nunca fue tan conveniente y asequible como con nosotros! Experimente usted mismo y usted estar\u00e1 de acuerdo tambi\u00e9n.<\/p>\n\n\n\n<h2 class=\"wp-block-heading\"><strong>Servicio de entrega r\u00e1pido, seguro y preciso<\/strong><\/h2>\n\n\n\n<p>Nuestro proceso de entrega est\u00e1 optimizado para despachar sus pedidos lo antes posible y en condiciones seguras.<\/p>\n\n\n\n<h2 class=\"wp-block-heading\"><strong>F\u00e1cil manipulaci\u00f3n del carro de Decabol 250 Inj<\/strong><\/h2>\n\n\n\n<p>Teniendo en cuenta la sensibilidad de los productos en tr\u00e1nsito, nuestros socios log\u00edsticos cuidan al m\u00e1ximo el paquete para garantizar una entrega precisa e intacta. El discreto embalaje garantiza la calidad del producto, listo para su uso o para su posterior entrega a sus clientes.<\/p>\n\n\n\n<h2 class=\"wp-block-heading\"><strong>Atenci\u00f3n al cliente 24*7<\/strong><\/h2>\n\n\n\n<p>Estamos muy interesados en ayudar a nuestros clientes, ya sea con respecto a Decabol 250 Inj 1ml consultas al por mayor, las preocupaciones relacionadas, o el seguimiento del pedido. MedsExporter.com tiene un equipo de atenci\u00f3n al cliente dedicado disponible 24 * 7 para la ayuda.<\/p>\n\n\n\n<h2 class=\"wp-block-heading\"><strong>Preguntas frecuentes<\/strong><\/h2>\n\n\n\n<h3 class=\"wp-block-heading\"><strong>\u00bfPuede Decabol Injection interactuar con otros suplementos?<\/strong><\/h3>\n\n\n\n<p>Decabol 250 Inj 1ml puede interactuar con otros medicamentos o suplementos. Por lo tanto, es esencial para revelar sus medicamentos existentes para el profesional de la salud y evitar cualquier complicaci\u00f3n m\u00e1s adelante.<\/p>\n\n\n\n<h3 class=\"wp-block-heading\"><strong>\u00bfCu\u00e1l es el mejor momento para tomarla?<\/strong><\/h3>\n\n\n\n<p>No existe un \u00abmejor momento\u00bb para utilizar esta inyecci\u00f3n. Suele aplicarse una o dos veces por semana (o seg\u00fan aconseje el m\u00e9dico) para lograr una eficacia \u00f3ptima. Siga lo que le gu\u00ede seg\u00fan sus preferencias.<\/p>\n\n\n\n<h3 class=\"wp-block-heading\"><strong>\u00bfEs seguro para los ni\u00f1os?<\/strong><\/h3>\n\n\n\n<p>No, no es seguro para los ni\u00f1os y s\u00f3lo se considera seguro entre los culturistas y atletas prescritos con el mismo. S\u00f3lo debe utilizarse para el crecimiento muscular y el desarrollo de la fuerza.<\/p>\n\n\n\n<h3 class=\"wp-block-heading\"><strong>\u00bfEs seguro para un uso prolongado?<\/strong><\/h3>\n\n\n\n<p>Los usuarios pueden sufrir graves riesgos para la salud y desarrollar importantes efectos secundarios tras el uso prolongado de esta inyecci\u00f3n. Por lo tanto, se sugiere administrar este esteroide s\u00f3lo durante un per\u00edodo limitado (principalmente de 8 a 12 semanas).<\/p>\n\n\n\n<h3 class=\"wp-block-heading\"><strong>\u00bfQu\u00e9 precauciones deben tomarse mientras se utiliza Decabol 250 Inj?<\/strong><\/h3>\n\n\n\n<p>Un conjunto espec\u00edfico de precauciones deben seguirse durante el tratamiento con este esteroide anab\u00f3lico. Aqu\u00ed est\u00e1n algunos enumerados a continuaci\u00f3n:<\/p>\n\n\n\n<ul class=\"wp-block-list\">\n<li>Se aconseja a los usuarios que administren esta inyecci\u00f3n \u00fanicamente bajo supervisi\u00f3n m\u00e9dica.<\/li>\n\n\n\n<li>Si es necesario, durante el periodo de tratamiento deben realizarse controles peri\u00f3dicos de la salud o an\u00e1lisis de sangre.<\/li>\n\n\n\n<li>Evite el consumo excesivo de alcohol o drogas para minimizar el riesgo de da\u00f1o hep\u00e1tico.<\/li>\n\n\n\n<li>Mant\u00e9ngalo fuera del alcance de los ni\u00f1os y los animales dom\u00e9sticos.<\/li>\n\n\n\n<li>Antes de iniciar el tratamiento, aseg\u00farese de haber comunicado al profesional sanitario los medicamentos que est\u00e1 tomando.<\/li>\n\n\n\n<li>Esta inyecci\u00f3n se suspende tras un periodo m\u00e1ximo de 12 semanas bajo control m\u00e9dico, ya que su uso prolongado es peligroso.<\/li>\n<\/ul>\n\n\n\n<h2 class=\"wp-block-heading\">Otros medicamentos para el culturismo son :<\/h2>\n\n\n\n<p><a href=\"https:\/\/medsexporter.com\/product\/stano\/\">Stano<\/a> | <a href=\"https:\/\/medsexporter.com\/product\/mesterolone\/\">Mesterolone<\/a> | <a href=\"https:\/\/medsexporter.com\/product\/primobol\/\">Primobol<\/a><\/p>\n","protected":false},"excerpt":{"rendered":"Decabol 250 Inj 1ml es una opci\u00f3n ideal para culturistas y atletas como un esteroide anab\u00f3lico que promueve el crecimiento muscular y la fuerza. Lograr el m\u00e1ximo rendimiento y mejoras visibles con este esteroide nandrolona decanoato (Rolon). \u00bfQu\u00e9 es Decabol 250 Inj 1ml? Decabol 250 Inj 1ml no es m\u00e1s que Decanoato de Nandrolona, un [&hellip;]","protected":false},"featured_media":0,"template":"","meta":{"_glsr_average":0,"_glsr_ranking":0,"_glsr_reviews":0},"product_brand":[],"product_cat":[3936],"product_tag":[],"product_form":[],"class_list":{"0":"post-49998","1":"product","2":"type-product","3":"status-publish","5":"product_cat-medicina-de-musculacion-fabricantes-en-india","7":"first","8":"instock","9":"shipping-taxable","10":"purchasable","11":"product-type-variable"},"_links":{"self":[{"href":"https:\/\/www.medsexporter.com\/es\/wp-json\/wp\/v2\/product\/49998","targetHints":{"allow":["GET"]}}],"collection":[{"href":"https:\/\/www.medsexporter.com\/es\/wp-json\/wp\/v2\/product"}],"about":[{"href":"https:\/\/www.medsexporter.com\/es\/wp-json\/wp\/v2\/types\/product"}],"wp:attachment":[{"href":"https:\/\/www.medsexporter.com\/es\/wp-json\/wp\/v2\/media?parent=49998"}],"wp:term":[{"taxonomy":"product_brand","embeddable":true,"href":"https:\/\/www.medsexporter.com\/es\/wp-json\/wp\/v2\/product_brand?post=49998"},{"taxonomy":"product_cat","embeddable":true,"href":"https:\/\/www.medsexporter.com\/es\/wp-json\/wp\/v2\/product_cat?post=49998"},{"taxonomy":"product_tag","embeddable":true,"href":"https:\/\/www.medsexporter.com\/es\/wp-json\/wp\/v2\/product_tag?post=49998"},{"taxonomy":"product_form","embeddable":true,"href":"https:\/\/www.medsexporter.com\/es\/wp-json\/wp\/v2\/product_form?post=49998"}],"curies":[{"name":"wp","href":"https:\/\/api.w.org\/{rel}","templated":true}]}}