{"id":49977,"date":"2024-04-25T05:30:47","date_gmt":"2024-04-25T05:30:47","guid":{"rendered":"https:\/\/medsexporter.com\/product\/decabol-200-inyeccion-1ml\/"},"modified":"2024-07-13T05:28:51","modified_gmt":"2024-07-13T05:28:51","slug":"decabol-200-inyeccion-1ml","status":"publish","type":"product","link":"https:\/\/www.medsexporter.com\/es\/product\/decabol-200-inyeccion-1ml\/","title":{"rendered":"Decabol 200 inyecci\u00f3n 1ml"},"content":{"rendered":"\n<h2 class=\"wp-block-heading\"><strong>Decabol 200 Inj 1 ml Informaci\u00f3n general<\/strong><\/h2>\n\n\n\n<p>Decabol 200 Inj 1 ml no es m\u00e1s que una inyecci\u00f3n de decanoato de nandrolona administrado entre los culturistas para objetivos espec\u00edficos de fitness. Tambi\u00e9n encuentra su uso entre los atletas y las personas que buscan un rendimiento f\u00edsico \u00f3ptimo. Este medicamento est\u00e1 disponible s\u00f3lo con receta m\u00e9dica, as\u00ed que consulte a su profesional de la salud antes de comprar con nosotros.<\/p>\n\n\n\n<p>Vamos a compartir una visi\u00f3n r\u00e1pida de este producto.<\/p>\n\n\n\n<h2 class=\"wp-block-heading\"><strong>\u00bfPara qu\u00e9 se utiliza Decabol?<\/strong><\/h2>\n\n\n\n<p>Esta inyecci\u00f3n de decanoato de nandrolona es utilizada por los culturistas para ganar masa muscular magra, mejorar la fuerza muscular y promover la reparaci\u00f3n. Se puede utilizar entre los atletas y entusiastas del fitness que buscan una estructura corporal magra sin perder fuerza.<\/p>\n\n\n\n<h2 class=\"wp-block-heading\"><strong>\u00bfC\u00f3mo funciona?<\/strong><\/h2>\n\n\n\n<p>Decabol contiene decanoato de nandrolona como componente principal, que es un esteroide anab\u00f3lico. No hace falta decir que esta inyecci\u00f3n ayuda a construir masa muscular magra y mejora el rendimiento f\u00edsico general del usuario. Este ingrediente activo asegura los resultados mediante la promoci\u00f3n de la s\u00edntesis de prote\u00ednas en el cuerpo que ayuda a lograr el aumento de masa magra a su vez. Al apoyar la reparaci\u00f3n muscular esencial, evita el tiempo de inactividad y fomenta la resistencia.<\/p>\n\n\n\n<h2 class=\"wp-block-heading\"><strong>Decabol 200 Inj 1 ml &#8211; Beneficios<\/strong><\/h2>\n\n\n\n<p>Este esteroide anab\u00f3lico es uno de los favoritos de los culturistas y atletas para la mejora del rendimiento que ofrece. Veamos brevemente sus ventajas anteriores.<\/p>\n\n\n\n<ol class=\"wp-block-list\">\n<li><strong>Aumento de la masa muscular magra<\/strong>: Cuente con esta inyecci\u00f3n para promover el crecimiento muscular, ya que aumenta la s\u00edntesis de prote\u00ednas en el cuerpo. La masa muscular magra se construye junto con mejoras en el f\u00edsico.<\/li>\n\n\n\n<li><strong>Mejora de la fuerza<\/strong>: La fuerza muscular aumentar\u00e1 probablemente al utilizar esta inyecci\u00f3n que prepara a los entusiastas del fitness para las actividades f\u00edsicas.<\/li>\n\n\n\n<li><strong>Ayuda a la recuperaci\u00f3n:<\/strong> Despu\u00e9s de un entrenamiento o de un rendimiento deportivo, es probable que se produzcan lesiones musculares. Surge la necesidad de reparaci\u00f3n muscular y este medicamento ayuda con la misma. Por lo tanto, reduce el tiempo de inactividad del usuario para que est\u00e9n listos para las sesiones de entrenamiento intensivo sin perderlo a la debilidad muscular.<\/li>\n\n\n\n<li><strong>Mejoras en la resistencia:<\/strong> La mejora de la resistencia y la resistencia que ofrece este esteroide es incomparable. Si usted est\u00e1 empujando m\u00e1s duro en la competencia de culturismo o quiere dar lo mejor durante las competiciones atl\u00e9ticas, esta droga asegura que est\u00e1 en su mejor nivel.<\/li>\n\n\n\n<li><strong>Apoyo a la salud de las articulaciones:<\/strong> Decanoato de nandrolona tiene excelentes caracter\u00edsticas de apoyo a las articulaciones que tambi\u00e9n alivia el dolor vinculado a la artritis. Es debido a la s\u00edntesis de col\u00e1geno y lubricaci\u00f3n de las articulaciones que promueve.<\/li>\n\n\n\n<li><strong>Aumento de la producci\u00f3n de gl\u00f3bulos rojos:<\/strong> Decabol aumenta la producci\u00f3n de gl\u00f3bulos rojos, lo que mejora el suministro de ox\u00edgeno a los m\u00fasculos y mantiene la resistencia durante los entrenamientos intensos.<\/li>\n\n\n\n<li><strong>Variedad de usos m\u00e9dicos: <\/strong>Esta inyecci\u00f3n tiene varios usos m\u00e9dicos como tratamiento fiable de la anemia, la osteoporosis, el trastorno de desgaste muscular, etc.<\/li>\n<\/ol>\n\n\n\n<h2 class=\"wp-block-heading\"><strong>\u00bfCu\u00e1les son los efectos secundarios de Decabol?<\/strong><\/h2>\n\n\n\n<p>A continuaci\u00f3n se enumeran los efectos secundarios comunes de Decabol 200 Inj 1 ml. La mayor\u00eda de estos s\u00edntomas son leves y no requieren atenci\u00f3n m\u00e9dica. En caso de que se agraven, llame inmediatamente a su m\u00e9dico.<\/p>\n\n\n\n<ul class=\"wp-block-list\">\n<li>Toxicidad hep\u00e1tica<\/li>\n\n\n\n<li>Ca\u00edda del cabello<\/li>\n\n\n\n<li>Piel grasa<\/li>\n\n\n\n<li>Acn\u00e9<\/li>\n\n\n\n<li>Cambios en la libido<\/li>\n\n\n\n<li>Problemas cardiacos<\/li>\n\n\n\n<li>Aumento del vello corporal<\/li>\n\n\n\n<li>Se suprime la producci\u00f3n natural de testosterona<\/li>\n<\/ul>\n\n\n\n<h3 class=\"wp-block-heading\"><strong>Fuerza<\/strong><\/h3>\n\n\n\n<p>La dosis disponible para este producto es de 200 mg en 1 ml en una \u00fanica inyecci\u00f3n.<\/p>\n\n\n\n<h3 class=\"wp-block-heading\"><strong>Almacenamiento<\/strong><\/h3>\n\n\n\n<ul class=\"wp-block-list\">\n<li>Esta inyecci\u00f3n debe almacenarse por debajo de 30 grados Celsius, lejos de la luz solar y la humedad.<\/li>\n\n\n\n<li>Mant\u00e9ngalo fuera del alcance de los ni\u00f1os y los animales dom\u00e9sticos.<\/li>\n<\/ul>\n\n\n\n<h2 class=\"wp-block-heading\"><strong>Contacto con el proveedor<\/strong><\/h2>\n\n\n\n<p>Es muy importante comprar Decabol 200 Inj 1 ml online s\u00f3lo de un proveedor acreditado y con licencia. Si usted no es lo suficientemente consciente y prefieren los precios sobre la calidad, puede terminar con falsos esteroides anab\u00f3licos que pueden poner en riesgo su vida tambi\u00e9n. Deje caer sus preguntas acerca de este medicamento de inmediato y nuestro equipo de apoyo le ayudar\u00e1. Tambi\u00e9n tenemos otros productos de culturismo que podr\u00edan interesarle. Expl\u00f3relos todos.<\/p>\n\n\n\n<h2 class=\"wp-block-heading\"><strong>Advertencias y precauciones<\/strong><\/h2>\n\n\n\n<ul class=\"wp-block-list\">\n<li>Decabol 200 Inj 1 ml debe tomarse siguiendo las instrucciones del m\u00e9dico.<\/li>\n\n\n\n<li>Evitar el uso indebido (como sobredosis o uso prolongado), de lo contrario se mantiene el riesgo de riesgo grave para la salud.<\/li>\n\n\n\n<li>Informe a su profesional sanitario sobre cualquier problema de salud preexistente (si lo hubiera). Este esteroide anab\u00f3lico no puede ser prescrito a personas con insuficiencia hep\u00e1tica cr\u00edtica o mala salud cardiaca. El m\u00e9dico evaluar\u00e1 la salud m\u00e9dica en primer lugar y sugerir esta droga s\u00f3lo si se encuentra adecuado.<\/li>\n\n\n\n<li>Cuando comience el tratamiento, vigile las reacciones de su organismo. Busque ayuda m\u00e9dica si se produce alguna alergia grave.<\/li>\n\n\n\n<li>No compartas tus agujas o jeringuillas con nadie para evitar que se propaguen las infecciones.<\/li>\n<\/ul>\n\n\n\n<h2 class=\"wp-block-heading\"><strong>Preguntas frecuentes<\/strong><\/h2>\n\n\n\n<h3 class=\"wp-block-heading\"><strong>\u00bfC\u00f3mo aumenta la masa corporal magra?<\/strong><\/h3>\n\n\n\n<p>Decabol inyectable es popular entre los culturistas para ganar masa muscular magra. Este medicamento ayuda a lograr este objetivo mediante la mejora de la s\u00edntesis de prote\u00ednas y aumentar la retenci\u00f3n de nitr\u00f3geno en los m\u00fasculos. Esto conduce al crecimiento muscular y la reparaci\u00f3n m\u00e1s r\u00e1pida de lo habitual.<\/p>\n\n\n\n<h3 class=\"wp-block-heading\"><strong>\u00bfQui\u00e9n utiliza m\u00e1s Decabol?<\/strong><\/h3>\n\n\n\n<p>Esta inyecci\u00f3n es popular entre los entusiastas del fitness, culturistas, atletas, y cualquier persona que es un fan de cuerpo delgado. Aumenta la fuerza muscular con el aumento de masa muscular magra y mejora el rendimiento atl\u00e9tico tambi\u00e9n.<\/p>\n\n\n\n<h3 class=\"wp-block-heading\"><strong>\u00bfNecesito receta para comprar Decabol 200mg Inyectable?<\/strong><\/h3>\n\n\n\n<p>S\u00ed, esta inyecci\u00f3n debe adquirirse \u00fanicamente bajo prescripci\u00f3n y supervisi\u00f3n m\u00e9dica. Es un esteroide anab\u00f3lico que debe tomarse durante un per\u00edodo restringido en dosis sugeridas solamente. En la mayor\u00eda de los casos, se aconseja que s\u00f3lo sea administrado por un profesional de la salud. Adem\u00e1s, los pros y los contras, efectos secundarios, advertencias y precauciones, elegibilidad, etc debe ser entendido tambi\u00e9n.<\/p>\n\n\n\n<h3 class=\"wp-block-heading\"><strong>\u00bfDecabol 200 Inj 1 ml es adecuado tanto para hombres como para mujeres?<\/strong><\/h3>\n\n\n\n<p>Decabol 200 mg Inyecci\u00f3n 1 ml se utiliza principalmente entre los hombres debido a sus efectos androg\u00e9nicos. El riesgo de virilizaci\u00f3n se mantiene entre las mujeres por lo que no se recomienda para ellas.<\/p>\n\n\n\n<h3 class=\"wp-block-heading\"><strong>\u00bfQu\u00e9 ocurre si se toma una sobredosis de Decabol 200 Inj 1 ml?<\/strong><\/h3>\n\n\n\n<p>No se recomienda abusar de este medicamento debido al alto riesgo de complicaciones de salud que siguen. Los usuarios pueden experimentar toxicidad hep\u00e1tica, desequilibrios hormonales, riesgos para la salud cardiovascular, etc sobredosis. Llame al control de envenenamiento o apresurarse para recibir atenci\u00f3n m\u00e9dica tan pronto como sea posible en caso de que ya es una sobredosis.<\/p>\n\n\n\n<p><a href=\"https:\/\/medsexporter.com\/es\/product\/boldamaxx-inyeccion-ampolla\/\">Boldamaxx Inj Amp<\/a> | <a href=\"https:\/\/medsexporter.com\/product\/decamaxx-inj-amp\/\">Decamaxx Inj Amp<\/a> | <a href=\"https:\/\/medsexporter.com\/product\/parabol\/\">Parabol<\/a><\/p>\n","protected":false},"excerpt":{"rendered":"Decabol 200 Inj 1 ml Informaci\u00f3n general Decabol 200 Inj 1 ml no es m\u00e1s que una inyecci\u00f3n de decanoato de nandrolona administrado entre los culturistas para objetivos espec\u00edficos de fitness. Tambi\u00e9n encuentra su uso entre los atletas y las personas que buscan un rendimiento f\u00edsico \u00f3ptimo. Este medicamento est\u00e1 disponible s\u00f3lo con receta m\u00e9dica, [&hellip;]","protected":false},"featured_media":48717,"template":"","meta":{"_glsr_average":0,"_glsr_ranking":0,"_glsr_reviews":0},"product_brand":[],"product_cat":[3936],"product_tag":[],"product_form":[],"class_list":{"0":"post-49977","1":"product","2":"type-product","3":"status-publish","4":"has-post-thumbnail","6":"product_cat-medicina-de-musculacion-fabricantes-en-india","8":"first","9":"instock","10":"shipping-taxable","11":"purchasable","12":"product-type-variable"},"_links":{"self":[{"href":"https:\/\/www.medsexporter.com\/es\/wp-json\/wp\/v2\/product\/49977","targetHints":{"allow":["GET"]}}],"collection":[{"href":"https:\/\/www.medsexporter.com\/es\/wp-json\/wp\/v2\/product"}],"about":[{"href":"https:\/\/www.medsexporter.com\/es\/wp-json\/wp\/v2\/types\/product"}],"wp:featuredmedia":[{"embeddable":true,"href":"https:\/\/www.medsexporter.com\/es\/wp-json\/wp\/v2\/media\/48717"}],"wp:attachment":[{"href":"https:\/\/www.medsexporter.com\/es\/wp-json\/wp\/v2\/media?parent=49977"}],"wp:term":[{"taxonomy":"product_brand","embeddable":true,"href":"https:\/\/www.medsexporter.com\/es\/wp-json\/wp\/v2\/product_brand?post=49977"},{"taxonomy":"product_cat","embeddable":true,"href":"https:\/\/www.medsexporter.com\/es\/wp-json\/wp\/v2\/product_cat?post=49977"},{"taxonomy":"product_tag","embeddable":true,"href":"https:\/\/www.medsexporter.com\/es\/wp-json\/wp\/v2\/product_tag?post=49977"},{"taxonomy":"product_form","embeddable":true,"href":"https:\/\/www.medsexporter.com\/es\/wp-json\/wp\/v2\/product_form?post=49977"}],"curies":[{"name":"wp","href":"https:\/\/api.w.org\/{rel}","templated":true}]}}