{"id":49965,"date":"2024-04-12T12:22:48","date_gmt":"2024-04-12T12:22:48","guid":{"rendered":"https:\/\/medsexporter.com\/product\/slimtop-120-mg\/"},"modified":"2024-07-19T05:20:14","modified_gmt":"2024-07-19T05:20:14","slug":"slimtop-120-mg","status":"publish","type":"product","link":"https:\/\/www.medsexporter.com\/es\/product\/slimtop-120-mg\/","title":{"rendered":"Slimtop 120 mg"},"content":{"rendered":"\n<h2 class=\"wp-block-heading\"><strong>Definici\u00f3n de Slimtop 120 mg<\/strong><\/h2>\n\n\n\n<p>Orlistat, vendido bajo la marca Xenical, es un ingrediente utilizado para reducir el peso. Podemos suministrar <strong>Slimtop 120 mg<\/strong> 1 mill\u00f3n de c\u00e1psulas\/mes. El Orlistat act\u00faa bloqueando la absorci\u00f3n de grasas de la dieta, reduciendo as\u00ed la ingesta cal\u00f3rica y ayudando a perder peso cuando se combina con una dieta baja en calor\u00edas y ejercicio. Slimtop 120 mg, elaborado con el ingrediente principal Orlistat, es muy eficaz para reducir peso.<\/p>\n\n\n\n<h2 class=\"wp-block-heading\">Slimtop 120 mg C\u00e1psula \u2013 usos<\/h2>\n\n\n\n<p>Slimtop 120 mg utiliza:<\/p>\n\n\n\n<ul class=\"wp-block-list\">\n<li>Ayuda a reducir peso<\/li>\n\n\n\n<li>Obesity as a target<\/li>\n\n\n\n<li>Reduce y our intake of dietary fats<\/li>\n\n\n\n<li>Normal weight reduction progresses<\/li>\n\n\n\n<li>The best brand of Orlistat for weight control<\/li>\n\n\n\n<li>Effective fat control<\/li>\n\n\n\n<li>Diet and exercise supplements<\/li>\n\n\n\n<li>Trusted by the weight loss community<\/li>\n<\/ul>\n\n\n\n<h2 class=\"wp-block-heading\"><strong>\u00bfComo funciona?<\/strong><\/h2>\n\n\n\n<p>Slimtop 120 mg funciona previniendo la descomposici\u00f3n de la grasa en los intestinos. Esto evita que aproximadamente el 30% del consumo de grasa que consume sea reabsorbido en su cuerpo. Sin embargo, la grasa consumida es expulsada del cuerpo, ayudando a controlar el exceso de peso.<\/p>\n\n\n\n<p>Slimtop 60 mg C\u00e1psulas es un medicamento utilizado en el tratamiento de la obesidad. Slimtop 60 mg ayuda al organismo bloqueando la absorci\u00f3n de grasas del intestino delgado y del est\u00f3mago.<\/p>\n\n\n\n<h2 class=\"wp-block-heading\"><strong>Control de peso mediante el uso de Slimtop 120 mg Capsule<\/strong><\/h2>\n\n\n\n<p>La pastilla para bajar de peso Slimtop Orlistat de venta libre ser\u00e1 \u00fatil para controlar el peso. Por lo tanto, fomenta una dieta que cambia la vida cuando se consideran otros factores esenciales, como la dieta y el ejercicio. Puedes hacerlo en cualquier momento del d\u00eda, para que se ajuste a tu apretada agenda.<\/p>\n\n\n\n<h2 class=\"wp-block-heading\"><strong>Beneficios potenciales \u2013 Slimtop 120 mg Orlistat<\/strong><\/h2>\n\n\n\n<p>Estas son las ventajas del orlistat Slimtop:<\/p>\n\n\n\n<ul class=\"wp-block-list\">\n<li>Lecciones abundancia peso corporal.<\/li>\n\n\n\n<li>Apoya el metabolismo general<\/li>\n\n\n\n<li>Reduce el riesgo de sufrir trastornos del s\u00edndrome metab\u00f3lico.<\/li>\n\n\n\n<li>Fabricated with severe quality controls<\/li>\n\n\n\n<li>Intended for the greatest adaptation<\/li>\n\n\n\n<li>Entregada por una productora confiada en Orlistat<\/li>\n\n\n\n<li>Mantiene los objetivos de control de peso a largo plazo<\/li>\n\n\n\n<li>Suplementos sonido cambios en el estilo de vida<\/li>\n<\/ul>\n\n\n\n<h2 class=\"wp-block-heading\"><strong>Proveedor confiable de c\u00e1psulas Slimtop de 120 mg<\/strong><\/h2>\n\n\n\n<p>Suministramos <a href=\"https:\/\/medsexporter.com\/es\/product\/slimtop\/\"><strong>c\u00e1psulas Slimtop<\/strong><\/a>, por lo que podemos ser su proveedor confiable. Nuestra capacidad de suministro ayuda a respaldar a los clientes que necesitan nuestros productos en todo el mundo. Somos uno de los exportadores de c\u00e1psulas Slimtop de 120 mg m\u00e1s confiables y prometemos suministrar c\u00e1psulas de calidad adecuada en el momento adecuado.<\/p>\n\n\n\n<p>Para tener una idea detallada sobre nosotros o el fabricante de Orlistat, visite nuestro sitio web.<\/p>\n\n\n\n<h2 class=\"wp-block-heading\"><strong>Slimtop 120 mg \u2013 condiciones de almacenamiento<\/strong><\/h2>\n\n\n\n<p>Como distribuidor de Slimtop 120 mg, debe almacenarlos en un lugar fresco y seco. Tambi\u00e9n debe asegurarse de no exponerlo a la luz solar directa o incluso a la humedad. Como resultado, un almacenamiento adecuado ayuda al funcionamiento eficiente y seguro de esta c\u00e1psula de orlistat Slimtop. Dado que los clientes modernos anticipan un cumplimiento r\u00e1pido de los pedidos, para ahorrar tiempo y facilitar una gesti\u00f3n eficaz del inventario, piense en implementar estanter\u00edas autom\u00e1ticas. Cuando se cumplen los pedidos, estos sistemas actualizan instant\u00e1neamente los registros.<\/p>\n\n\n\n<h2 class=\"wp-block-heading\"><strong>M\u00e9todo de pago f\u00e1cil y que ahorra tiempo<\/strong><\/h2>\n\n\n\n<p>S\u00f3lo aceptamos transferencias bancarias. Ya sea que necesite un solo producto o grandes cantidades, nuestro m\u00e9todo de pago siempre es fluido y sin problemas.<\/p>\n\n\n\n<h2 class=\"wp-block-heading\"><strong>Atenci\u00f3n al cliente: 24 horas al d\u00eda, 7 d\u00edas a la semana<\/strong><\/h2>\n\n\n\n<p>La atenci\u00f3n al cliente de nuestra empresa est\u00e1 disponible las 24 horas. No dude en hacer cualquier pregunta o problema relacionado con la c\u00e1psula Slimtop 120; Estamos aqu\u00ed para ayudarte. El equipo de nuestro albergue est\u00e1 comprometido a garantizar que a los clientes se les ofrezca el mejor servicio y asistencia.<\/p>\n\n\n\n<h2 class=\"wp-block-heading\"><strong>Frequent questions<\/strong><\/h2>\n\n\n\n<h3 class=\"wp-block-heading\"><strong>\u00bfC\u00f3mo controla tu peso la c\u00e1psula Slimtop 120?<\/strong><\/h3>\n\n\n\n<p>Slimtop 120 mg puede ayudar a perder peso y hace que su cuerpo deje de ingerir grasa. Esta p\u00edldora de reducci\u00f3n de peso Slimtop Orlistat garantiza que el cuerpo no procese una cantidad enorme de grasa que usted ingiere y, por lo tanto, contribuye a la reducci\u00f3n de peso.<\/p>\n\n\n\n<h3 class=\"wp-block-heading\"><strong>\u00bfEs seguro para uso a largo plazo?<\/strong><\/h3>\n\n\n\n<p>De hecho, Slimtop 120 mg no tiene ning\u00fan efecto perjudicial cuando se utiliza a largo plazo. En cualquier caso, hay que seguir las sugerencias del profesional sanitario y observar los posibles efectos secundarios que puedan producirse. Esto ayuda a mantenerse al d\u00eda con su idoneidad y conveniencia en el tratamiento de la condici\u00f3n en la que fue respaldado.<\/p>\n\n\n\n<h3 class=\"wp-block-heading\"><strong>\u00bfEs seguro el uso de Slimtop para los ni\u00f1os?<\/strong><\/h3>\n\n\n\n<p>No se recomienda que los ni\u00f1os consuman Slimtop 120 mg a menos que lo prescriba el m\u00e9dico. Se espera asesorar a un proveedor de servicios m\u00e9dicos sobre la organizaci\u00f3n de medicamentos para bajar de peso en ni\u00f1os.<\/p>\n\n\n\n<h3 class=\"wp-block-heading\"><strong>\u00bfSlimtop 120 mg (Orlistat) puede interactuar con otros medicamentos?<\/strong><\/h3>\n\n\n\n<p>Es fundamental tener en cuenta que Slimtop 120 mg, es decir, Orlistat, se asocia con diferentes f\u00e1rmacos. Se debe hablar con el especialista sobre cualquier medicamento que tome para garantizar que no haya reacciones molestas.<\/p>\n\n\n\n<h3 class=\"wp-block-heading\"><strong>\u00bfCu\u00e1les son los efectos secundarios de Slimtop 120 mg?<\/strong><\/h3>\n\n\n\n<p>Algunos de los resultados notables de Slimtop 120 mg son los efectos secundarios relacionados con el sistema gastrointestinal, como heces resbaladizas y flatulencia. Estos efectos adversos son insignificantes y a menudo disminuyen a medida que el cuerpo se acostumbra a las prescripciones.<\/p>\n\n\n\n<h3 class=\"wp-block-heading\"><strong>\u00bfExiste alguna oferta para su compra al por mayor?<\/strong><\/h3>\n\n\n\n<p>Ofrecemos arreglos extraordinarios para pedidos al por mayor de Slimtop 120 mg Capsule. Como proveedor, apreciar\u00e1 nuestras estimaciones despiadadas. \u00bfNecesita puntos de inter\u00e9s? \u00bfQu\u00e9 tal si hablamos? Con\u00e9ctate con nosotros a trav\u00e9s de cualquiera de nuestras t\u00e9cnicas de contacto. Crearemos una declaraci\u00f3n personalizada que se ajuste a las necesidades de su negocio.<\/p>\n\n\n\n<h2 class=\"wp-block-heading\">M\u00e1s tabletas alternativas para bajar de peso a continuaci\u00f3n:<\/h2>\n\n\n\n<p><a href=\"https:\/\/medsexporter.com\/es\/product\/thyronorm-88-mcg\/\">Thyronorm 88 mcg<\/a> | Obelito | Ajuste delgado activo 120<\/p>\n","protected":false},"excerpt":{"rendered":"<div class=\"col-md-12 mt5\">\r\n<div id=\"r_more2\" class=\"pdp_hgt387 overflow-hidden position-relative\">Slimtop 120 mg Medicamento utilizado para tratar la obesidad se presenta en forma de c\u00e1psulas. Slimtop 120 mg C\u00e1psula beneficia al organismo impidiendo la absorci\u00f3n de l\u00edpidos desde el est\u00f3mago y el intestino delgado.<\/div>\r\n<\/div>","protected":false},"featured_media":48369,"template":"","meta":{"_glsr_average":0,"_glsr_ranking":0,"_glsr_reviews":0},"product_brand":[],"product_cat":[4081,4083],"product_tag":[],"product_form":[4147],"class_list":{"0":"post-49965","1":"product","2":"type-product","3":"status-publish","4":"has-post-thumbnail","6":"product_cat-perdida-de-peso-de-drogas-fabricante-en-la-india","7":"product_cat-medicina-para-el-gestion-del-peso-fabricante-en-india","8":"product_form-fabricante-de-capsulas-en-la-india","10":"first","11":"instock","12":"shipping-taxable","13":"purchasable","14":"product-type-simple"},"_links":{"self":[{"href":"https:\/\/www.medsexporter.com\/es\/wp-json\/wp\/v2\/product\/49965","targetHints":{"allow":["GET"]}}],"collection":[{"href":"https:\/\/www.medsexporter.com\/es\/wp-json\/wp\/v2\/product"}],"about":[{"href":"https:\/\/www.medsexporter.com\/es\/wp-json\/wp\/v2\/types\/product"}],"wp:featuredmedia":[{"embeddable":true,"href":"https:\/\/www.medsexporter.com\/es\/wp-json\/wp\/v2\/media\/48369"}],"wp:attachment":[{"href":"https:\/\/www.medsexporter.com\/es\/wp-json\/wp\/v2\/media?parent=49965"}],"wp:term":[{"taxonomy":"product_brand","embeddable":true,"href":"https:\/\/www.medsexporter.com\/es\/wp-json\/wp\/v2\/product_brand?post=49965"},{"taxonomy":"product_cat","embeddable":true,"href":"https:\/\/www.medsexporter.com\/es\/wp-json\/wp\/v2\/product_cat?post=49965"},{"taxonomy":"product_tag","embeddable":true,"href":"https:\/\/www.medsexporter.com\/es\/wp-json\/wp\/v2\/product_tag?post=49965"},{"taxonomy":"product_form","embeddable":true,"href":"https:\/\/www.medsexporter.com\/es\/wp-json\/wp\/v2\/product_form?post=49965"}],"curies":[{"name":"wp","href":"https:\/\/api.w.org\/{rel}","templated":true}]}}