{"id":49955,"date":"2024-04-24T12:13:08","date_gmt":"2024-04-24T12:13:08","guid":{"rendered":"https:\/\/medsexporter.com\/product\/danabol-comprimido\/"},"modified":"2024-07-13T05:02:55","modified_gmt":"2024-07-13T05:02:55","slug":"danabol-comprimido","status":"publish","type":"product","link":"https:\/\/www.medsexporter.com\/es\/product\/danabol-comprimido\/","title":{"rendered":"Pastilla de Danabol (Decanoato de Nandrolona)"},"content":{"rendered":"\n<h2 class=\"wp-block-heading\">\u00bfQu\u00e9 es Danabol?<\/h2>\n\n\n\n<p>Danabol tableta es un medicamento de culturismo que pertenece a la clase de esteroides anab\u00f3licos de drogas. Tiene un potente ingrediente activo decanoato de nandrolona que ayuda en el cumplimiento de los objetivos de fitness como la ganancia de masa muscular magra, el aumento de la fuerza y la resistencia, impulsar la reparaci\u00f3n muscular, etc. Adem\u00e1s de tener un uso anterior entre los culturistas, es preferido entre los atletas y fan\u00e1ticos del fitness con objetivos f\u00edsicos definidos.<\/p>\n\n\n\n<p>Las mejoras en el rendimiento y la aptitud f\u00edsica general despu\u00e9s de usar este medicamento son inmejorables.<\/p>\n\n\n\n<h2 class=\"wp-block-heading\"><strong>Usos de Danabol<\/strong><\/h2>\n\n\n\n<p>Es un medicamento de prescripci\u00f3n utilizado para el tratamiento de diversas condiciones m\u00e9dicas y mejoras en el rendimiento. Estas tabletas se utilizan principalmente para:<\/p>\n\n\n\n<ul class=\"wp-block-list\">\n<li>Desarrollo y reparaci\u00f3n muscular<\/li>\n\n\n\n<li>Recuperaci\u00f3n m\u00e1s r\u00e1pida de lesiones o intervenciones quir\u00fargicas<\/li>\n\n\n\n<li>Tratamiento del desgaste muscular, la osteoporosis y varias enfermedades cr\u00f3nicas<\/li>\n\n\n\n<li>Anemia<\/li>\n\n\n\n<li>Apoyo a las articulaciones<\/li>\n<\/ul>\n\n\n\n<h2 class=\"wp-block-heading\"><strong>Formas y dosis de Danabol<\/strong><\/h2>\n\n\n\n<p>Esta tableta de esteroides anab\u00f3licos est\u00e1 disponible en 200 mg de fuerza. Es la dosis est\u00e1ndar para satisfacer el crecimiento muscular y las demandas de reparaci\u00f3n de los culturistas y la actividad f\u00edsica entre los atletas.<\/p>\n\n\n\n<ul class=\"wp-block-list\">\n<li><a href=\"https:\/\/medsexporter.com\/product\/decabol-200-inj-1-ml\/\"><strong>Decabol 200 Inj 1 ml<\/strong><\/a><\/li>\n\n\n\n<li>Decabol 250 Inj 1ml<\/li>\n\n\n\n<li><a href=\"https:\/\/medsexporter.com\/product\/decabol-250-vials-10ml\/\"><strong>Decabol 250 Viales 10ml<\/strong><\/a><\/li>\n<\/ul>\n\n\n\n<h2 class=\"wp-block-heading\"><strong>\u00bfC\u00f3mo funciona Danabol?<\/strong><\/h2>\n\n\n\n<p>El mecanismo de funcionamiento clave de este f\u00e1rmaco gira en torno al aumento de la s\u00edntesis de prote\u00ednas en el organismo y la retenci\u00f3n de nitr\u00f3geno en los m\u00fasculos. Este medicamento estimula la producci\u00f3n de gl\u00f3bulos rojos en la m\u00e9dula \u00f3sea, que es responsable del suministro de ox\u00edgeno a los m\u00fasculos. Esta acci\u00f3n mejora la resistencia y el rendimiento f\u00edsico. El Decanoato de Nandrolona estimula la s\u00edntesis de col\u00e1geno y ayuda a mantener la salud de las articulaciones y reduce el riesgo de lesiones debidas a actividades f\u00edsicas intensas.<\/p>\n\n\n\n<p>Tiene excelentes efectos androg\u00e9nicos como otros esteroides anab\u00f3licos. En consecuencia, el riesgo de efectos secundarios tales como el aumento del crecimiento del vello facial y el vello corporal no deseado en los hombres, la ampliaci\u00f3n del cl\u00edtoris y la profundizaci\u00f3n de la voz entre las mujeres se reduce.<\/p>\n\n\n\n<p>En resumen, esta tableta funciona tan bien como la inyecci\u00f3n de esteroides y fomenta un cuerpo muscular magra sin comprometer la salud de las articulaciones y la actividad f\u00edsica en general.<\/p>\n\n\n\n<h2 class=\"wp-block-heading\"><strong>Beneficios<\/strong><\/h2>\n\n\n\n<ul class=\"wp-block-list\">\n<li>Conserva la densidad mineral \u00f3sea, previniendo as\u00ed la osteoporosis y reduciendo el riesgo de fracturas.<\/li>\n\n\n\n<li>Estimulaci\u00f3n de la producci\u00f3n de gl\u00f3bulos rojos que conduce a un aumento de la resistencia y a un mejor rendimiento f\u00edsico.<\/li>\n\n\n\n<li>Alivia los s\u00edntomas de la inflamaci\u00f3n favoreciendo la salud articular. Ayuda a mantener las funciones articulares y la movilidad.<\/li>\n\n\n\n<li>Permite a los culturistas realizar entrenamientos y sesiones de entrenamiento intensos.<\/li>\n\n\n\n<li>Aumenta la potencia y la fuerza.<\/li>\n\n\n\n<li>Favorece el crecimiento y la reparaci\u00f3n muscular.<\/li>\n\n\n\n<li>Trata una amplia gama de afecciones m\u00e9dicas como el desgaste muscular, la osteoporosis, la anemia, etc.<\/li>\n<\/ul>\n\n\n\n<h2 class=\"wp-block-heading\"><strong>Posibles efectos secundarios<\/strong><\/h2>\n\n\n\n<ul class=\"wp-block-list\">\n<li>Acn\u00e9<\/li>\n\n\n\n<li>Cambios de humor<\/li>\n\n\n\n<li>Riesgos cardiovasculares<\/li>\n\n\n\n<li>Toxicidad hep\u00e1tica<\/li>\n\n\n\n<li>Supresi\u00f3n de la testosterona natural<\/li>\n\n\n\n<li>Retenci\u00f3n de l\u00edquidos<\/li>\n\n\n\n<li>Virilizaci\u00f3n en la mujer<\/li>\n<\/ul>\n\n\n\n<h2 class=\"wp-block-heading\"><strong>Dosis recomendada<\/strong><\/h2>\n\n\n\n<p>La dosis recomendada se basa en la edad del usuario, su peso corporal y su respuesta a la medicaci\u00f3n. Por lo general, el per\u00edodo de tratamiento puede ser de 2 a 4 semanas y la frecuencia var\u00eda seg\u00fan los objetivos de fitness. Siga el consejo m\u00e9dico y aseg\u00farese de que la dosis es segura.<\/p>\n\n\n\n<h2 class=\"wp-block-heading\"><strong>Sobredosis de Danabol<\/strong><\/h2>\n\n\n\n<p>La sobredosis provoca graves reacciones negativas en el organismo. Provoca complicaciones de salud, principalmente toxicidad hep\u00e1tica. Otras posibles adversidades pueden ser problemas cardiovasculares, cambios de humor y comportamiento, desequilibrios hormonales, ca\u00edda del cabello, libido baja, acn\u00e9, etc. Esto se refer\u00eda a los hombres. En las mujeres, persiste el riesgo de virilizaci\u00f3n. De ah\u00ed que no se recomiende su uso indebido o excesivo.<\/p>\n\n\n\n<h2 class=\"wp-block-heading\"><strong>Conexi\u00f3n con fabricantes y proveedores de Danabol<\/strong><\/h2>\n\n\n\n<p>El beneficio de comprar directamente de los fabricantes Danabol es una ventaja en s\u00ed misma. Somos uno de los mejores fabricantes y proveedores de medicamentos de culturismo. Danabol no es el \u00fanico, usted tiene numerosos productos para explorar con nosotros. Este comprimido de Decanoato de Nandrolona es una gran alternativa entre los entusiastas del fitness que no est\u00e1n dispuestos a administrarse inyecciones.<\/p>\n\n\n\n<p>Con una capacidad de fabricaci\u00f3n de 1 mill\u00f3n de comprimidos al mes, estamos suministrando este medicamento a las principales farmacias en l\u00ednea, as\u00ed como vendiendo directamente a los usuarios finales con receta m\u00e9dica. Env\u00ede sus consultas para obtener los mejores precios y un presupuesto completo. Nuestro equipo de atenci\u00f3n al cliente estar\u00e1 encantado de ayudarle.<\/p>\n\n\n\n<h2 class=\"wp-block-heading\"><strong>Advertencias y precauciones<\/strong><\/h2>\n\n\n\n<ul class=\"wp-block-list\">\n<li>Puede ser arriesgado para culturistas, atletas o cualquier otra persona utilizar esta pastilla de esteroides sin prescripci\u00f3n m\u00e9dica.<\/li>\n\n\n\n<li>Este medicamento se recomienda en funci\u00f3n de las necesidades espec\u00edficas y el estado de salud del usuario. Si no es elegible, el usuario ser\u00e1 sugerido con una alternativa. Por lo tanto, aseg\u00farese de que este o cualquier otro potenciador del rendimiento alternativo se consume s\u00f3lo con receta m\u00e9dica.<\/li>\n\n\n\n<li>Mantenga bajo el alcohol para un rendimiento \u00f3ptimo con este f\u00e1rmaco.<\/li>\n\n\n\n<li>Si experimenta alguna reacci\u00f3n al\u00e9rgica grave, llame inmediatamente a un profesional sanitario. Mientras tanto, interrumpa el tratamiento.<\/li>\n\n\n\n<li>Puede interrumpir el tratamiento bajo orientaci\u00f3n m\u00e9dica. Del mismo modo, evite su uso prolongado, ya que puede conllevar riesgos potenciales para la salud.<\/li>\n<\/ul>\n\n\n\n<h2 class=\"wp-block-heading\"><strong>Almacenamiento<\/strong><\/h2>\n\n\n\n<ul class=\"wp-block-list\">\n<li>Mant\u00e9n el alijo entre 15 y 25 grados Celsius. Gu\u00e1rdalo alejado de la luz solar y la humedad.<\/li>\n\n\n\n<li>No lo dejes al alcance de ni\u00f1os y mascotas.<\/li>\n<\/ul>\n\n\n\n<h2 class=\"wp-block-heading\"><strong>Preguntas frecuentes<\/strong><\/h2>\n\n\n\n<h3 class=\"wp-block-heading\"><strong>Se necesita receta m\u00e9dica para comprar Danabol 200 comprimidos?<\/strong><\/h3>\n\n\n\n<p>S\u00ed, una receta es una necesidad para la compra de esta tableta de esteroides porque numerosas alternativas est\u00e1n disponibles en el mercado, pero la salud reina suprema. Usted no quiere comprometer la salud por el bien de culturismo. Por lo tanto, proceda s\u00f3lo bajo prescripci\u00f3n m\u00e9dica.<\/p>\n\n\n\n<h3 class=\"wp-block-heading\"><strong>\u00bfEs mejor un comprimido de Danabol que las inyecciones de esteroides?<\/strong><\/h3>\n\n\n\n<p>Cuando se trata de esteroides anab\u00f3licos, son eficaces en cualquier forma. Ya se trate de una tableta o una inyecci\u00f3n de decanoato de nandrolona, ambos son igualmente eficaces en el cumplimiento de las mejoras de rendimiento m\u00e9dico y f\u00edsico. Sin embargo, se prescriben seg\u00fan las preferencias del usuario y otros factores. Se recomienda encarecidamente consultar a un profesional sanitario antes de elegir uno.<\/p>\n\n\n\n<h3 class=\"wp-block-heading\"><strong>\u00bfDurante cu\u00e1nto tiempo es seguro utilizar Danabol?<\/strong><\/h3>\n\n\n\n<p>El per\u00edodo de tratamiento con la tableta Danabol se personaliza seg\u00fan las necesidades del culturista o atleta. Dependiendo de sus objetivos de fitness y condiciones generales de salud m\u00e9dica, se determinar\u00e1 la frecuencia y duraci\u00f3n del uso de este medicamento. Siga las instrucciones de dosificaci\u00f3n sugeridas por el profesional de la salud para garantizar la seguridad.<\/p>\n","protected":false},"excerpt":{"rendered":"<p>Danabol tableta (decanoato de nandrolona) es un esteroide anab\u00f3lico utilizado para el tratamiento de problemas de salud m\u00e9dica y mejorar el rendimiento f\u00edsico. Es utilizado por los culturistas, fan\u00e1ticos de la aptitud, y los atletas para el crecimiento muscular, la reparaci\u00f3n, la fuerza y la resistencia.<\/p>","protected":false},"featured_media":48700,"template":"","meta":{"_glsr_average":0,"_glsr_ranking":0,"_glsr_reviews":0},"product_brand":[],"product_cat":[3936],"product_tag":[],"product_form":[4097],"class_list":{"0":"post-49955","1":"product","2":"type-product","3":"status-publish","4":"has-post-thumbnail","6":"product_cat-medicina-de-musculacion-fabricantes-en-india","7":"product_form-fabricante-de-tabletas-en-india","9":"first","10":"instock","11":"shipping-taxable","12":"purchasable","13":"product-type-simple"},"_links":{"self":[{"href":"https:\/\/www.medsexporter.com\/es\/wp-json\/wp\/v2\/product\/49955","targetHints":{"allow":["GET"]}}],"collection":[{"href":"https:\/\/www.medsexporter.com\/es\/wp-json\/wp\/v2\/product"}],"about":[{"href":"https:\/\/www.medsexporter.com\/es\/wp-json\/wp\/v2\/types\/product"}],"wp:featuredmedia":[{"embeddable":true,"href":"https:\/\/www.medsexporter.com\/es\/wp-json\/wp\/v2\/media\/48700"}],"wp:attachment":[{"href":"https:\/\/www.medsexporter.com\/es\/wp-json\/wp\/v2\/media?parent=49955"}],"wp:term":[{"taxonomy":"product_brand","embeddable":true,"href":"https:\/\/www.medsexporter.com\/es\/wp-json\/wp\/v2\/product_brand?post=49955"},{"taxonomy":"product_cat","embeddable":true,"href":"https:\/\/www.medsexporter.com\/es\/wp-json\/wp\/v2\/product_cat?post=49955"},{"taxonomy":"product_tag","embeddable":true,"href":"https:\/\/www.medsexporter.com\/es\/wp-json\/wp\/v2\/product_tag?post=49955"},{"taxonomy":"product_form","embeddable":true,"href":"https:\/\/www.medsexporter.com\/es\/wp-json\/wp\/v2\/product_form?post=49955"}],"curies":[{"name":"wp","href":"https:\/\/api.w.org\/{rel}","templated":true}]}}