{"id":49934,"date":"2024-05-08T06:22:16","date_gmt":"2024-05-08T06:22:16","guid":{"rendered":"https:\/\/medsexporter.com\/product\/testorix-p\/"},"modified":"2024-07-16T09:03:59","modified_gmt":"2024-07-16T09:03:59","slug":"testorix-p","status":"publish","type":"product","link":"https:\/\/www.medsexporter.com\/es\/product\/testorix-p\/","title":{"rendered":"Test\u00f3rix P"},"content":{"rendered":"\n<h2 class=\"wp-block-heading\"><strong>Introducci\u00f3n de Testorix P Esteroide Culturismo<\/strong><\/h2>\n\n<p>Testorix P es un esteroide inyectable de culturismo con propionato de testosterona como \u00fanico ingrediente activo. Se comercializa como Testoviron y es muy popular entre los entusiastas del fitness y atletas para mejorar el rendimiento f\u00edsico, mejorar el crecimiento muscular y la fuerza, y la reducci\u00f3n de la fatiga. Este esteroide tambi\u00e9n sirve como un componente eficaz de la terapia de reemplazo de andr\u00f3genos entre los hombres diagnosticados con hipogonadismo.<\/p>\n\n<p>Esta inyecci\u00f3n Testorix P 100mg\/ml es la dosis est\u00e1ndar prescrita entre los culturistas, atletas y hombres que sufren de hipogonadismo seg\u00fan sus condiciones m\u00e9dicas generales. Por lo tanto, se aconseja su uso seg\u00fan la orientaci\u00f3n de profesionales de la salud solamente. Adem\u00e1s, debe ser aplicado por un profesional m\u00e9dico en lugar de auto-administraci\u00f3n para garantizar la seguridad.<\/p>\n\n<h2 class=\"wp-block-heading\"><strong>Usos de Testorix P inyectable<\/strong><\/h2>\n\n<p>Estos son los dos principales usos de Testorix P Injection:<\/p>\n\n<ol class=\"wp-block-list\">\n<li><strong>Bodybuilding: Widely popular among bodybuilders, this steroid injection leads to rapid muscle growth and improves strength &amp; endurance.<\/strong><\/li>\n\n\n\n<li>Terapia de sustituci\u00f3n androg\u00e9nica: Se prescribe a los hombres con niveles bajos de testosterona. Este medicamento mejora los niveles de testosterona hasta el ideal y regula el estado de \u00e1nimo, la energ\u00eda y la libido sexual.<\/li>\n<\/ol>\n\n<h2 class=\"wp-block-heading\"><strong>\u00bfC\u00f3mo act\u00faa Testorix P Injection?<\/strong><\/h2>\n\n<p>Testorix P contiene propionato de testosterona como principal ingrediente activo que imita la hormona testosterona natural producida por el cuerpo. Por lo tanto, aumenta los niveles de testosterona en el cuerpo despu\u00e9s de la administraci\u00f3n y mejora el crecimiento muscular, la fuerza y la resistencia. Esta testosterona sint\u00e9tica tambi\u00e9n juega un papel vital en la estimulaci\u00f3n de la energ\u00eda y la prevenci\u00f3n de la fatiga que es muy deseada para las sesiones de entrenamiento de alta intensidad.<\/p>\n\n<p>A continuaci\u00f3n, mejora los niveles de testosterona que elimina los s\u00edntomas de deficiencia de testosterona, lo que permite a los hombres a llevar una vida plena. Esta droga aumenta el estado de \u00e1nimo y la energ\u00eda, y mejora la libido sexual mediante el aumento de la testosterona en los hombres. Es por lo tanto una parte eficaz de la terapia de reemplazo de andr\u00f3genos y para el tratamiento del hipogonadismo masculino.<\/p>\n\n<h2 class=\"wp-block-heading\"><strong>Beneficios de Testorix P 100mg\/ml<\/strong><\/h2>\n\n<ul class=\"wp-block-list\">\n<li>Tratamiento eficaz del hipogonadismo masculino<\/li>\n\n\n\n<li>Mejora visible de la masa y la fuerza muscular<\/li>\n\n\n\n<li>Acelera el tiempo de recuperaci\u00f3n<\/li>\n\n\n\n<li>Aumenta el rendimiento deportivo general<\/li>\n\n\n\n<li>Favorece la vitalidad y mejora la calidad de vida<\/li>\n<\/ul>\n\n<h2 class=\"wp-block-heading\"><strong>Plataforma fiable y segura para comprar Testorix P Injection<\/strong><\/h2>\n\n<p>Mientras usted est\u00e1 buscando un exportador confiable de Testorix P Injection, MedsExporter.com ya est\u00e1 sirviendo a cientos y miles de mayoristas, distribuidores y proveedores de atenci\u00f3n m\u00e9dica. Estamos encantados de estar entre los m\u00e1s fiables y seguros en l\u00ednea las empresas farmac\u00e9uticas la entrega de medicamentos 100% aut\u00e9nticos en todo el mundo. Todos nuestros productos se someten a estrictos controles de calidad para que nuestros compradores puedan centrarse en las actividades principales de su negocio y los usuarios finales alcancen el bienestar que se merecen.<\/p>\n\n<h2 class=\"wp-block-heading\"><strong>Precios personalizados y basados en la ciencia de datos<\/strong><\/h2>\n\n<p>Somos uno de los mayoristas modernos de Testorix P que conf\u00eda en modelos de precios personalizados respaldados por la ciencia de datos. Esto nos permite compartir presupuestos personalizados, descuentos exclusivos para compradores basados en su fidelidad, ofertas especiales seg\u00fan la cantidad a granel, etc. El resultado es que los compradores obtienen los m\u00e1ximos beneficios en la compra y nosotros logramos la satisfacci\u00f3n del cliente. El resultado es que los compradores obtienen los m\u00e1ximos beneficios en la compra y nosotros logramos la satisfacci\u00f3n del cliente.<\/p>\n\n<h2 class=\"wp-block-heading\"><strong>Servicio de env\u00edo r\u00e1pido, seguro y preciso<\/strong><\/h2>\n\n<p>MedsExporter.com prefiere r\u00e1pida, segura y precisa de los servicios de env\u00edo con la ayuda de una amplia red log\u00edstica haciendo que todo el proceso de entrega suave, eficiente y confiable. Tambi\u00e9n proporcionamos enlaces de seguimiento de pedidos a nuestros compradores para el seguimiento pr\u00e1ctico de sus pedidos a medida que avanzan.<\/p>\n\n<h2 class=\"wp-block-heading\"><strong>Atenci\u00f3n al cliente 24*7<\/strong><\/h2>\n\n<p>Disponga de atenci\u00f3n al cliente 24*7 para que todas sus dudas estallen, pueda preguntarnos en cualquier momento y aclarar sus dudas con nosotros.<\/p>\n\n<h2 class=\"wp-block-heading\"><strong>Preguntas frecuentes<\/strong><\/h2>\n\n<h3 class=\"wp-block-heading\"><strong>\u00bfC\u00f3mo se debe tomar Testorix P Inyecci\u00f3n?<\/strong><\/h3>\n\n<p>Normalmente, el suplemento de culturismo Testorix P se inyecta por v\u00eda intramuscular. Aseg\u00farate de que s\u00f3lo te lo inyecte un profesional m\u00e9dico capacitado. No se lo administre usted mismo.<\/p>\n\n<h3 class=\"wp-block-heading\"><strong>\u00bfCu\u00e1l es la dosis recomendada para los culturistas?<\/strong><\/h3>\n\n<p>Testorix P 100mg\/ml es la dosis est\u00e1ndar de un esteroide de culturismo. Sin embargo, los culturistas podr\u00edan ser sugeridos para el uso de este esteroide en distintas frecuencias en funci\u00f3n de su metabolismo, la respuesta a los esteroides, y los objetivos de fitness.<\/p>\n\n<h3 class=\"wp-block-heading\"><strong>\u00bfQu\u00e9 tipo de r\u00e9gimen de ejercicios deben seguir los culturistas mientras usan Testorix P Injection?<\/strong><\/h3>\n\n<p>El r\u00e9gimen de ejercicios puede variar entre los culturistas seg\u00fan sus objetivos de fitness. Por lo general, una combinaci\u00f3n de ejercicios cardiovasculares y entrenamiento de fuerza puede conducir a los resultados deseados junto con el esteroide Testorix P. Tambi\u00e9n puede optar por entrenamientos HIIT.<\/p>\n\n<h3 class=\"wp-block-heading\"><strong>\u00bfEs seguro para un uso prolongado?<\/strong><\/h3>\n\n<p>No, no es seguro para el uso a largo plazo, pero para un per\u00edodo de tratamiento espec\u00edfico es decir, hasta 8 o 12 semanas. Con esto dicho, no exceda el uso de este esteroide culturismo m\u00e1s de 12 semanas de lo contrario puede conducir a riesgos potenciales para la salud.<\/p>\n\n<h3 class=\"wp-block-heading\"><strong>\u00bfPuedo obtener una oferta por la compra al por mayor de Testorix P inyectable?<\/strong><\/h3>\n\n<p>\u00a1S\u00ed, seguro! MedsExporter.com tiene algunas ofertas interesantes en la compra a granel que se puede averiguar por preguntar con nosotros. \u00a1P\u00f3ngase en contacto con nosotros ahora y pregunte por las mejores ofertas y descuentos exclusivos para usted!<\/p>\n\n<h3 class=\"wp-block-heading\"><strong>\u00bfC\u00f3mo conservar Testorix P?<\/strong><\/h3>\n\n<p>La mejor condici\u00f3n de almacenamiento para esta inyecci\u00f3n es mantenerla entre 15 y 25 grados cent\u00edgrados, lejos de la humedad y las altas temperaturas. Adem\u00e1s, gu\u00e1rdela fuera del alcance de los ni\u00f1os.<\/p>\n\n<h3 class=\"wp-block-heading\"><strong>\u00bfC\u00f3mo puedo hacer el seguimiento de mi pedido?<\/strong><\/h3>\n\n<p>Cuando el pedido est\u00e9 listo para ser enviado a nuestro almac\u00e9n, le enviaremos por correo electr\u00f3nico un enlace de seguimiento del pedido a su direcci\u00f3n de correo electr\u00f3nico registrada. Podr\u00e1 hacer el seguimiento de su pedido utilizando ese enlace. P\u00f3ngase en contacto con nosotros si tiene alguna duda o problema con el seguimiento del pedido.<\/p>\n","protected":false},"excerpt":{"rendered":"Introducci\u00f3n de Testorix P Esteroide Culturismo Testorix P es un esteroide inyectable de culturismo con propionato de testosterona como \u00fanico ingrediente activo. Se comercializa como Testoviron y es muy popular entre los entusiastas del fitness y atletas para mejorar el rendimiento f\u00edsico, mejorar el crecimiento muscular y la fuerza, y la reducci\u00f3n de la fatiga. [&hellip;]","protected":false},"featured_media":48701,"template":"","meta":{"_glsr_average":0,"_glsr_ranking":0,"_glsr_reviews":0},"product_brand":[],"product_cat":[3936],"product_tag":[],"product_form":[4133],"class_list":{"0":"post-49934","1":"product","2":"type-product","3":"status-publish","4":"has-post-thumbnail","6":"product_cat-medicina-de-musculacion-fabricantes-en-india","7":"product_form-inyeccion-fabricante-en-india","9":"first","10":"instock","11":"shipping-taxable","12":"purchasable","13":"product-type-simple"},"_links":{"self":[{"href":"https:\/\/www.medsexporter.com\/es\/wp-json\/wp\/v2\/product\/49934","targetHints":{"allow":["GET"]}}],"collection":[{"href":"https:\/\/www.medsexporter.com\/es\/wp-json\/wp\/v2\/product"}],"about":[{"href":"https:\/\/www.medsexporter.com\/es\/wp-json\/wp\/v2\/types\/product"}],"wp:featuredmedia":[{"embeddable":true,"href":"https:\/\/www.medsexporter.com\/es\/wp-json\/wp\/v2\/media\/48701"}],"wp:attachment":[{"href":"https:\/\/www.medsexporter.com\/es\/wp-json\/wp\/v2\/media?parent=49934"}],"wp:term":[{"taxonomy":"product_brand","embeddable":true,"href":"https:\/\/www.medsexporter.com\/es\/wp-json\/wp\/v2\/product_brand?post=49934"},{"taxonomy":"product_cat","embeddable":true,"href":"https:\/\/www.medsexporter.com\/es\/wp-json\/wp\/v2\/product_cat?post=49934"},{"taxonomy":"product_tag","embeddable":true,"href":"https:\/\/www.medsexporter.com\/es\/wp-json\/wp\/v2\/product_tag?post=49934"},{"taxonomy":"product_form","embeddable":true,"href":"https:\/\/www.medsexporter.com\/es\/wp-json\/wp\/v2\/product_form?post=49934"}],"curies":[{"name":"wp","href":"https:\/\/api.w.org\/{rel}","templated":true}]}}