{"id":49923,"date":"2024-04-24T12:07:10","date_gmt":"2024-04-24T12:07:10","guid":{"rendered":"https:\/\/medsexporter.com\/product\/clenabol-40-mcg-comprimido\/"},"modified":"2024-07-12T09:06:57","modified_gmt":"2024-07-12T09:06:57","slug":"clenabol-40-mcg-comprimido","status":"publish","type":"product","link":"https:\/\/www.medsexporter.com\/es\/product\/clenabol-40-mcg-comprimido\/","title":{"rendered":"Clenabol 40 mcg Comprimido"},"content":{"rendered":"\n<h2 class=\"wp-block-heading\"><strong>Resumen de Clenabol 40 mcg Comprimido<\/strong><\/h2>\n\n\n\n<p>Clenabol 40 mcg Tablet es el \u00faltimo medicamento para quemar grasa popular entre los culturistas. Se utiliza s\u00f3lo con receta m\u00e9dica. Los culturistas y los fan\u00e1ticos de la aptitud est\u00e1n machacando sobre esta p\u00edldora del quemador gordo del surefire que realce funcionamiento atl\u00e9tico total tambi\u00e9n. Adem\u00e1s, aumenta los niveles de energ\u00eda y ayuda a las personas a ganar masa muscular magra.<\/p>\n\n\n\n<p>Este medicamento se vende bajo la marca Ventipulmin y contiene un potente ingrediente activo Clenbuterol. \u00a1Si su objetivo es perder peso, construir un f\u00edsico definido, mientras que el cuidado de la retenci\u00f3n muscular, y la b\u00fasqueda de un seguro y seguro remedio, este medicamento cubre todos!<\/p>\n\n\n\n<h2 class=\"wp-block-heading\"><strong>Usos de Clenabol 40 mcg Comprimido<\/strong><\/h2>\n\n\n\n<p>Los principales usos de los comprimidos de Clenabol son los siguientes:<\/p>\n\n\n\n<ol class=\"wp-block-list\">\n<li>P\u00e9rdida de peso: Este f\u00e1rmaco tiene excelentes propiedades para quemar grasa que es muy necesaria entre las personas que se centran en la p\u00e9rdida de grasa. Los individuos con metas espec\u00edficas de la p\u00e9rdida del peso deben darle un intento (bajo direcci\u00f3n m\u00e9dica) para los resultados obvios.<\/li>\n\n\n\n<li>Mejora los s\u00edntomas del asma: Uno de sus usos fuera de etiqueta incluye la mejora del asma y trastornos respiratorios similares. Su contenido activo tambi\u00e9n posee propiedades broncodilatadoras, lo que permite a los usuarios sentirse menos fatigados entre los entrenamientos.<\/li>\n\n\n\n<li>Mejora el rendimiento atl\u00e9tico: La fuerza y la resistencia son algunos factores importantes en los que se basa el culturismo. Lo mismo se aplica a los atletas y a las personas con objetivos de puesta en forma. Este medicamento mejora el rendimiento atl\u00e9tico en general mediante el apoyo a la fuerza muscular y el aumento de la resistencia. Las personas dan as\u00ed su 100% de dedicaci\u00f3n durante su viaje de fitness.<\/li>\n\n\n\n<li>Asegura la retenci\u00f3n muscular: Retener los m\u00fasculos mientras se pierde grasa es un tema delicado manejado con gracia por Clenbuterol. Durante el uso de este medicamento, las personas pueden asegurar que los m\u00fasculos se conservan durante los ciclos de corte para la aptitud \u00f3ptima.<\/li>\n<\/ol>\n\n\n\n<h2 class=\"wp-block-heading\"><strong>Clenabol Formas y Dosis<\/strong><\/h2>\n\n\n\n<p>Normalmente, este medicamento Clenbuterol est\u00e1 disponible como comprimidos orales, l\u00edquidos e inyectables. Cualquiera de ellos se prescribe entre las personas sobre la base de su nivel de tolerancia, la experiencia con este tipo de drogas, el metabolismo, las condiciones m\u00e9dicas existentes, otros medicamentos en uso, etc. Adem\u00e1s, Clenabol 40 mcg es la dosis est\u00e1ndar de este medicamento que ayuda en el cumplimiento de los objetivos previstos. El m\u00e9dico puede sugerir una dosis m\u00e1s baja primero y luego cambiar a una dosis m\u00e1s alta si es necesario.<\/p>\n\n\n\n<h2 class=\"wp-block-heading\"><strong>\u00bfC\u00f3mo funciona?<\/strong><\/h2>\n\n\n\n<p>Clenabol funciona acelerando las funciones de los receptores beta-2 en el cuerpo. Lo hace para aumentar la tasa metab\u00f3lica y la termog\u00e9nesis, la promoci\u00f3n de la p\u00e9rdida de grasa m\u00e1s r\u00e1pido, y mejorar el flujo de ox\u00edgeno. Todo ello facilita la respiraci\u00f3n, ayuda a alcanzar los objetivos de culturismo y tambi\u00e9n trata los s\u00edntomas del asma.<\/p>\n\n\n\n<h2 class=\"wp-block-heading\"><strong>Beneficios de Clenabol 40 mcg Comprimido<\/strong><\/h2>\n\n\n\n<ul class=\"wp-block-list\">\n<li>Aumenta la energ\u00eda<\/li>\n\n\n\n<li>Asegura la retenci\u00f3n muscular<\/li>\n\n\n\n<li>Conduce a la p\u00e9rdida de grasa<\/li>\n\n\n\n<li>Ayuda a una respiraci\u00f3n suave<\/li>\n<\/ul>\n\n\n\n<h2 class=\"wp-block-heading\"><strong>Advertencias y precauciones<\/strong><\/h2>\n\n\n\n<ul class=\"wp-block-list\">\n<li>No utilice este medicamento para el culturismo y el asma sin consultar al m\u00e9dico.<\/li>\n\n\n\n<li>Siga las pautas de dosificaci\u00f3n ideales para prevenir reacciones adversas.<\/li>\n\n\n\n<li>Este f\u00e1rmaco no es seguro y, por lo tanto, no se recomienda entre los pacientes card\u00edacos.<\/li>\n\n\n\n<li>Mant\u00e9ngase hidratado durante el periodo de tratamiento para una eficacia \u00f3ptima.<\/li>\n<\/ul>\n\n\n\n<h2 class=\"wp-block-heading\"><strong>Plataforma segura para las compras<\/strong><\/h2>\n\n\n\n<p>Siempre puede contar con www.MedsExporter.com para una experiencia de compra segura y fiable. Encuentre todos los medicamentos de culturismo de renombre bajo un mismo techo con transacciones seguras, 100% de garant\u00eda de calidad y privacidad intacta.<\/p>\n\n\n\n<h2 class=\"wp-block-heading\"><strong>Clenabol 40 mcg Tablet Precio al por mayor<\/strong><\/h2>\n\n\n\n<p>Pregunte por el precio al por mayor de este medicamento en www.MedsExporter.com y obtenga las mejores ofertas y descuentos. Nuestro objetivo es hacer de este medicamento altamente eficaz para la p\u00e9rdida de grasa de f\u00e1cil acceso a precios econ\u00f3micos. \u00a1Manteniendo los requisitos de los centros de fitness, gimnasios y equipos deportivos, est\u00e1 disponible a los mejores precios aqu\u00ed!<\/p>\n\n\n\n<h2 class=\"wp-block-heading\">Proceso de pago sencillo y r\u00e1pido<\/h2>\n\n\n\n<p>Nuestro proceso de pago \u00e1gil y seguro garantiza un pago m\u00e1s r\u00e1pido y seguro con el m\u00e9todo de pago que prefiera. Puede pagar a trav\u00e9s de PayPal, tarjetas de cr\u00e9dito o de la forma que prefiera.<\/p>\n\n\n\n<h2 class=\"wp-block-heading\">Servicio de atenci\u00f3n al cliente 24*7<\/h2>\n\n\n\n<p>Nuestros ejecutivos de atenci\u00f3n al cliente responder\u00e1n a sus dudas e inquietudes las 24 horas del d\u00eda, los 7 d\u00edas de la semana. No importa si su consulta est\u00e1 relacionada con su pedido o si necesita informaci\u00f3n sobre el producto, recibir\u00e1 asistencia las 24 horas del d\u00eda.<\/p>\n\n\n\n<h2 class=\"wp-block-heading\"><strong>Preguntas frecuentes<\/strong><\/h2>\n\n\n\n<h3 class=\"wp-block-heading\"><strong>\u00bfC\u00f3mo reacciona con el organismo?<\/strong><\/h3>\n\n\n\n<p>Este medicamento interact\u00faa con el organismo estimulando los receptores beta-2, lo que aumenta la tasa metab\u00f3lica y la termog\u00e9nesis. Por lo tanto, provoca la p\u00e9rdida de grasa y aumenta la energ\u00eda.<\/p>\n\n\n\n<h3 class=\"wp-block-heading\"><strong>\u00bfC\u00f3mo guardarlo?<\/strong><\/h3>\n\n\n\n<p>Almacenar las tabletas de Clenabol 40 mcg solamente en un lugar fresco y seco. Aseg\u00farese de que no se deja bajo la luz directa del sol, el calor o la humedad. Col\u00f3quelo fuera del alcance de los ni\u00f1os y animales dom\u00e9sticos como la administraci\u00f3n accidental puede conducir a riesgos graves para la salud.<\/p>\n\n\n\n<h3 class=\"wp-block-heading\"><strong>\u00bfPueden utilizarlo las mujeres?<\/strong><\/h3>\n\n\n\n<p>S\u00ed, las mujeres pueden utilizarlo siempre que se lo recete un profesional sanitario autorizado. Se recomienda empezar con una dosis baja y se vigilar\u00e1 su respuesta por motivos de seguridad.<\/p>\n\n\n\n<h3 class=\"wp-block-heading\"><strong>\u00bfCu\u00e1nto dura Clenabol 40 mcg?<\/strong><\/h3>\n\n\n\n<p>Por lo general, la eficacia de las p\u00edldoras Clenabol 40 mcg puede permanecer hasta 24 horas. Sin embargo, como las respuestas individuales var\u00edan, pueden durar m\u00e1s o menos tiempo seg\u00fan el metabolismo del usuario. Para evitar la tolerancia del medicamento, las dosis son programadas con precisi\u00f3n por el m\u00e9dico en funci\u00f3n de las preferencias del usuario.<\/p>\n\n\n\n<h3 class=\"wp-block-heading\"><strong>\u00bfInteract\u00faa con otros medicamentos?<\/strong><\/h3>\n\n\n\n<p>S\u00ed, el Clenbuterol de este medicamento puede interaccionar con otros medicamentos, especialmente con medicamentos para el coraz\u00f3n. Aseg\u00farese de haber comunicado sus medicamentos actuales y aquellos a los que es al\u00e9rgico antes de comenzar el tratamiento con Clenabol 40 mcg comprimidos.<\/p>\n\n\n\n<h2 class=\"wp-block-heading\">Otras tabletas de culturismo son:<\/h2>\n\n\n\n<p><a href=\"https:\/\/medsexporter.com\/product\/danabol-tablet\/\">Danabol tablet<\/a> | <a href=\"https:\/\/medsexporter.com\/product\/decamaxx-inj-amp\/\">Decamaxx Inj Amp<\/a> | <a href=\"https:\/\/medsexporter.com\/product\/masteron-benefits-in-bodybuilding\/\">Masteron Benefits in Bodybuilding<\/a><\/p>\n","protected":false},"excerpt":{"rendered":"<p><strong>Clenabol 40 mcg Tablet<\/strong> is a Clenbuterol pill sold under the brand name Ventipulmin. It helps bodybuilders retain muscle mass, and sustain strength and endurance. Also, it promotes weight loss along with natural fat-burning properties. This medicine may be prescribed among asthma patients too.<\/p>","protected":false},"featured_media":51503,"template":"","meta":{"_glsr_average":0,"_glsr_ranking":0,"_glsr_reviews":0},"product_brand":[],"product_cat":[3936],"product_tag":[],"product_form":[],"class_list":{"0":"post-49923","1":"product","2":"type-product","3":"status-publish","4":"has-post-thumbnail","6":"product_cat-medicina-de-musculacion-fabricantes-en-india","8":"first","9":"instock","10":"shipping-taxable","11":"purchasable","12":"product-type-simple"},"_links":{"self":[{"href":"https:\/\/www.medsexporter.com\/es\/wp-json\/wp\/v2\/product\/49923","targetHints":{"allow":["GET"]}}],"collection":[{"href":"https:\/\/www.medsexporter.com\/es\/wp-json\/wp\/v2\/product"}],"about":[{"href":"https:\/\/www.medsexporter.com\/es\/wp-json\/wp\/v2\/types\/product"}],"wp:featuredmedia":[{"embeddable":true,"href":"https:\/\/www.medsexporter.com\/es\/wp-json\/wp\/v2\/media\/51503"}],"wp:attachment":[{"href":"https:\/\/www.medsexporter.com\/es\/wp-json\/wp\/v2\/media?parent=49923"}],"wp:term":[{"taxonomy":"product_brand","embeddable":true,"href":"https:\/\/www.medsexporter.com\/es\/wp-json\/wp\/v2\/product_brand?post=49923"},{"taxonomy":"product_cat","embeddable":true,"href":"https:\/\/www.medsexporter.com\/es\/wp-json\/wp\/v2\/product_cat?post=49923"},{"taxonomy":"product_tag","embeddable":true,"href":"https:\/\/www.medsexporter.com\/es\/wp-json\/wp\/v2\/product_tag?post=49923"},{"taxonomy":"product_form","embeddable":true,"href":"https:\/\/www.medsexporter.com\/es\/wp-json\/wp\/v2\/product_form?post=49923"}],"curies":[{"name":"wp","href":"https:\/\/api.w.org\/{rel}","templated":true}]}}