{"id":49902,"date":"2024-04-24T10:50:40","date_gmt":"2024-04-24T10:50:40","guid":{"rendered":"https:\/\/medsexporter.com\/product\/inyeccion-de-boldabol\/"},"modified":"2024-07-12T06:35:40","modified_gmt":"2024-07-12T06:35:40","slug":"inyeccion-de-boldabol","status":"publish","type":"product","link":"https:\/\/www.medsexporter.com\/es\/product\/inyeccion-de-boldabol\/","title":{"rendered":"Inyecci\u00f3n de Boldabol"},"content":{"rendered":"\n<h2 class=\"wp-block-heading\"><strong>\u00bfQu\u00e9 es Boldabol Injection(Boldenone Undecylenate)?<\/strong><\/h2>\n\n\n\n<p>Boldabol Injection es un esteroide anab\u00f3lico analg\u00e9sico popular por su alta potencia para la construcci\u00f3n muscular y la mejora del rendimiento general. Contiene Boldenone Undecylenate como un componente principal, inicialmente encontrado para uso veterinario. Debido a su alta eficacia con seguridad, es cada vez m\u00e1s popular entre los entusiastas del fitness como culturistas y atletas que buscan mejoras en el rendimiento m\u00e1ximo.<\/p>\n\n\n\n<h2 class=\"wp-block-heading\"><strong>Usos de la inyecci\u00f3n de Boldabol<\/strong><\/h2>\n\n\n\n<p>Es un tratamiento m\u00e9dico para mejorar el rendimiento entre culturistas y atletas. La inyecci\u00f3n de boldadol se utiliza principalmente para:<\/p>\n\n\n\n<p>1. Aumento de la fuerza<\/p>\n\n\n\n<p>2. Crecimiento y desarrollo muscular<\/p>\n\n\n\n<p>3. Aumentar el vigor y la resistencia<\/p>\n\n\n\n<p>4. Favorece la salud articular<\/p>\n\n\n\n<p>5. Ayuda a la recuperaci\u00f3n y reparaci\u00f3n<\/p>\n\n\n\n<p>Tambi\u00e9n puede sugerirse tras una intervenci\u00f3n quir\u00fargica en varios \u00e1mbitos m\u00e9dicos. Este f\u00e1rmaco tambi\u00e9n trata el s\u00edndrome de desgaste que sigue a enfermedades cr\u00f3nicas como la osteoporosis y los trastornos de desgaste muscular.<\/p>\n\n\n\n<h2 class=\"wp-block-heading\"><strong>Formas de Boldabol y dosificaci\u00f3n<\/strong><\/h2>\n\n\n\n<p>Este Boldenone Undecylenate est\u00e1 disponible en forma inyectable para una f\u00e1cil aplicaci\u00f3n y r\u00e1pida eficacia. Se administra por v\u00eda intramuscular con dosis personalizadas de acuerdo a la tolerancia del usuario, los objetivos de fitness, y experiencias. La formulaci\u00f3n inyectable asegura la liberaci\u00f3n sostenida del medicamento para niveles sangu\u00edneos estables y necesidades de dosificaci\u00f3n menos frecuentes.<\/p>\n\n\n\n<p>Normalmente, la dosis de esta inyecci\u00f3n es de 200 mg a 400 mg a la semana, con administraciones programadas a intervalos regulares a lo largo de la semana. Adem\u00e1s, las dosis se programar\u00e1n en funci\u00f3n de la tolerancia y las preferencias (es decir, principiantes, intermedios y avanzados). Inicialmente, se empezar\u00e1 con una dosis baja para observar la respuesta al f\u00e1rmaco y se podr\u00e1 aumentar la frecuencia tras observar la respuesta. Mientras que de 200 mg a 400 mg funcionan bien para los principiantes, los usuarios de nivel intermedio pueden dosificarse con 400 mg a 600 mg por. Los usuarios de niveles avanzados pueden dosificarse con 600 mg a 800 mg por semana si as\u00ed se prescribe.<\/p>\n\n\n\n<p>El ciclo de tratamiento con la inyecci\u00f3n de undecilenato de boldenona var\u00eda de una persona a otra y oscila entre 8 y 12 semanas. Probablemente, el ciclo m\u00e1s largo es de 16 semanas y s\u00f3lo se opta por \u00e9l entre usuarios experimentados. No se recomienda el uso prolongado debido al alto riesgo de abuso y drogodependencia.<\/p>\n\n\n\n<p>Para la mayor\u00eda de los usuarios, la terapia post-ciclo es necesaria para la recuperaci\u00f3n hormonal ya que esta droga crea varios desequilibrios hormonales. Adem\u00e1s, PCT minimiza el riesgo de adversidades.<\/p>\n\n\n\n<h2 class=\"wp-block-heading\"><strong>\u00bfC\u00f3mo funciona la inyecci\u00f3n de Boldabol?<\/strong><\/h2>\n\n\n\n<p>El mecanismo de acci\u00f3n de esta inyecci\u00f3n Boldenone Undecylenate es multifaced para mejorar los efectos anab\u00f3licos en el cuerpo humano. Su funcionamiento abarca la mejora del rendimiento general del individuo. El ingrediente activo (Boldenone Undecylenate) impulsa el proceso anab\u00f3lico del cuerpo, uni\u00e9ndose as\u00ed a los receptores de andr\u00f3genos dentro de las c\u00e9lulas musculares. Esto promueve la s\u00edntesis de prote\u00ednas y hace que el cuerpo retenga el nitr\u00f3geno esencial para el crecimiento muscular. Al favorecer el suministro de ox\u00edgeno a los gl\u00f3bulos rojos, favorece la resistencia y la fuerza.<\/p>\n\n\n\n<p>Esta inyecci\u00f3n tambi\u00e9n favorece la p\u00e9rdida de grasa y la formaci\u00f3n de masa muscular magra para conseguir un f\u00edsico definido y esculpido. Favorece la salud de las articulaciones y mejora el estado de \u00e1nimo y la confianza en uno mismo. En general, prepara la mente y el cuerpo para alcanzar los objetivos de fitness sin comprometer la salud.<\/p>\n\n\n\n<p>Para obtener unos beneficios \u00f3ptimos y un buen funcionamiento de este medicamento, es imprescindible una receta m\u00e9dica.<\/p>\n\n\n\n<h2 class=\"wp-block-heading\"><strong>Beneficios de la inyecci\u00f3n de Boldabol<\/strong><\/h2>\n\n\n\n<p>Boldabol Injection, al igual que cualquier otro esteroide anab\u00f3lico analg\u00e9sico, ofrece una amplia gama de beneficios para optimizar el rendimiento f\u00edsico en general. Aqu\u00ed est\u00e1n los que hay que contar:<\/p>\n\n\n\n<p>Mejoras en la fuerza f\u00edsica y la potencia: Los culturistas o atletas experimentan mejoras dr\u00e1sticas en la fuerza f\u00edsica y el poder despu\u00e9s de usar esta inyecci\u00f3n. Los consigue listos para levantar pesos pesados y para realizar entrenamientos de alta intensidad sin la aver\u00eda f\u00edsica o la fuerza perdidosa.<\/p>\n\n\n\n<p>Ganancia de masa muscular magra: Uno de los beneficios clave de esta inyecci\u00f3n es la ganancia de masa muscular magra, ayudando as\u00ed a los entusiastas del culturismo a lograr una l\u00ednea corporal transformadora y esculpida.<\/p>\n\n\n\n<p>Mejora del vigor y la resistencia: Esta inyecci\u00f3n permite a las personas minimizar la fatiga al potenciar el vigor y la resistencia. As\u00ed pueden realizar actividades f\u00edsicas sin perder energ\u00eda ni concentraci\u00f3n.<\/p>\n\n\n\n<p>Acelerar la producci\u00f3n de gl\u00f3bulos rojos: Boldenone Undecylenate ayuda en la mejora de la producci\u00f3n de ox\u00edgeno de las c\u00e9lulas rojas de la sangre que suministra m\u00e1s ox\u00edgeno a los m\u00fasculos y mejora el rendimiento de los tejidos a su vez.<\/p>\n\n\n\n<p>Mejora de la salud de las articulaciones y los tejidos conjuntivos: La salud y la resistencia de las articulaciones mejoran como nada mientras se est\u00e1 en tratamiento con este medicamento. Adem\u00e1s, los culturistas y atletas son testigos de un apoyo inmejorable a la longevidad y un riesgo m\u00ednimo de lesiones.<\/p>\n\n\n\n<p>Elevar el estado de \u00e1nimo y confianza en s\u00ed mismo: Los individuos pueden llevar una mentalidad positiva y mantenerse motivado a lo largo de su viaje de la aptitud mediante el uso de este esteroide.<\/p>\n\n\n\n<p>Mejora de la tasa metab\u00f3lica: Una tasa metab\u00f3lica elevada garantiza la p\u00e9rdida de grasa esperada y favorece la definici\u00f3n muscular, ayudando as\u00ed a la eficiencia metab\u00f3lica.<\/p>\n\n\n\n<p>Promover la rehabilitaci\u00f3n y la recuperaci\u00f3n: Adem\u00e1s de diversos beneficios para el culturismo, esta inyecci\u00f3n favorece la reparaci\u00f3n y recuperaci\u00f3n de los tejidos de forma eficaz. Por tanto, puede sugerirse tras una intervenci\u00f3n quir\u00fargica para restablecer la capacidad funcional del paciente.<\/p>\n\n\n\n<p>M\u00ednimos riesgos y complicaciones para la salud: Cuando se utiliza de manera responsable y seg\u00fan la prescripci\u00f3n, este esteroide ofrece beneficios para la salud y los efectos secundarios son m\u00ednimos.<\/p>\n\n\n\n<p>Adecuado para culturistas principiantes y avanzados: Tanto si un culturista\/atleta principiante como de nivel avanzado desea utilizar este medicamento, la dosis puede adaptarse a sus necesidades y preferencias.<\/p>\n\n\n\n<h2 class=\"wp-block-heading\"><strong>Efectos secundarios<\/strong><\/h2>\n\n\n\n<p>Los s\u00edntomas de masculinizaci\u00f3n como el acn\u00e9, cambios en la voz, aumento del crecimiento del vello, aumento de los deseos sexuales, etc son los efectos secundarios comunes de Boldabol Injection. Los usuarios son m\u00e1s propensos a experimentar estos efectos secundarios comunes s\u00f3lo durante los primeros d\u00edas de tratamiento. Supuestamente se reducir\u00e1n a medida que el cuerpo se adapta a este esteroide anab\u00f3lico androg\u00e9nico.<\/p>\n\n\n\n<p>Si se consume indebidamente, en sobredosis o se inyecta durante un periodo prolongado, aumenta el riesgo de complicaciones para la salud. Los casos de tales complicaciones incluyen:<\/p>\n\n\n\n<ul class=\"wp-block-list\">\n<li>Alteraciones endocrinas (desequilibrio endocrino)<\/li>\n\n\n\n<li>Mayor riesgo de problemas cardiovasculares (hipertensi\u00f3n, aumento de los niveles de colesterol, etc.)<\/li>\n\n\n\n<li>Efectos androg\u00e9nicos (caracterizados por una mayor ca\u00edda del cabello, acn\u00e9 y piel grasa).<\/li>\n\n\n\n<li>Sobrecarga de las funciones hep\u00e1ticas normales<\/li>\n\n\n\n<li>Virilizaci\u00f3n de la mujer (engrosamiento de la voz, agrandamiento del cl\u00edtoris, menstruaciones irregulares, etc.)<\/li>\n<\/ul>\n\n\n\n<p>Garantizar el uso seguro de estos esteroides es de suma importancia para evitar cualquier riesgo importante para la salud. A menudo resulta tentador utilizar estos f\u00e1rmacos para mejorar el rendimiento de forma abrumadora y aumentar los resultados de la noche a la ma\u00f1ana. Pero tambi\u00e9n conlleva sus propias complicaciones. Por lo tanto, se adhieren al r\u00e9gimen aconsejado y garantizar la seguridad.<\/p>\n\n\n\n<h3 class=\"wp-block-heading\"><strong>Sobredosificaci\u00f3n<\/strong><\/h3>\n\n\n\n<p>La sobredosis de Boldabol inyectable conlleva graves riesgos para la salud, como insuficiencia renal, sobrecarga hep\u00e1tica, supresi\u00f3n de testosterona, desequilibrios en los niveles de estr\u00f3geno, acn\u00e9 grave y riesgos cardiovasculares. Adem\u00e1s, puede causar numerosos problemas de salud f\u00edsica y psicol\u00f3gica en caso de uso indebido. Se recomienda encarecidamente utilizarlo s\u00f3lo con la frecuencia recomendada y durante un tiempo limitado.<\/p>\n\n\n\n<p>Llame al tel\u00e9fono de emergencias, al servicio de toxicolog\u00eda o p\u00f3ngase en contacto con su profesional sanitario para hacer frente a estas adversidades.<\/p>\n\n\n\n<h2 class=\"wp-block-heading\"><strong>Fuerza de inyecci\u00f3n disponible<\/strong><\/h2>\n\n\n\n<p>Esta inyecci\u00f3n de undecilenato de boldenona est\u00e1 disponible en diferentes dosis para satisfacer las distintas necesidades y preferencias.<\/p>\n\n\n\n<ul class=\"wp-block-list\">\n<li>50 mg\/ml (para principiantes)<\/li>\n\n\n\n<li>100 mg\/ml (Usuarios de nivel intermedio)<\/li>\n\n\n\n<li><strong>200 mg\/ml (lo mejor para culturistas experimentados y veteranos)<\/strong><\/li>\n\n\n\n<li>250 mg\/ml (No sugerido t\u00edpicamente pero s\u00f3lo entre culturistas avanzados)<\/li>\n<\/ul>\n\n\n\n<p>Cualquiera de las dosis mencionadas se prescribe teniendo en cuenta el nivel de experiencia, la tolerancia al riesgo y los objetivos de forma f\u00edsica de cada persona. Antes de sugerir cualquiera de ellas, se eval\u00faan los problemas de salud preexistentes del usuario, los medicamentos que est\u00e9 tomando y los factores psicol\u00f3gicos relacionados con su salud.<\/p>\n\n\n\n<h2 class=\"wp-block-heading\"><strong>Precio al por mayor de Boldabol<\/strong><\/h2>\n\n\n\n<p>Comprar Boldadol Injection al por mayor online le costar\u00e1 considerablemente menos que al por menor. Es una gran oportunidad para los minoristas, as\u00ed como gimnasios que promueven el uso de este medicamento entre los culturistas para comprar esta inyecci\u00f3n en cantidades a granel. Tambi\u00e9n puede beneficiarse de la compra al por mayor si es farmac\u00e9utico local o posee una farmacia en l\u00ednea.<\/p>\n\n\n\n<p>Sin duda, el costo de esta inyecci\u00f3n var\u00eda seg\u00fan el fabricante, la disponibilidad y los gastos de env\u00edo. MedsExporter.com asegura que usted obtenga los m\u00e1ximos beneficios de precios con cero compromiso en la calidad. Obtenga 100% garantizada la calidad de la inyecci\u00f3n Boldabol a precios al por mayor.<\/p>\n\n\n\n<p>Por ahora, nuestra capacidad de producci\u00f3n es de 1 mill\u00f3n de inyecciones al mes en envases de 1ml*10 inyecciones en una caja. Los envases tambi\u00e9n pueden personalizarse seg\u00fan sus necesidades. Env\u00edenos sus consultas hoy mismo o ll\u00e1menos ahora mismo. Nuestro equipo de asistencia le ayudar\u00e1.<\/p>\n\n\n\n<h2 class=\"wp-block-heading\"><strong>Boldabol Injection Fabricantes y marcas<\/strong><\/h2>\n\n\n\n<p>Este medicamento es fabricado y de marca por numerosos productos farmac\u00e9uticos, al igual que MedsExporter. Usted lo encontrar\u00e1 en varias formulaciones de marca, as\u00ed como opciones gen\u00e9ricas. Los gen\u00e9ricos tambi\u00e9n son de calidad fiable y rentables. Por ejemplo, la inyecci\u00f3n de Boldadol que usted orden\u00f3 con nosotros est\u00e1 en la formulaci\u00f3n gen\u00e9rica de primera calidad que es equivalente a la marca, pero asequible. Sirve para el prop\u00f3sito previsto dentro del presupuesto. A sus clientes les encantar\u00e1 el envase y la calidad del producto, lo que pronto le convertir\u00e1 en un almac\u00e9n farmac\u00e9utico popular.<\/p>\n\n\n\n<h2 class=\"wp-block-heading\"><strong>Advertencias y precauciones<\/strong><\/h2>\n\n\n\n<p>La inyecci\u00f3n de Boldabol no es una inyecci\u00f3n m\u00e1s, sino un esteroide anab\u00f3lico analg\u00e9sico (AAS). Tiene que ser manejado y gestionado de forma segura de lo contrario puede causar muchas complicaciones de salud. Aqu\u00ed est\u00e1n las advertencias y precauciones a tener en cuenta entre los usuarios para garantizar la seguridad y eficacia del tratamiento.<\/p>\n\n\n\n<ol class=\"wp-block-list\">\n<li>Priorizar la orientaci\u00f3n m\u00e9dica: Cualquier tipo de esteroide analg\u00e9sico anab\u00f3lico, incluido \u00e9ste, s\u00f3lo debe utilizarse bajo prescripci\u00f3n m\u00e9dica. Es muy importante discutir los problemas de salud subyacentes, medicamentos en uso, cirug\u00edas, experiencias previas con esteroides, etc antes de comenzar a usar esta inyecci\u00f3n. No lo utilice si es al\u00e9rgico a su contenido principal &#8211; Undecilenato de Boldenona.<\/li>\n\n\n\n<li>Control regular de la salud: Los usuarios con condiciones de salud sensibles preexistentes como riesgos cardiovasculares, insuficiencia hep\u00e1tica o renal, alteraciones endocrinas, etc deben informar al m\u00e9dico de antemano. A estos pacientes se les prescribe este medicamento de forma selectiva teniendo en cuenta las complicaciones de salud. Adem\u00e1s, se requiere un estrecho seguimiento de la salud con ciertas pruebas a intervalos frecuentes para garantizar la seguridad.<\/li>\n\n\n\n<li>Prohibida en mujeres embarazadas o en periodo de lactancia: Las mujeres que opten por esta inyecci\u00f3n pueden sufrir efectos de virilizaci\u00f3n. Debe utilizarse con sumo cuidado. Sin embargo, su uso est\u00e1 totalmente prohibido durante el embarazo y la lactancia. Este f\u00e1rmaco impone riesgos mortales tanto para la madre como para el ni\u00f1o.<\/li>\n\n\n\n<li>Restricciones de edad: Debe evitarse entre pediatras y adolescentes (menores de 18 a\u00f1os). Este esteroide tiene riesgos potenciales para la salud entre los ni\u00f1os.<\/li>\n\n\n\n<li>Comprender la drogodependencia y el riesgo de abuso: Boldabol Injection provoca desequilibrios hormonales y tiene efectos androg\u00e9nicos cr\u00edticos. Adem\u00e1s, este f\u00e1rmaco tiene un alto potencial de abuso y f\u00e1cilmente se convierte en el usuario adicto \/ dependiente. Tenga cuidado al manejar este medicamento y evitar su uso prolongado. Su uso excesivo causa dependencia y efectos psicol\u00f3gicos adversos.<\/li>\n\n\n\n<li>Comprobaci\u00f3n de la legalidad: Aunque este f\u00e1rmaco tiene gran importancia entre culturistas y atletas y se vende en todo el mundo, es ilegal importarlo de fuentes no autorizadas. Aseg\u00farate de encargar el tuyo \u00fanicamente a una farmac\u00e9utica autorizada para evitar complicaciones legales.<\/li>\n\n\n\n<li>Reacciones psiqui\u00e1tricas: Se observan reacciones psicol\u00f3gicas como agresividad, cambios de humor frecuentes, depresi\u00f3n, etc. entre las personas que utilizan esta inyecci\u00f3n. Sin embargo, es probable que estos s\u00edntomas se encuentren entre los usuarios que lo toman durante un per\u00edodo prolongado en dosis excesivas. Aseg\u00farese de que usted est\u00e1 tomando por un per\u00edodo limitado en las cantidades prescritas para evitar este tipo de reacciones negativas.<\/li>\n<\/ol>\n\n\n\n<h2 class=\"wp-block-heading\">Otras tabletas de culturismo son:<\/h2>\n\n\n\n<p><a href=\"https:\/\/medsexporter.com\/product\/boldamaxx-boldenone-undecylenate\/\">Boldamaxx Inj Amp<\/a> | <a href=\"https:\/\/medsexporter.com\/product\/clenabol-40-mcg-tablet\/\">Clenabol 40 mcg Tablet<\/a> | <a href=\"https:\/\/medsexporter.com\/product\/danabol-tablet\/\">Danabol tablet<\/a><\/p>\n","protected":false},"excerpt":{"rendered":"<p>Boldabol Injection is synthetic derivative of testosterone and a widely used anabolic androgenic steroid. Buying Boldadol Injection wholesale online will cost you considerably less than retail.<\/p>","protected":false},"featured_media":48698,"template":"","meta":{"_glsr_average":0,"_glsr_ranking":0,"_glsr_reviews":0},"product_brand":[],"product_cat":[3936],"product_tag":[],"product_form":[4133],"class_list":{"0":"post-49902","1":"product","2":"type-product","3":"status-publish","4":"has-post-thumbnail","6":"product_cat-medicina-de-musculacion-fabricantes-en-india","7":"product_form-inyeccion-fabricante-en-india","9":"first","10":"instock","11":"shipping-taxable","12":"purchasable","13":"product-type-simple"},"_links":{"self":[{"href":"https:\/\/www.medsexporter.com\/es\/wp-json\/wp\/v2\/product\/49902","targetHints":{"allow":["GET"]}}],"collection":[{"href":"https:\/\/www.medsexporter.com\/es\/wp-json\/wp\/v2\/product"}],"about":[{"href":"https:\/\/www.medsexporter.com\/es\/wp-json\/wp\/v2\/types\/product"}],"wp:featuredmedia":[{"embeddable":true,"href":"https:\/\/www.medsexporter.com\/es\/wp-json\/wp\/v2\/media\/48698"}],"wp:attachment":[{"href":"https:\/\/www.medsexporter.com\/es\/wp-json\/wp\/v2\/media?parent=49902"}],"wp:term":[{"taxonomy":"product_brand","embeddable":true,"href":"https:\/\/www.medsexporter.com\/es\/wp-json\/wp\/v2\/product_brand?post=49902"},{"taxonomy":"product_cat","embeddable":true,"href":"https:\/\/www.medsexporter.com\/es\/wp-json\/wp\/v2\/product_cat?post=49902"},{"taxonomy":"product_tag","embeddable":true,"href":"https:\/\/www.medsexporter.com\/es\/wp-json\/wp\/v2\/product_tag?post=49902"},{"taxonomy":"product_form","embeddable":true,"href":"https:\/\/www.medsexporter.com\/es\/wp-json\/wp\/v2\/product_form?post=49902"}],"curies":[{"name":"wp","href":"https:\/\/api.w.org\/{rel}","templated":true}]}}