{"id":49891,"date":"2024-04-24T09:41:34","date_gmt":"2024-04-24T09:41:34","guid":{"rendered":"https:\/\/medsexporter.com\/product\/androl-comprimidos\/"},"modified":"2024-07-19T07:20:02","modified_gmt":"2024-07-19T07:20:02","slug":"androl-comprimidos","status":"publish","type":"product","link":"https:\/\/www.medsexporter.com\/es\/product\/androl-comprimidos\/","title":{"rendered":"Androl Comprimidos"},"content":{"rendered":"\n<h2 class=\"wp-block-heading\"><strong>\u00bfQu\u00e9 son los comprimidos Androl (Oximetolona)?<\/strong><\/h2>\n\n\n\n<p>Androl tableta es uno de los mejores esteroides anab\u00f3licos orales que se prescribe ampliamente entre los culturistas para impulsar el crecimiento muscular, la fuerza y la reparaci\u00f3n. Tambi\u00e9n se prescribe entre las personas diagnosticadas con osteoporosis y anemia. Este medicamento contiene oximetolona que es muy beneficioso para mejorar el rendimiento general del f\u00edsico.<\/p>\n\n\n\n<p>Si tienes alg\u00fan objetivo espec\u00edfico de culturismo, quieres elevar el rendimiento atl\u00e9tico, u otros remedios no consiguen acercarte a tus objetivos de fitness, este esteroide puede ayudarte. Sin embargo, comprar Androl tabletas en una receta s\u00f3lo porque el tratamiento es completamente personalizado.<\/p>\n\n\n\n<h2 class=\"wp-block-heading\"><strong>Usos de Androl<\/strong><\/h2>\n\n\n\n<ul class=\"wp-block-list\">\n<li>Estimula el crecimiento y la fuerza muscular y favorece la reparaci\u00f3n<\/li>\n\n\n\n<li>Tratar la osteoporosis y la anemia<\/li>\n<\/ul>\n\n\n\n<h2 class=\"wp-block-heading\"><strong>Informaci\u00f3n sobre la patente de Androl<\/strong><\/h2>\n\n\n\n<p>La patente de los comprimidos de Androl expir\u00f3 hace varios a\u00f1os. Esto permiti\u00f3 a las empresas farmac\u00e9uticas producir sus versiones gen\u00e9ricas. Como resultado, no es ampliamente accesible bajo prescripci\u00f3n m\u00e9dica bajo varios nombres de marca. Aunque su patente original expir\u00f3, este esteroide sigue estando regulado por las autoridades m\u00e9dicas y est\u00e1 prohibido su uso indebido o abuso.<\/p>\n\n\n\n<h2 class=\"wp-block-heading\"><strong>\u00bfC\u00f3mo funciona?<\/strong><\/h2>\n\n\n\n<p>Androl contiene Oximetolona, que act\u00faa uni\u00e9ndose a los receptores de andr\u00f3genos del organismo, concretamente a los tejidos musculares. Esto ayuda al crecimiento muscular, mejora la fuerza y la resistencia, y promueve la reparaci\u00f3n muscular. Oximetolona es alta en la relaci\u00f3n anab\u00f3lico-androg\u00e9nico que tiene un bajo riesgo de efectos secundarios en comparaci\u00f3n con otros esteroides anab\u00f3licos. Por lo tanto, los usuarios pueden lograr un f\u00edsico definido.<\/p>\n\n\n\n<h2 class=\"wp-block-heading\"><strong>Beneficios potenciales<\/strong><\/h2>\n\n\n\n<ol class=\"wp-block-list\">\n<li>Mejora del rendimiento f\u00edsico &#8211; Este medicamento es cada vez m\u00e1s popular entre los culturistas para mejorar el rendimiento f\u00edsico. Su excelente mejora del rendimiento atl\u00e9tico conduce a una mejor resistencia, la resistencia y la reducci\u00f3n de la duraci\u00f3n de la recuperaci\u00f3n entre las sesiones de entrenamiento.<\/li>\n\n\n\n<li>Aumento de la masa muscular &#8211; Al comenzar el tratamiento con Androl comprimidos, el usuario puede notar mejoras significativas en la masa muscular y la fuerza. Por lo tanto, los culturistas y atletas est\u00e1n en el temor de este medicamento.<\/li>\n<\/ol>\n\n\n\n<h2 class=\"wp-block-heading\"><strong>Precio al por mayor de Androl comprimidos<\/strong><\/h2>\n\n\n\n<p>Nos gustar\u00eda hablar de ello previa solicitud. Env\u00edenos sus consultas por correo electr\u00f3nico o utilice la funci\u00f3n \u00abSolicitar llamada\u00bb situada a la derecha de la pantalla. Nuestro equipo le responder\u00e1 con el mejor presupuesto seg\u00fan sus requisitos personalizados.<\/p>\n\n\n\n<h2 class=\"wp-block-heading\"><strong>Proceso de pago f\u00e1cil y seguro<\/strong><\/h2>\n\n\n\n<p>Medsexporter.com tiene un Certificado SSL que previene brechas de seguridad mientras usted hace pagos en l\u00ednea. Tambi\u00e9n ofrecemos m\u00faltiples opciones de pago desde el que se puede elegir seg\u00fan su conveniencia sin dudar de la seguridad. Perm\u00edtanos informarle, que no guardamos ninguno de sus datos de pago para que pueda permanecer libre de preocupaciones de robos de informaci\u00f3n privada. Pague cuando quiera, \u00a1nosotros nos encargamos de que todo sea secreto!<\/p>\n\n\n\n<h2 class=\"wp-block-heading\"><strong>Servicio de entrega r\u00e1pido y seguro<\/strong><\/h2>\n\n\n\n<p>Sabemos que entregar medicamentos es una GRAN responsabilidad y nos hemos convertido en PRO en ello. Desde soluciones de envasado inteligentes hasta la entrega cuidadosa de su pedido en su almac\u00e9n, lo hemos hecho todo durante estos a\u00f1os. Nuestros socios log\u00edsticos se eligen cuidadosamente y se ajustan a nuestra idea de servicios de entrega r\u00e1pidos y seguros. Adem\u00e1s, prestamos especial atenci\u00f3n para que sus medicamentos lleguen sanos y salvos a trav\u00e9s del env\u00edo urgente.<\/p>\n\n\n\n<h2 class=\"wp-block-heading\"><strong>Atenci\u00f3n al cliente 24*7<\/strong><\/h2>\n\n\n\n<p>Si usted decide ordenar este medicamento con nosotros, puede estar seguro de que sus llamadas o chats contestadas 24 * 7. En caso de que necesite ayuda para realizar su compra o tenga alguna duda, no dude en pulsar \u00abSolicitar una llamada\u00bb. Nuestro equipo de soporte responder\u00e1 con prontitud.<\/p>\n\n\n\n<h2 class=\"wp-block-heading\"><strong>Preguntas frecuentes<\/strong><\/h2>\n\n\n\n<h3 class=\"wp-block-heading\"><strong>\u00bfCu\u00e1nto duran los comprimidos de Androl?<\/strong><\/h3>\n\n\n\n<p>El tiempo de duraci\u00f3n de este comprimido de Oximetolona var\u00eda seg\u00fan las personas en funci\u00f3n de la dosis, el metabolismo, la frecuencia de uso, etc. T\u00edpicamente, la eficacia de este medicamento dura algunas horas, pero a\u00fan puede detectarse en algunas pruebas durante per\u00edodos m\u00e1s largos (hasta algunas semanas). Tambi\u00e9n tiene una semivida m\u00e1s larga.<\/p>\n\n\n\n<h3 class=\"wp-block-heading\"><strong>\u00bfLa pastilla Androl aumenta la masa muscular?<\/strong><\/h3>\n\n\n\n<p>S\u00ed, Androl Steroid causa mejoras potenciales en la masa muscular debido a sus efectos anab\u00f3licos. Adem\u00e1s de esto, se centra en la fuerza muscular y ofrece resultados esperados cuando se combina con una rutina de entrenamiento estructurado.<\/p>\n\n\n\n<h3 class=\"wp-block-heading\"><strong>\u00bfC\u00f3mo se puede almacenar?<\/strong><\/h3>\n\n\n\n<p>Este medicamento debe conservarse en un lugar fresco y seco, alejado de la humedad y de la luz solar directa. Evite dejarlo al alcance de ni\u00f1os y animales dom\u00e9sticos. Cons\u00e9rvelo \u00fanicamente en su envase original.<\/p>\n\n\n\n<h3 class=\"wp-block-heading\"><strong>\u00bfEs seguro para las mujeres?<\/strong><\/h3>\n\n\n\n<p>Los comprimidos de Androl 50 mg no est\u00e1n recomendados para mujeres debido a sus fuertes efectos androg\u00e9nicos que pueden causar virilizaci\u00f3n. Las mujeres pueden experimentar crecimiento de vello facial, cambios en el tono de voz, agrandamiento del cl\u00edtoris, etc. Las mujeres embarazadas o en periodo de lactancia pueden transmitir riesgos potenciales para la salud durante el desarrollo del feto.<\/p>\n\n\n\n<h3 class=\"wp-block-heading\"><strong>\u00bfInteract\u00faa con otros suplementos de culturismo?<\/strong><\/h3>\n\n\n\n<p>Los comprimidos de Androl pueden tener interacciones con otros suplementos utilizados para el culturismo. Cuando se producen interacciones, pueden aparecer reacciones al\u00e9rgicas o complicaciones de salud. Consulte a su profesional sanitario y com\u00e9ntele los medicamentos o suplementos que toma para asegurarse de que no se producen interacciones.<\/p>\n\n\n\n<h2 class=\"wp-block-heading\">Otros medicamentos para el culturismo son :<\/h2>\n\n\n\n<p><a href=\"https:\/\/medsexporter.com\/es\/product\/anavar-culturismo\/\">Anavar Bodybuilding<\/a> | <a href=\"https:\/\/medsexporter.com\/product\/boldabol-injection\/\">Boldabol Injection<\/a> | <a href=\"https:\/\/medsexporter.com\/product\/boldamaxx-boldenone-undecylenate\/\">Boldamaxx Inj Amp<\/a><\/p>\n","protected":false},"excerpt":{"rendered":"<p><strong>Androl 50mg Tablets (Oxymetholone) <\/strong>is used for bodybuilding. This anabolic steroid can also be used for treating medical conditions such as osteoporosis and anaemia. Extract its benefits for fitness or any other purpose under medical guidance only.<\/p>","protected":false},"featured_media":50345,"template":"","meta":{"_glsr_average":0,"_glsr_ranking":0,"_glsr_reviews":0},"product_brand":[],"product_cat":[3936],"product_tag":[],"product_form":[],"class_list":{"0":"post-49891","1":"product","2":"type-product","3":"status-publish","4":"has-post-thumbnail","6":"product_cat-medicina-de-musculacion-fabricantes-en-india","8":"first","9":"instock","10":"shipping-taxable","11":"purchasable","12":"product-type-simple"},"_links":{"self":[{"href":"https:\/\/www.medsexporter.com\/es\/wp-json\/wp\/v2\/product\/49891","targetHints":{"allow":["GET"]}}],"collection":[{"href":"https:\/\/www.medsexporter.com\/es\/wp-json\/wp\/v2\/product"}],"about":[{"href":"https:\/\/www.medsexporter.com\/es\/wp-json\/wp\/v2\/types\/product"}],"wp:featuredmedia":[{"embeddable":true,"href":"https:\/\/www.medsexporter.com\/es\/wp-json\/wp\/v2\/media\/50345"}],"wp:attachment":[{"href":"https:\/\/www.medsexporter.com\/es\/wp-json\/wp\/v2\/media?parent=49891"}],"wp:term":[{"taxonomy":"product_brand","embeddable":true,"href":"https:\/\/www.medsexporter.com\/es\/wp-json\/wp\/v2\/product_brand?post=49891"},{"taxonomy":"product_cat","embeddable":true,"href":"https:\/\/www.medsexporter.com\/es\/wp-json\/wp\/v2\/product_cat?post=49891"},{"taxonomy":"product_tag","embeddable":true,"href":"https:\/\/www.medsexporter.com\/es\/wp-json\/wp\/v2\/product_tag?post=49891"},{"taxonomy":"product_form","embeddable":true,"href":"https:\/\/www.medsexporter.com\/es\/wp-json\/wp\/v2\/product_form?post=49891"}],"curies":[{"name":"wp","href":"https:\/\/api.w.org\/{rel}","templated":true}]}}