{"id":49809,"date":"2024-04-13T10:33:35","date_gmt":"2024-04-13T10:33:35","guid":{"rendered":"https:\/\/medsexporter.com\/product\/anavar-culturismo\/"},"modified":"2025-03-17T05:49:42","modified_gmt":"2025-03-17T05:49:42","slug":"anavar-culturismo","status":"publish","type":"product","link":"https:\/\/www.medsexporter.com\/es\/product\/anavar-culturismo\/","title":{"rendered":"Anavar Culturismo"},"content":{"rendered":"\n<h2 class=\"wp-block-heading\">\u00bfQu\u00e9 es Anavar Culturismo?<\/h2>\n\n\n\n<p>Anavar culturismo es un comprimido oral utilizado entre los culturistas (entusiastas del fitness) y atletas con objetivos espec\u00edficos de fitness. Este medicamento ayuda en el crecimiento muscular magra, la mejora de la fuerza muscular y la resistencia, la construcci\u00f3n de un cuerpo definido, p\u00e9rdida de grasa, etc. Se ha convertido en una palabra de moda entre los culturistas, pero s\u00f3lo debe utilizarse bajo prescripci\u00f3n y orientaci\u00f3n m\u00e9dica adecuada.<\/p>\n\n\n\n<h2 class=\"wp-block-heading\">Usos de Anavar Culturismo<\/h2>\n\n\n\n<p>Las pastillas de Anavar Bodybuilding est\u00e1n espec\u00edficamente dise\u00f1adas para que hombres y mujeres alcancen uno o m\u00e1s de estos objetivos de fitness:<\/p>\n\n\n\n<ul class=\"wp-block-list\">\n<li>P\u00e9rdida de grasa<\/li>\n\n\n\n<li>Crecimiento muscular (f\u00edsico esbelto y musculoso)<\/li>\n\n\n\n<li>Mejora del rendimiento<\/li>\n\n\n\n<li>Entrenamiento de fuerza<\/li>\n<\/ul>\n\n\n\n<p>Adem\u00e1s de esto, el producto es un esteroide anab\u00f3lico que tiene usos terap\u00e9uticos significativos alineados con el prop\u00f3sito de esteroides como:<\/p>\n\n\n\n<ul class=\"wp-block-list\">\n<li>Aliviar los dolores \u00f3seos provocados por la osteoporosis<\/li>\n\n\n\n<li>Promover el aumento de peso<\/li>\n\n\n\n<li>Tratar los s\u00edntomas de la anemia y el hipogonadismo<\/li>\n<\/ul>\n\n\n\n<h2 class=\"wp-block-heading\">Formas y dosis de Anavar<\/h2>\n\n\n\n<p>Anavar esteroides para el culturismo est\u00e1 disponible en variadas formas de dosificaci\u00f3n y fortalezas. Esta tableta de Anavar para culturistas est\u00e1 disponible en concentraciones entre 5 mg y 10 mg. Sin embargo, la dosis es personalizada de acuerdo a las necesidades individuales y factores de salud (edad, peso, objetivos de fitness, experiencia con otros esteroides, etc). Dicho esto, la dosis var\u00eda seg\u00fan los niveles:<\/p>\n\n\n\n<p>-Principiantes (se puede sugerir el uso de un comprimido de 10 mg dos o tres veces al d\u00eda tras evaluar la respuesta a los esteroides y la tolerancia).<\/p>\n\n\n\n<p>-Intermedio (Un total de 40 a 60 mg pueden ser necesarios durante un d\u00eda entre los culturistas que buscan la p\u00e9rdida de grasa, aumento de la fuerza y el crecimiento muscular en conjunto).<\/p>\n\n\n\n<p>-Avanzado (En esta fase se sugiere un total de 60 a 100 mg. Sin embargo, rara vez se sugieren 100 mg debido a un aumento del riesgo de efectos secundarios).<\/p>\n\n\n\n<p>Una cosa m\u00e1s que aprender acerca de la dosis de Anavar es este medicamento se prescribe en ciclos y forma de apilamiento.<\/p>\n\n\n\n<p>Por ejemplo, un ciclo con este producto puede durar de 6 a 8 semanas. En algunos casos, un ciclo puede durar alrededor de 12 semanas tambi\u00e9n. Los individuos est\u00e1n obligados a no continuar con la misma dosis durante un per\u00edodo prolongado, ya que aumenta el riesgo de adversidades y PCT puede ser necesaria para restaurar las hormonas a los niveles ideales.<\/p>\n\n\n\n<p>Hablando de apilamiento, este f\u00e1rmaco puede ser sugerido junto con otro esteroide para mejorar su eficacia. Las pilas comunes con este f\u00e1rmaco incluyen la testosterona, trembolona, Winstrol, etc. El apilamiento de este medicamento aumenta el riesgo de complejidades y posibles efectos secundarios sin embargo. Por lo tanto, el apilamiento nunca debe hacerse por s\u00ed mismo, pero bajo la gu\u00eda de un profesional de la salud solamente.<\/p>\n\n\n\n<h2 class=\"wp-block-heading\">\u00bfC\u00f3mo funciona?<\/h2>\n\n\n\n<p>Anavar es un esteroide anab\u00f3lico con un mecanismo de acci\u00f3n simple. Funciona en el cuerpo humano imitando funciones similares a la testosterona. Este medicamento por lo tanto promueve la reconstrucci\u00f3n del f\u00edsico por el crecimiento muscular concurrente, por lo tanto triturar el exceso de grasa corporal. Anavar tabletas de culturismo, por tanto, ofrecen una oportunidad prometedora para los atletas que se centran en la construcci\u00f3n de fuerza. Ayuda a dar una experiencia intensificada a los culturistas y entusiastas del deporte.<\/p>\n\n\n\n<p>Este producto contiene oxandrolona como componente principal. Aumenta la capacidad del cuerpo para la s\u00edntesis de prote\u00ednas que ayuda a\u00fan m\u00e1s en la fuerza muscular y el desarrollo. La oxandrolona tambi\u00e9n aumenta la capacidad de los m\u00fasculos para retener el nitr\u00f3geno, mejorando la recuperaci\u00f3n muscular y la resistencia a su vez. Adem\u00e1s, aumenta la producci\u00f3n de gl\u00f3bulos rojos, lo que garantiza un mayor suministro de ox\u00edgeno a los m\u00fasculos y reduce la fatiga. En general, se asegura de que el individuo alcanza los objetivos de fitness como se esperaba, convirti\u00e9ndose en el centro neur\u00e1lgico de la energ\u00eda.<\/p>\n\n\n\n<p>Como puede ver, todo el mecanismo de funcionamiento es muy prometedor y se basa en mejorar el funcionamiento natural del cuerpo. Aumenta el rendimiento en el gimnasio o en el terreno deportivo. Esta tableta funciona mejor cuando se combina con una dieta rica en nutrientes y ejercicio adecuado. El individuo termina alcanzando metas magras de la masa-edificio, mejoras de la fuerza, y funcionamiento atl\u00e9tico realzado.<\/p>\n\n\n\n<h2 class=\"wp-block-heading\">Anavar en el culturismo Beneficios<\/h2>\n\n\n\n<p><a href=\"https:\/\/medsexporter.com\/es\/\"><strong>MedsExporter<\/strong><\/a> tiene como objetivo ofrecer la mejor calidad Anavar esteroides para el culturismo por lo que sus usuarios finales obtener beneficios como a continuaci\u00f3n:<\/p>\n\n\n\n<p>Crecimiento muscular: Este esteroide anab\u00f3lico se centra en el desarrollo de masa muscular magra mediante la promoci\u00f3n de la s\u00edntesis de prote\u00ednas en el cuerpo. Se anima a las c\u00e9lulas para construir prote\u00ednas esenciales para el desarrollo muscular y la reparaci\u00f3n.<\/p>\n\n\n\n<p>P\u00e9rdida de grasa: Al favorecer el crecimiento y la reparaci\u00f3n muscular, garantiza que el cuerpo genere energ\u00eda a partir de la grasa almacenada en su interior. De este modo, el individuo adquiere un f\u00edsico transformador, esbelto y definido.<\/p>\n\n\n\n<p>Mayor fuerza y recuperaci\u00f3n: Este medicamento aumenta los niveles de fuerza, esencial para los entusiastas del fitness para levantar pesos pesados y realizar entrenamientos intensos. Por el contrario, tambi\u00e9n reduce el dolor muscular y la fatiga, ayudando as\u00ed a una recuperaci\u00f3n m\u00e1s r\u00e1pida entre los entrenamientos. Como resultado, los culturistas se sienten motivados para entrenar con m\u00e1s frecuencia sin perder fuerza para los entrenamientos de alta intensidad.<\/p>\n\n\n\n<p>Preservaci\u00f3n de la masa muscular: Durante los ciclos de corte o restricciones cal\u00f3ricas, este medicamento preserva la masa muscular. Esto ayuda a\u00fan m\u00e1s en la preservaci\u00f3n de la degradaci\u00f3n muscular al tiempo que ayuda a la p\u00e9rdida de grasa.<\/p>\n\n\n\n<p>Mejora de la resistencia: Como se discuti\u00f3 anteriormente, este medicamento aumenta la producci\u00f3n de gl\u00f3bulos rojos en el cuerpo que asegura un mejor suministro de ox\u00edgeno a los m\u00fasculos. Esto juega un papel crucial en el aumento de la resistencia y la resistencia necesaria para el entrenamiento intensivo.<\/p>\n\n\n\n<p>Menos riesgos para la salud: Lo m\u00e1s importante es que los culturistas est\u00e1n preocupados por los efectos secundarios durante el uso de esteroides. Ya no es as\u00ed. Anavar tiene propiedades androg\u00e9nicas bajas que minimizan los riesgos como la p\u00e9rdida de cabello, acn\u00e9, virilizaci\u00f3n (en mujeres), etc.<\/p>\n\n\n\n<h2 class=\"wp-block-heading\">Efectos secundarios de Anavar Culturismo<\/h2>\n\n\n\n<p>Por un lado, donde Anavar culturismo tiene tantos lados brillantes para admirar, que acompa\u00f1a a unos pocos efectos secundarios tambi\u00e9n. Sin embargo, las posibilidades de riesgos y adversidades permanecen cuando este medicamento se utiliza en exceso, en dosis altas, o por un per\u00edodo m\u00e1s largo de lo sugerido. De lo contrario, algunos efectos secundarios nominal aparecer\u00e1 inicialmente y desaparecer una vez que el cuerpo se ajusta a la Oxandrolona.<\/p>\n\n\n\n<p>Echa un vistazo a los posibles efectos secundarios de Anavar. Hable con su profesional sanitario lo antes posible antes de que los s\u00edntomas negativos hagan mella en su salud.<\/p>\n\n\n\n<ul class=\"wp-block-list\">\n<li>Crecimiento del tejido mamario (ginecomastia).<\/li>\n\n\n\n<li>Desequilibrio del colesterol que conduce al riesgo de eventos cardiovasculares.<\/li>\n\n\n\n<li>Complicaciones relacionadas con el coraz\u00f3n (como co\u00e1gulos sangu\u00edneos, ictus o infarto de miocardio).<\/li>\n\n\n\n<li>Aumento de la producci\u00f3n de sebo que provoca acn\u00e9 y piel grasa.<\/li>\n\n\n\n<li>Ca\u00edda del cabello, espec\u00edficamente entre los hombres con calvicie de patr\u00f3n masculino.<\/li>\n\n\n\n<li>Cambios de humor, es decir, mayor agresividad, irritabilidad, rabia, etc.<\/li>\n\n\n\n<li>La supresi\u00f3n hormonal natural (insulina, cortisol, tiroides, etc.) provoca alteraciones metab\u00f3licas.<\/li>\n\n\n\n<li>Virilizaci\u00f3n entre las mujeres (diagnosticada con s\u00edntomas como agrandamiento del cl\u00edtoris, engrosamiento de la voz, crecimiento excesivo de vello, etc.).<\/li>\n\n\n\n<li>Toxicidad hep\u00e1tica como da\u00f1o o deterioro del h\u00edgado cuando se utiliza durante un periodo prolongado en dosis elevadas.<\/li>\n\n\n\n<li>Supresi\u00f3n de testosterona (identificada por s\u00edntomas como libido baja, fatiga, disfunci\u00f3n er\u00e9ctil, etc.).<\/li>\n<\/ul>\n\n\n\n<p>Se aconseja consumir Anavar esteroides culturismo s\u00f3lo bajo supervisi\u00f3n m\u00e9dica. Este medicamento se consume mejor con la dosis m\u00e1s baja para minimizar el riesgo de adversidades. Adem\u00e1s, el control regular de las funciones hep\u00e1ticas se sugiere entre las personas con antecedentes de da\u00f1o renal o hep\u00e1tica. Asegurar un estrecho seguimiento de la salud en general con el perfil lip\u00eddico y los niveles hormonales a intervalos regulares para la garant\u00eda de seguridad.<\/p>\n\n\n\n<p>En otras palabras, se recomienda a los usuarios que lo tomen seg\u00fan la prescripci\u00f3n junto con un control sanitario regular para mayor seguridad.<\/p>\n\n\n\n<h2 class=\"wp-block-heading\">Sobredosificaci\u00f3n<\/h2>\n\n\n\n<p>La sobredosis puede intensificar los riesgos para la salud y las personas pueden experimentar s\u00edntomas negativos en cualquier momento. Estas son las primeras adversidades que pueden producirse tras un consumo excesivo o prolongado:<\/p>\n\n\n\n<ul class=\"wp-block-list\">\n<li>Toxicidad hep\u00e1tica<\/li>\n\n\n\n<li>Desequilibrios hormonales<\/li>\n\n\n\n<li>Virilizaci\u00f3n en la mujer<\/li>\n\n\n\n<li>Problemas cardiovasculares<\/li>\n\n\n\n<li>Reacciones psicol\u00f3gicas<\/li>\n\n\n\n<li>Complicaciones potencialmente mortales como insuficiencia org\u00e1nica o colapso card\u00edaco<\/li>\n<\/ul>\n\n\n\n<p>En primer lugar, aseg\u00farese de utilizar este medicamento s\u00f3lo en la cantidad y frecuencia sugeridas. Esto garantiza la seguridad y minimiza el riesgo de cualquier adversidad de este tipo. En caso de sobredosis accidental, llame inmediatamente al servicio de urgencias o al servicio de toxicolog\u00eda.<\/p>\n\n\n\n<h2 class=\"wp-block-heading\">Anavar Precio al por mayor<\/h2>\n\n\n\n<p>MedsExporter.com ofertas en Anavar culturismo tabletas de esteroides. Si usted es un minorista (un \u00e1rea local farmac\u00e9utica o dispuestos a iniciar una farmacia en l\u00ednea), estamos dispuestos a unir sus manos para su beneficio. Por ahora, nuestra capacidad de producci\u00f3n es de 1 mill\u00f3n de comprimidos al mes. Intentamos producir en tama\u00f1o de envase est\u00e1ndar, es decir, 10 comprimidos en una tira. No dude en dejar caer sus preguntas a la asistencia de correo electr\u00f3nico a (sales@medsexporter.com) o solicitar una llamada de vuelta en (+91 98 98972449) para las mejores ofertas.<\/p>\n\n\n\n<p>Nos gustar\u00eda compartir que Anavar es uno de nuestros productos m\u00e1s vendidos en la categor\u00eda de culturismo. Si a\u00fan no lo tiene en stock, es hora de abastecerse y nunca se arrepentir\u00e1 de este producto de venta r\u00e1pida. Nuestros precios son los m\u00e1s competitivos que encontrar\u00e1 en el mundo. No comprometemos la calidad. Pida hoy mismo estas pastillas para culturismo de calidad 100% garantizada. Tenemos las mejores ofertas para que gane m\u00e1s clientes con este producto.<\/p>\n\n\n\n<h2 class=\"wp-block-heading\">Advertencias y precauciones<\/h2>\n\n\n\n<ul class=\"wp-block-list\">\n<li>Antes de utilizar Anavar para el culturismo, aseg\u00farese de consulta m\u00e9dica. El uso de este medicamento significa comenzar un r\u00e9gimen de esteroides que afecta al cuerpo por completo. Aseg\u00farese de que las condiciones m\u00e9dicas existentes, esteroides u otros medicamentos en curso, las preocupaciones de salud, alergias, etc se discuten.<\/li>\n\n\n\n<li>El uso indebido o prolongado de este medicamento provoca efectos adversos para la salud. Las adversidades pueden poner en peligro la vida si se intenta tomar este medicamento m\u00e1s all\u00e1 de los l\u00edmites prescritos.<\/li>\n\n\n\n<li>Los consumidores pueden sufrir toxicidad hep\u00e1tica o complicaciones cardiovasculares, especialmente aquellos con problemas preexistentes. Por lo tanto, se recomienda un estrecho seguimiento de estas personas para diagnosticar antes cualquier adversidad.<\/li>\n\n\n\n<li>A veces, este medicamento tambi\u00e9n puede causar desequilibrios hormonales porque imita y suprime la testosterona natural del cuerpo. En tales casos, se requiere una terapia post-ciclo.<\/li>\n\n\n\n<li>Puede afectar al estado de \u00e1nimo y al comportamiento de las personas. Busque atenci\u00f3n m\u00e9dica en caso de notar cualquier comportamiento anormal o cambios de humor.<\/li>\n\n\n\n<li>No utilice este medicamento en pediatr\u00eda, es decir, en ni\u00f1os menores de 18 a\u00f1os ni en mujeres embarazadas o en periodo de lactancia.<\/li>\n\n\n\n<li>No se debe abusar de Anavar debido a su alto riesgo de crear h\u00e1bito y drogodependencia.<\/li>\n\n\n\n<li>El abuso de este medicamento crea adicci\u00f3n y tiene graves consecuencias para la salud.<\/li>\n\n\n\n<li>Su interrupci\u00f3n repentina provoca s\u00edntomas de abstinencia.<\/li>\n<\/ul>\n\n\n\n<h2 class=\"wp-block-heading\">Otras tabletas de culturismo son:<\/h2>\n\n\n\n<p><a href=\"https:\/\/medsexporter.com\/product\/androl-tablets\/\">Androl Tablets<\/a> | <a href=\"https:\/\/medsexporter.com\/product\/boldabol-injection\/\">Boldabol Injection<\/a> | <a href=\"https:\/\/medsexporter.com\/product\/boldamaxx-boldenone-undecylenate\/\">Boldamaxx Inj Amp<\/a><\/p>\n","protected":false},"excerpt":{"rendered":"\u00bfQu\u00e9 es Anavar Culturismo? Anavar culturismo es un comprimido oral utilizado entre los culturistas (entusiastas del fitness) y atletas con objetivos espec\u00edficos de fitness. Este medicamento ayuda en el crecimiento muscular magra, la mejora de la fuerza muscular y la resistencia, la construcci\u00f3n de un cuerpo definido, p\u00e9rdida de grasa, etc. Se ha convertido en [&hellip;]","protected":false},"featured_media":48697,"template":"","meta":{"_glsr_average":0,"_glsr_ranking":0,"_glsr_reviews":0},"product_brand":[],"product_cat":[3936],"product_tag":[],"product_form":[],"class_list":{"0":"post-49809","1":"product","2":"type-product","3":"status-publish","4":"has-post-thumbnail","6":"product_cat-medicina-de-musculacion-fabricantes-en-india","8":"first","9":"instock","10":"shipping-taxable","11":"purchasable","12":"product-type-simple"},"_links":{"self":[{"href":"https:\/\/www.medsexporter.com\/es\/wp-json\/wp\/v2\/product\/49809","targetHints":{"allow":["GET"]}}],"collection":[{"href":"https:\/\/www.medsexporter.com\/es\/wp-json\/wp\/v2\/product"}],"about":[{"href":"https:\/\/www.medsexporter.com\/es\/wp-json\/wp\/v2\/types\/product"}],"wp:featuredmedia":[{"embeddable":true,"href":"https:\/\/www.medsexporter.com\/es\/wp-json\/wp\/v2\/media\/48697"}],"wp:attachment":[{"href":"https:\/\/www.medsexporter.com\/es\/wp-json\/wp\/v2\/media?parent=49809"}],"wp:term":[{"taxonomy":"product_brand","embeddable":true,"href":"https:\/\/www.medsexporter.com\/es\/wp-json\/wp\/v2\/product_brand?post=49809"},{"taxonomy":"product_cat","embeddable":true,"href":"https:\/\/www.medsexporter.com\/es\/wp-json\/wp\/v2\/product_cat?post=49809"},{"taxonomy":"product_tag","embeddable":true,"href":"https:\/\/www.medsexporter.com\/es\/wp-json\/wp\/v2\/product_tag?post=49809"},{"taxonomy":"product_form","embeddable":true,"href":"https:\/\/www.medsexporter.com\/es\/wp-json\/wp\/v2\/product_form?post=49809"}],"curies":[{"name":"wp","href":"https:\/\/api.w.org\/{rel}","templated":true}]}}