{"id":50268,"date":"2024-02-06T07:40:33","date_gmt":"2024-02-06T07:40:33","guid":{"rendered":"https:\/\/medsexporter.com\/planta-de-formulacion-en-la-india\/"},"modified":"2024-07-17T05:45:09","modified_gmt":"2024-07-17T05:45:09","slug":"planta-de-formulacion-en-la-india","status":"publish","type":"page","link":"https:\/\/www.medsexporter.com\/es\/planta-de-formulacion-en-la-india\/","title":{"rendered":"Planta de formulaci\u00f3n en la India"},"content":{"rendered":"\n<p><strong><a href=\"https:\/\/medsexporter.com\/es\/\">MedsExporter<\/a><\/strong> es una filial de <strong>Actiza Pharmaceutical<\/strong>, que opera desde la India. La empresa se fund\u00f3 hace m\u00e1s de una d\u00e9cada con la visi\u00f3n de llevar la asistencia sanitaria a los pa\u00edses m\u00e1s desfavorecidos y a su poblaci\u00f3n. Esta visi\u00f3n s\u00f3lo era posible con una planta de formulaci\u00f3n propia; por ello, establecimos una planta ultramoderna en Gujarat, India, donde producimos los mejores medicamentos para la industria sanitaria.<\/p>\n\n\n\n<p>Con todas las instalaciones como unidades de fabricaci\u00f3n, laboratorios, departamentos de envasado y almacenamiento, la planta cuenta con m\u00e1quinas autom\u00e1ticas, expertos para operar, funcionarios para llevar a cabo el proceso diario, t\u00e9cnicos de laboratorio y un equipo completo que cuida cada proyecto al detalle. Actualizamos constantemente nuestra planta en funci\u00f3n de las necesidades, y nuestro personal asiste a programas de formaci\u00f3n cada trimestre. Esta planta de formulaci\u00f3n es capaz de producir todo tipo de medicamentos y productos afines, y eso nos ha creado un enorme mercado.<\/p>\n\n\n\n<div class=\"wp-block-group certification-row py-4  border-bottom border-primary contact-main is-vertical is-layout-flex wp-container-core-group-is-layout-8cf370e7 wp-block-group-is-layout-flex\">\n<div class=\"wp-block-group container is-vertical is-layout-flex wp-container-core-group-is-layout-8cf370e7 wp-block-group-is-layout-flex\">\n<h2 class=\"wp-block-heading has-text-align-center text-center mb-md-5 mb-4\"><strong>Solicitar una devoluci\u00f3n de llamada<\/strong><\/h2>\n\n\n\n<div class=\"wp-block-columns row is-layout-flex wp-container-core-columns-is-layout-9d6595d7 wp-block-columns-is-layout-flex\">\n<div class=\"wp-block-column col-12 global-right-column is-layout-flow wp-block-column-is-layout-flow\"><p class=\"wpcf7-contact-form-not-found\"><strong>Error:<\/strong> Formulario de contacto no encontrado.<\/p>\n<\/div>\n<\/div>\n<\/div>\n<\/div>\n\n\n\n<div class=\"wp-block-group product-type-row py-4  border-bottom border-primary is-nowrap is-layout-flex wp-container-core-group-is-layout-ad2f72ca wp-block-group-is-layout-flex\">\n<div class=\"wp-block-group container is-vertical is-layout-flex wp-container-core-group-is-layout-8cf370e7 wp-block-group-is-layout-flex\">\n<h2 class=\"wp-block-heading has-text-align-center text-center mb-md-5 mb-4\"><strong>M\u00e1s de 25 tipos de productos<\/strong><\/h2>\n\n\n\n<div class=\"wp-block-columns is-layout-flex wp-container-core-columns-is-layout-9d6595d7 wp-block-columns-is-layout-flex\">\n<div class=\"wp-block-column has-vivid-green-cyan-background-color has-background is-layout-flow wp-block-column-is-layout-flow\"><ul class=\"global-form-list p-0 m-0 d-flex gap-3 flex-wrap overflow-auto justify-content-between pb-3 pt-2\" style=\"list-style: none;\"><li class=\"global-form-list-column rounded border border-primary d-flex align-items-center justify-content-center flex-column py-4\">\n\t\t\t\t<div class=\"form-img d-flex align-items-center justify-content-center rounded-circle bg-primary mb-3\"><\/div>\n\t\t\t\t<a href=\"https:\/\/www.medsexporter.com\/es\/forms\/accuhaler-fabricantes-en-india\/\" class=\"text-decoration-none d-flex justify-content-center align-items-center text-primary fw-semibold text-center\">Accuhaler<\/a>\n\t\t\t\t<\/li><li class=\"global-form-list-column rounded border border-primary d-flex align-items-center justify-content-center flex-column py-4\">\n\t\t\t\t<div class=\"form-img d-flex align-items-center justify-content-center rounded-circle bg-primary mb-3\"><\/div>\n\t\t\t\t<a href=\"https:\/\/www.medsexporter.com\/es\/forms\/turbuhaler-fabricantes-en-india\/\" class=\"text-decoration-none d-flex justify-content-center align-items-center text-primary fw-semibold text-center\">Turbuhaler<\/a>\n\t\t\t\t<\/li><li class=\"global-form-list-column rounded border border-primary d-flex align-items-center justify-content-center flex-column py-4\">\n\t\t\t\t<div class=\"form-img d-flex align-items-center justify-content-center rounded-circle bg-primary mb-3\"><\/div>\n\t\t\t\t<a href=\"https:\/\/www.medsexporter.com\/es\/forms\/fabricante-de-tabletas-en-india\/\" class=\"text-decoration-none d-flex justify-content-center align-items-center text-primary fw-semibold text-center\">Tableta<\/a>\n\t\t\t\t<\/li><li class=\"global-form-list-column rounded border border-primary d-flex align-items-center justify-content-center flex-column py-4\">\n\t\t\t\t<div class=\"form-img d-flex align-items-center justify-content-center rounded-circle bg-primary mb-3\"><\/div>\n\t\t\t\t<a href=\"https:\/\/www.medsexporter.com\/es\/forms\/fabricante-de-jarabe-en-india\/\" class=\"text-decoration-none d-flex justify-content-center align-items-center text-primary fw-semibold text-center\">Jarabe<\/a>\n\t\t\t\t<\/li><li class=\"global-form-list-column rounded border border-primary d-flex align-items-center justify-content-center flex-column py-4\">\n\t\t\t\t<div class=\"form-img d-flex align-items-center justify-content-center rounded-circle bg-primary mb-3\"><\/div>\n\t\t\t\t<a href=\"https:\/\/www.medsexporter.com\/es\/forms\/jeringuilla-fabricantes-en-india\/\" class=\"text-decoration-none d-flex justify-content-center align-items-center text-primary fw-semibold text-center\">Jeringa<\/a>\n\t\t\t\t<\/li><li class=\"global-form-list-column rounded border border-primary d-flex align-items-center justify-content-center flex-column py-4\">\n\t\t\t\t<div class=\"form-img d-flex align-items-center justify-content-center rounded-circle bg-primary mb-3\"><\/div>\n\t\t\t\t<a href=\"https:\/\/www.medsexporter.com\/es\/forms\/suspension-jarabe-fabricante-en-india\/\" class=\"text-decoration-none d-flex justify-content-center align-items-center text-primary fw-semibold text-center\">Suspensi\u00f3n \/ jarabe<\/a>\n\t\t\t\t<\/li><li class=\"global-form-list-column rounded border border-primary d-flex align-items-center justify-content-center flex-column py-4\">\n\t\t\t\t<div class=\"form-img d-flex align-items-center justify-content-center rounded-circle bg-primary mb-3\"><\/div>\n\t\t\t\t<a href=\"https:\/\/www.medsexporter.com\/es\/forms\/supositorios-fabricantes-en-india\/\" class=\"text-decoration-none d-flex justify-content-center align-items-center text-primary fw-semibold text-center\">Supositorios<\/a>\n\t\t\t\t<\/li><li class=\"global-form-list-column rounded border border-primary d-flex align-items-center justify-content-center flex-column py-4\">\n\t\t\t\t<div class=\"form-img d-flex align-items-center justify-content-center rounded-circle bg-primary mb-3\"><\/div>\n\t\t\t\t<a href=\"https:\/\/www.medsexporter.com\/es\/forms\/pulverizador-fabricante-en-india\/\" class=\"text-decoration-none d-flex justify-content-center align-items-center text-primary fw-semibold text-center\">Pulverizador<\/a>\n\t\t\t\t<\/li><li class=\"global-form-list-column rounded border border-primary d-flex align-items-center justify-content-center flex-column py-4\">\n\t\t\t\t<div class=\"form-img d-flex align-items-center justify-content-center rounded-circle bg-primary mb-3\"><\/div>\n\t\t\t\t<a href=\"https:\/\/www.medsexporter.com\/es\/forms\/fabricante-de-bolsitas-en-la-india\/\" class=\"text-decoration-none d-flex justify-content-center align-items-center text-primary fw-semibold text-center\">Bolsita<\/a>\n\t\t\t\t<\/li><li class=\"global-form-list-column rounded border border-primary d-flex align-items-center justify-content-center flex-column py-4\">\n\t\t\t\t<div class=\"form-img d-flex align-items-center justify-content-center rounded-circle bg-primary mb-3\"><\/div>\n\t\t\t\t<a href=\"https:\/\/www.medsexporter.com\/es\/forms\/fabricante-de-viales-en-la-india\/\" class=\"text-decoration-none d-flex justify-content-center align-items-center text-primary fw-semibold text-center\">Vial<\/a>\n\t\t\t\t<\/li><li class=\"global-form-list-column rounded border border-primary d-flex align-items-center justify-content-center flex-column py-4\">\n\t\t\t\t<div class=\"form-img d-flex align-items-center justify-content-center rounded-circle bg-primary mb-3\"><\/div>\n\t\t\t\t<a href=\"https:\/\/www.medsexporter.com\/es\/forms\/rotacaps-fabricantes-en-india\/\" class=\"text-decoration-none d-flex justify-content-center align-items-center text-primary fw-semibold text-center\">Rotacaps<\/a>\n\t\t\t\t<\/li><li class=\"global-form-list-column rounded border border-primary d-flex align-items-center justify-content-center flex-column py-4\">\n\t\t\t\t<div class=\"form-img d-flex align-items-center justify-content-center rounded-circle bg-primary mb-3\"><\/div>\n\t\t\t\t<a href=\"https:\/\/www.medsexporter.com\/es\/forms\/respules-fabricante-en-india\/\" class=\"text-decoration-none d-flex justify-content-center align-items-center text-primary fw-semibold text-center\">Respules<\/a>\n\t\t\t\t<\/li><li class=\"global-form-list-column rounded border border-primary d-flex align-items-center justify-content-center flex-column py-4\">\n\t\t\t\t<div class=\"form-img d-flex align-items-center justify-content-center rounded-circle bg-primary mb-3\"><\/div>\n\t\t\t\t<a href=\"https:\/\/www.medsexporter.com\/es\/forms\/fabricante-de-pelicula-oral-en-la-india\/\" class=\"text-decoration-none d-flex justify-content-center align-items-center text-primary fw-semibold text-center\">Pel\u00edcula oral<\/a>\n\t\t\t\t<\/li><li class=\"global-form-list-column rounded border border-primary d-flex align-items-center justify-content-center flex-column py-4\">\n\t\t\t\t<div class=\"form-img d-flex align-items-center justify-content-center rounded-circle bg-primary mb-3\"><\/div>\n\t\t\t\t<a href=\"https:\/\/www.medsexporter.com\/es\/forms\/pomada-fabricantes-en-india\/\" class=\"text-decoration-none d-flex justify-content-center align-items-center text-primary fw-semibold text-center\">Pomada<\/a>\n\t\t\t\t<\/li><li class=\"global-form-list-column rounded border border-primary d-flex align-items-center justify-content-center flex-column py-4\">\n\t\t\t\t<div class=\"form-img d-flex align-items-center justify-content-center rounded-circle bg-primary mb-3\"><\/div>\n\t\t\t\t<a href=\"https:\/\/www.medsexporter.com\/es\/forms\/fabricante-de-agujas-en-india\/\" class=\"text-decoration-none d-flex justify-content-center align-items-center text-primary fw-semibold text-center\">Aguja<\/a>\n\t\t\t\t<\/li><li class=\"global-form-list-column rounded border border-primary d-flex align-items-center justify-content-center flex-column py-4\">\n\t\t\t\t<div class=\"form-img d-flex align-items-center justify-content-center rounded-circle bg-primary mb-3\"><\/div>\n\t\t\t\t<a href=\"https:\/\/www.medsexporter.com\/es\/forms\/gotas-nasales-sprays-fabricantes-en-india\/\" class=\"text-decoration-none d-flex justify-content-center align-items-center text-primary fw-semibold text-center\">Gotas nasales \/ Sprays<\/a>\n\t\t\t\t<\/li><li class=\"global-form-list-column rounded border border-primary d-flex align-items-center justify-content-center flex-column py-4\">\n\t\t\t\t<div class=\"form-img d-flex align-items-center justify-content-center rounded-circle bg-primary mb-3\"><\/div>\n\t\t\t\t<a href=\"https:\/\/www.medsexporter.com\/es\/forms\/multihaler-fabricantes-en-india\/\" class=\"text-decoration-none d-flex justify-content-center align-items-center text-primary fw-semibold text-center\">Multihaler<\/a>\n\t\t\t\t<\/li><li class=\"global-form-list-column rounded border border-primary d-flex align-items-center justify-content-center flex-column py-4\">\n\t\t\t\t<div class=\"form-img d-flex align-items-center justify-content-center rounded-circle bg-primary mb-3\"><\/div>\n\t\t\t\t<a href=\"https:\/\/www.medsexporter.com\/es\/forms\/locion-fabricantes-en-india\/\" class=\"text-decoration-none d-flex justify-content-center align-items-center text-primary fw-semibold text-center\">Loci\u00f3n<\/a>\n\t\t\t\t<\/li><li class=\"global-form-list-column rounded border border-primary d-flex align-items-center justify-content-center flex-column py-4\">\n\t\t\t\t<div class=\"form-img d-flex align-items-center justify-content-center rounded-circle bg-primary mb-3\"><\/div>\n\t\t\t\t<a href=\"https:\/\/www.medsexporter.com\/es\/forms\/lancetas-fabricantes-en-india\/\" class=\"text-decoration-none d-flex justify-content-center align-items-center text-primary fw-semibold text-center\">Lancetas<\/a>\n\t\t\t\t<\/li><li class=\"global-form-list-column rounded border border-primary d-flex align-items-center justify-content-center flex-column py-4\">\n\t\t\t\t<div class=\"form-img d-flex align-items-center justify-content-center rounded-circle bg-primary mb-3\"><\/div>\n\t\t\t\t<a href=\"https:\/\/www.medsexporter.com\/es\/forms\/jalea-fabricante-en-india\/\" class=\"text-decoration-none d-flex justify-content-center align-items-center text-primary fw-semibold text-center\">Gelatina<\/a>\n\t\t\t\t<\/li><li class=\"global-form-list-column rounded border border-primary d-flex align-items-center justify-content-center flex-column py-4\">\n\t\t\t\t<div class=\"form-img d-flex align-items-center justify-content-center rounded-circle bg-primary mb-3\"><\/div>\n\t\t\t\t<a href=\"https:\/\/www.medsexporter.com\/es\/forms\/inyeccion-fabricante-en-india\/\" class=\"text-decoration-none d-flex justify-content-center align-items-center text-primary fw-semibold text-center\">Inyecci\u00f3n<\/a>\n\t\t\t\t<\/li><li class=\"global-form-list-column rounded border border-primary d-flex align-items-center justify-content-center flex-column py-4\">\n\t\t\t\t<div class=\"form-img d-flex align-items-center justify-content-center rounded-circle bg-primary mb-3\"><\/div>\n\t\t\t\t<a href=\"https:\/\/www.medsexporter.com\/es\/forms\/inhalador-fabricantes-en-india\/\" class=\"text-decoration-none d-flex justify-content-center align-items-center text-primary fw-semibold text-center\">Inhalador<\/a>\n\t\t\t\t<\/li><li class=\"global-form-list-column rounded border border-primary d-flex align-items-center justify-content-center flex-column py-4\">\n\t\t\t\t<div class=\"form-img d-flex align-items-center justify-content-center rounded-circle bg-primary mb-3\"><\/div>\n\t\t\t\t<a href=\"https:\/\/www.medsexporter.com\/es\/forms\/infusion-fabricantes-en-india\/\" class=\"text-decoration-none d-flex justify-content-center align-items-center text-primary fw-semibold text-center\">Infusi\u00f3n<\/a>\n\t\t\t\t<\/li><li class=\"global-form-list-column rounded border border-primary d-flex align-items-center justify-content-center flex-column py-4\">\n\t\t\t\t<div class=\"form-img d-flex align-items-center justify-content-center rounded-circle bg-primary mb-3\"><\/div>\n\t\t\t\t<a href=\"https:\/\/www.medsexporter.com\/es\/forms\/glucometro-fabricantes-en-india\/\" class=\"text-decoration-none d-flex justify-content-center align-items-center text-primary fw-semibold text-center\">Gluc\u00f3metro<\/a>\n\t\t\t\t<\/li><li class=\"global-form-list-column rounded border border-primary d-flex align-items-center justify-content-center flex-column py-4\">\n\t\t\t\t<div class=\"form-img d-flex align-items-center justify-content-center rounded-circle bg-primary mb-3\"><\/div>\n\t\t\t\t<a href=\"https:\/\/www.medsexporter.com\/es\/forms\/fabricante-de-gel-en-india\/\" class=\"text-decoration-none d-flex justify-content-center align-items-center text-primary fw-semibold text-center\">Gel<\/a>\n\t\t\t\t<\/li><li class=\"global-form-list-column rounded border border-primary d-flex align-items-center justify-content-center flex-column py-4\">\n\t\t\t\t<div class=\"form-img d-flex align-items-center justify-content-center rounded-circle bg-primary mb-3\"><\/div>\n\t\t\t\t<a href=\"https:\/\/www.medsexporter.com\/es\/forms\/gotas-para-los-ojos-y-los-oidos-fabricantes-en-india\/\" class=\"text-decoration-none d-flex justify-content-center align-items-center text-primary fw-semibold text-center\">Gotas para los ojos\/los o\u00eddos<\/a>\n\t\t\t\t<\/li><li class=\"global-form-list-column rounded border border-primary d-flex align-items-center justify-content-center flex-column py-4\">\n\t\t\t\t<div class=\"form-img d-flex align-items-center justify-content-center rounded-circle bg-primary mb-3\"><\/div>\n\t\t\t\t<a href=\"https:\/\/www.medsexporter.com\/es\/forms\/cremas-unguentos-fabricantes-en-india\/\" class=\"text-decoration-none d-flex justify-content-center align-items-center text-primary fw-semibold text-center\">Cremas \/ Pomadas<\/a>\n\t\t\t\t<\/li><li class=\"global-form-list-column rounded border border-primary d-flex align-items-center justify-content-center flex-column py-4\">\n\t\t\t\t<div class=\"form-img d-flex align-items-center justify-content-center rounded-circle bg-primary mb-3\"><\/div>\n\t\t\t\t<a href=\"https:\/\/www.medsexporter.com\/es\/forms\/fabricante-de-capsulas-en-la-india\/\" class=\"text-decoration-none d-flex justify-content-center align-items-center text-primary fw-semibold text-center\">C\u00e1psula<\/a>\n\t\t\t\t<\/li><li class=\"global-form-list-column rounded border border-primary d-flex align-items-center justify-content-center flex-column py-4\">\n\t\t\t\t<div class=\"form-img d-flex align-items-center justify-content-center rounded-circle bg-primary mb-3\"><\/div>\n\t\t\t\t<a href=\"https:\/\/www.medsexporter.com\/es\/forms\/ampolla-fabricantes-en-india\/\" class=\"text-decoration-none d-flex justify-content-center align-items-center text-primary fw-semibold text-center\">Ampolla<\/a>\n\t\t\t\t<\/li><li class=\"global-form-list-column rounded border border-primary d-flex align-items-center justify-content-center flex-column py-4\">\n\t\t\t\t<div class=\"form-img d-flex align-items-center justify-content-center rounded-circle bg-primary mb-3\"><img decoding=\"async\" src=\"https:\/\/www.medsexporter.com\/wp-content\/uploads\/2025\/04\/Solution-min.png\" alt=\"Solution\" class=\"d-block mx-auto\"><\/div>\n\t\t\t\t<a href=\"https:\/\/www.medsexporter.com\/es\/forms\/solution\/\" class=\"text-decoration-none d-flex justify-content-center align-items-center text-primary fw-semibold text-center\">Solution<\/a>\n\t\t\t\t<\/li><li class=\"global-form-list-column rounded border border-primary d-flex align-items-center justify-content-center flex-column py-4\">\n\t\t\t\t<div class=\"form-img d-flex align-items-center justify-content-center rounded-circle bg-primary mb-3\"><img decoding=\"async\" src=\"https:\/\/www.medsexporter.com\/wp-content\/uploads\/2025\/04\/Pen-min.png\" alt=\"Pen\" class=\"d-block mx-auto\"><\/div>\n\t\t\t\t<a href=\"https:\/\/www.medsexporter.com\/es\/forms\/pen-manufacturer-in-india\/\" class=\"text-decoration-none d-flex justify-content-center align-items-center text-primary fw-semibold text-center\">Pen<\/a>\n\t\t\t\t<\/li><li class=\"global-form-list-column rounded border border-primary d-flex align-items-center justify-content-center flex-column py-4\">\n\t\t\t\t<div class=\"form-img d-flex align-items-center justify-content-center rounded-circle bg-primary mb-3\"><img decoding=\"async\" src=\"https:\/\/www.medsexporter.com\/wp-content\/uploads\/2025\/04\/Strip-min-1.png\" alt=\"Strip\" class=\"d-block mx-auto\"><\/div>\n\t\t\t\t<a href=\"https:\/\/www.medsexporter.com\/es\/forms\/strip\/\" class=\"text-decoration-none d-flex justify-content-center align-items-center text-primary fw-semibold text-center\">Strip<\/a>\n\t\t\t\t<\/li><li class=\"global-form-list-column rounded border border-primary d-flex align-items-center justify-content-center flex-column py-4\">\n\t\t\t\t<div class=\"form-img d-flex align-items-center justify-content-center rounded-circle bg-primary mb-3\"><img decoding=\"async\" src=\"https:\/\/www.medsexporter.com\/wp-content\/uploads\/2024\/05\/Creams-Ointment-01-01.png\" alt=\"Cream\" class=\"d-block mx-auto\"><\/div>\n\t\t\t\t<a href=\"https:\/\/www.medsexporter.com\/es\/forms\/cream\/\" class=\"text-decoration-none d-flex justify-content-center align-items-center text-primary fw-semibold text-center\">Cream<\/a>\n\t\t\t\t<\/li><li class=\"global-form-list-column rounded border border-primary d-flex align-items-center justify-content-center flex-column py-4\">\n\t\t\t\t<div class=\"form-img d-flex align-items-center justify-content-center rounded-circle bg-primary mb-3\"><\/div>\n\t\t\t\t<a href=\"https:\/\/www.medsexporter.com\/es\/forms\/eye-drop\/\" class=\"text-decoration-none d-flex justify-content-center align-items-center text-primary fw-semibold text-center\">Eye Drop<\/a>\n\t\t\t\t<\/li><\/ul>\n<\/div>\n<\/div>\n<\/div>\n<\/div>\n","protected":false},"excerpt":{"rendered":"MedsExporter es una filial de Actiza Pharmaceutical, que opera desde la India. La empresa se fund\u00f3 hace m\u00e1s de una d\u00e9cada con la visi\u00f3n de llevar la asistencia sanitaria a los pa\u00edses m\u00e1s desfavorecidos y a su poblaci\u00f3n. Esta visi\u00f3n s\u00f3lo era posible con una planta de formulaci\u00f3n propia; por ello, establecimos una planta ultramoderna [&hellip;]","protected":false},"author":1,"featured_media":0,"parent":0,"menu_order":0,"comment_status":"closed","ping_status":"closed","template":"templates\/page-template.php","meta":{"_glsr_average":0,"_glsr_ranking":0,"_glsr_reviews":0,"footnotes":""},"class_list":["post-50268","page","type-page","status-publish","hentry"],"_links":{"self":[{"href":"https:\/\/www.medsexporter.com\/es\/wp-json\/wp\/v2\/pages\/50268","targetHints":{"allow":["GET"]}}],"collection":[{"href":"https:\/\/www.medsexporter.com\/es\/wp-json\/wp\/v2\/pages"}],"about":[{"href":"https:\/\/www.medsexporter.com\/es\/wp-json\/wp\/v2\/types\/page"}],"author":[{"embeddable":true,"href":"https:\/\/www.medsexporter.com\/es\/wp-json\/wp\/v2\/users\/1"}],"replies":[{"embeddable":true,"href":"https:\/\/www.medsexporter.com\/es\/wp-json\/wp\/v2\/comments?post=50268"}],"version-history":[{"count":3,"href":"https:\/\/www.medsexporter.com\/es\/wp-json\/wp\/v2\/pages\/50268\/revisions"}],"predecessor-version":[{"id":50272,"href":"https:\/\/www.medsexporter.com\/es\/wp-json\/wp\/v2\/pages\/50268\/revisions\/50272"}],"wp:attachment":[{"href":"https:\/\/www.medsexporter.com\/es\/wp-json\/wp\/v2\/media?parent=50268"}],"curies":[{"name":"wp","href":"https:\/\/api.w.org\/{rel}","templated":true}]}}