{"id":50264,"date":"2024-06-12T11:45:00","date_gmt":"2024-06-12T11:45:00","guid":{"rendered":"https:\/\/medsexporter.com\/medicina-generica\/"},"modified":"2024-07-17T05:19:08","modified_gmt":"2024-07-17T05:19:08","slug":"medicina-generica","status":"publish","type":"page","link":"https:\/\/www.medsexporter.com\/es\/medicina-generica\/","title":{"rendered":"Medicina gen\u00e9rica"},"content":{"rendered":"\n<h2 class=\"wp-block-heading\"><strong>MedsExporter specialises in generic medicine<\/strong>.<\/h2>\n\n\n\n<p>Los medicamentos gen\u00e9ricos se est\u00e1n popularizando cada a\u00f1o que pasa, ya que los pacientes y la gente en general los conocen cada vez mejor. Los medicamentos gen\u00e9ricos son mol\u00e9culas o principios activos que est\u00e1n presentes en los medicamentos de marca. Como no son propiedad de ninguna empresa ni se gasta dinero en promocionarlos, son m\u00e1s asequibles que los de marca.<\/p>\n\n\n\n<p>Cuando se trata de la fabricaci\u00f3n de medicamentos gen\u00e9ricos, un nombre se destac\u00f3 en el lote, que se llama <strong><a href=\"https:\/\/medsexporter.com\/es\/\">MedsExporter<\/a><\/strong>, que es una filial de <strong>Actiza Pharmaceuticals Pvt. Ltd.<\/strong> Somos una empresa con sede en la India con la experiencia de m\u00e1s de una d\u00e9cada, y estamos dirigidos por promotores que han estado en el sector de la salud durante m\u00e1s de dos d\u00e9cadas. Con esta enorme experiencia, hemos estado sirviendo al mercado farmac\u00e9utico con nuestra pericia.<\/p>\n\n\n\n<h2 class=\"wp-block-heading\"><strong>Nuestra planta dedicada a los medicamentos gen\u00e9ricos<\/strong><\/h2>\n\n\n\n<p>Gujarat, India, es donde tenemos nuestras unidades de fabricaci\u00f3n con subunidades para diferentes formas de medicamentos y productos relacionados. Disponemos de una amplia zona de envasado y almacenamiento con infraestructuras adecuadas para todo tipo de medicamentos. Nuestra red de transporte y entrega ha demostrado su eficacia y tenemos un historial del 99% de entregas puntuales.<\/p>\n\n\n\n<p>Nuestra planta de fabricaci\u00f3n tiene una subplanta dedicada espec\u00edficamente a los medicamentos gen\u00e9ricos; dado que ofrecemos servicios de fabricaci\u00f3n por contrato y fabricaci\u00f3n por terceros, necesit\u00e1bamos establecer una planta dedicada a los medicamentos gen\u00e9ricos.<\/p>\n\n\n\n<h2 class=\"wp-block-heading\"><strong>Tama\u00f1o del mercado mundial de medicamentos gen\u00e9ricos<\/strong><\/h2>\n\n\n\n<p>Actualmente, el mercado mundial de medicamentos gen\u00e9ricos asciende a 465.000 millones de d\u00f3lares, y alcanzar\u00e1 los 779.000 millones de d\u00f3lares en 2033. Este es un crecimiento masivo, lo que demuestra que la demanda de medicamentos gen\u00e9ricos se va a disparar, y las empresas como la nuestra deben estar preparadas para esta asombrosa demanda. Siendo la India un epicentro de fabricaci\u00f3n farmac\u00e9utica, en <strong>MedsExporter<\/strong> nos estamos preparando para atender la creciente demanda de medicamentos gen\u00e9ricos. Tenemos una enorme cesta de medicamentos gen\u00e9ricos que suministramos a m\u00e1s de 50 pa\u00edses de todos los continentes del mundo.<\/p>\n\n\n\n<h2 class=\"wp-block-heading\"><strong>Medicamentos gen\u00e9ricos que ofrece MedsExporter<\/strong><\/h2>\n\n\n\n<p><strong>MedsExporter<\/strong> es un experto en todas las formas gen\u00e9ricas de medicamentos, y somos un fabricante, exportador y proveedor de ellos. Podemos atender pedidos de todos los tama\u00f1os, pero damos a nuestros clientes que no se preocupen por la cantidad, ya que no existe un criterio de pedido m\u00ednimo.<\/p>\n\n\n\n<ul class=\"wp-block-list\">\n<li>Comprimidos, c\u00e1psulas, alimentos<\/li>\n\n\n\n<li>Comprimidos, c\u00e1psulas F\u00e1rmaco<\/li>\n\n\n\n<li>C\u00e1psulas<\/li>\n\n\n\n<li>Pomada<\/li>\n\n\n\n<li>Cosm\u00e9ticos<\/li>\n\n\n\n<li>Gotas<\/li>\n\n\n\n<li>Polvo para espolvorear<\/li>\n\n\n\n<li>Gotas nasales\/Sprays<\/li>\n\n\n\n<li>Bolsita<\/li>\n\n\n\n<li>Gelatina blanda<\/li>\n\n\n\n<li>Jarabe<\/li>\n\n\n\n<li>Inyecciones<\/li>\n\n\n\n<li>Pel\u00edcula oral<\/li>\n\n\n\n<li>Loci\u00f3n<\/li>\n\n\n\n<li>Gelatina<\/li>\n\n\n\n<li>Inhalador<\/li>\n\n\n\n<li>Ampolla<\/li>\n\n\n\n<li>Viales<\/li>\n<\/ul>\n","protected":false},"excerpt":{"rendered":"MedsExporter specialises in generic medicine. Los medicamentos gen\u00e9ricos se est\u00e1n popularizando cada a\u00f1o que pasa, ya que los pacientes y la gente en general los conocen cada vez mejor. Los medicamentos gen\u00e9ricos son mol\u00e9culas o principios activos que est\u00e1n presentes en los medicamentos de marca. Como no son propiedad de ninguna empresa ni se gasta [&hellip;]","protected":false},"author":1,"featured_media":0,"parent":0,"menu_order":0,"comment_status":"closed","ping_status":"closed","template":"","meta":{"_glsr_average":0,"_glsr_ranking":0,"_glsr_reviews":0,"footnotes":""},"class_list":["post-50264","page","type-page","status-publish","hentry"],"_links":{"self":[{"href":"https:\/\/www.medsexporter.com\/es\/wp-json\/wp\/v2\/pages\/50264","targetHints":{"allow":["GET"]}}],"collection":[{"href":"https:\/\/www.medsexporter.com\/es\/wp-json\/wp\/v2\/pages"}],"about":[{"href":"https:\/\/www.medsexporter.com\/es\/wp-json\/wp\/v2\/types\/page"}],"author":[{"embeddable":true,"href":"https:\/\/www.medsexporter.com\/es\/wp-json\/wp\/v2\/users\/1"}],"replies":[{"embeddable":true,"href":"https:\/\/www.medsexporter.com\/es\/wp-json\/wp\/v2\/comments?post=50264"}],"version-history":[{"count":2,"href":"https:\/\/www.medsexporter.com\/es\/wp-json\/wp\/v2\/pages\/50264\/revisions"}],"predecessor-version":[{"id":50267,"href":"https:\/\/www.medsexporter.com\/es\/wp-json\/wp\/v2\/pages\/50264\/revisions\/50267"}],"wp:attachment":[{"href":"https:\/\/www.medsexporter.com\/es\/wp-json\/wp\/v2\/media?parent=50264"}],"curies":[{"name":"wp","href":"https:\/\/api.w.org\/{rel}","templated":true}]}}