{"id":50259,"date":"2024-01-26T06:09:41","date_gmt":"2024-01-26T06:09:41","guid":{"rendered":"https:\/\/medsexporter.com\/excelencia-en-la-fabricacion\/"},"modified":"2024-07-17T04:51:31","modified_gmt":"2024-07-17T04:51:31","slug":"excelencia-en-la-fabricacion","status":"publish","type":"page","link":"https:\/\/www.medsexporter.com\/es\/excelencia-en-la-fabricacion\/","title":{"rendered":"Excelencia en la fabricaci\u00f3n"},"content":{"rendered":"\n<div class=\"wp-block-group main-page-row py-5 is-nowrap is-layout-flex wp-container-core-group-is-layout-ad2f72ca wp-block-group-is-layout-flex\">\n<div class=\"wp-block-group container is-nowrap is-layout-flex wp-container-core-group-is-layout-ad2f72ca wp-block-group-is-layout-flex\">\n<div class=\"wp-block-columns row is-layout-flex wp-container-core-columns-is-layout-9d6595d7 wp-block-columns-is-layout-flex\">\n<div class=\"wp-block-column col-12 is-layout-flow wp-block-column-is-layout-flow\">\n<p><strong><a href=\"https:\/\/medsexporter.com\/es\/\">MedsExporter<\/a><\/strong> tiene una sofisticada planta de fabricaci\u00f3n en la India, y estamos trabajando hacia el avance continuo de nuestra maquinaria de la planta, la mano de obra, y la calidad de nuestros productos. Adem\u00e1s, trabajamos por la excelencia en la fabricaci\u00f3n mediante la reducci\u00f3n de residuos en la planta, el reciclaje eficaz y las auditor\u00edas generales de todas nuestras unidades. Animamos a nuestros empleados organizando talleres trimestrales, simulacros de mejora de la seguridad y recogiendo sus sugerencias. Nuestro principal objetivo para alcanzar la excelencia en la fabricaci\u00f3n es crear y ofrecer productos de calidad con mejoras a todos los niveles.<\/p>\n\n\n\n<p>A trav\u00e9s del logro de la excelencia en la fabricaci\u00f3n, <strong>MedsExporter<\/strong> se compromete a que nuestros clientes, consumidores finales, empleados y todas las partes interesadas tengan una gran experiencia trabajando con nosotros y se conviertan en un socio importante en la difusi\u00f3n de la salud en todo el mundo.<\/p>\n<\/div>\n<\/div>\n<\/div>\n<\/div>\n","protected":false},"excerpt":{"rendered":"MedsExporter tiene una sofisticada planta de fabricaci\u00f3n en la India, y estamos trabajando hacia el avance continuo de nuestra maquinaria de la planta, la mano de obra, y la calidad de nuestros productos. Adem\u00e1s, trabajamos por la excelencia en la fabricaci\u00f3n mediante la reducci\u00f3n de residuos en la planta, el reciclaje eficaz y las auditor\u00edas [&hellip;]","protected":false},"author":1,"featured_media":0,"parent":0,"menu_order":0,"comment_status":"closed","ping_status":"closed","template":"templates\/page-template.php","meta":{"_glsr_average":0,"_glsr_ranking":0,"_glsr_reviews":0,"footnotes":""},"class_list":["post-50259","page","type-page","status-publish","hentry"],"_links":{"self":[{"href":"https:\/\/www.medsexporter.com\/es\/wp-json\/wp\/v2\/pages\/50259","targetHints":{"allow":["GET"]}}],"collection":[{"href":"https:\/\/www.medsexporter.com\/es\/wp-json\/wp\/v2\/pages"}],"about":[{"href":"https:\/\/www.medsexporter.com\/es\/wp-json\/wp\/v2\/types\/page"}],"author":[{"embeddable":true,"href":"https:\/\/www.medsexporter.com\/es\/wp-json\/wp\/v2\/users\/1"}],"replies":[{"embeddable":true,"href":"https:\/\/www.medsexporter.com\/es\/wp-json\/wp\/v2\/comments?post=50259"}],"version-history":[{"count":2,"href":"https:\/\/www.medsexporter.com\/es\/wp-json\/wp\/v2\/pages\/50259\/revisions"}],"predecessor-version":[{"id":50262,"href":"https:\/\/www.medsexporter.com\/es\/wp-json\/wp\/v2\/pages\/50259\/revisions\/50262"}],"wp:attachment":[{"href":"https:\/\/www.medsexporter.com\/es\/wp-json\/wp\/v2\/media?parent=50259"}],"curies":[{"name":"wp","href":"https:\/\/api.w.org\/{rel}","templated":true}]}}