{"id":50244,"date":"2024-06-12T12:27:43","date_gmt":"2024-06-12T12:27:43","guid":{"rendered":"https:\/\/medsexporter.com\/productos-de-venta-libre\/"},"modified":"2024-07-17T04:19:48","modified_gmt":"2024-07-17T04:19:48","slug":"productos-de-venta-libre","status":"publish","type":"page","link":"https:\/\/www.medsexporter.com\/es\/productos-de-venta-libre\/","title":{"rendered":"Productos de venta libre"},"content":{"rendered":"\n<h2 class=\"wp-block-heading\"><strong>Importancia de los productos OTC en el mercado<\/strong><\/h2>\n\n\n\n<p>Los productos OTC (de venta libre) en el \u00e1mbito farmac\u00e9utico son el recurso al que acuden los pacientes con problemas de salud menores, y pueden ir a cualquier farmacia y comprar los medicamentos OTC adecuados. Los productos OTC pueden utilizarse sin receta, y esta flexibilidad aumenta su importancia como productos farmac\u00e9uticos.<\/p>\n\n\n\n<h2 class=\"wp-block-heading\"><strong>Medsexporter es un fabricante, exportador y proveedor de medicamentos OTC<\/strong><\/h2>\n\n\n\n<p><strong><a href=\"https:\/\/medsexporter.com\/es\/\">MedsExporter<\/a><\/strong> ha desarrollado, al igual que los medicamentos de prescripci\u00f3n, una l\u00ednea de medicamentos OTC desde el a\u00f1o de siembra. Hemos estado fabricando, exportando y suministrando casi todos los productos OTC desde nuestro portal web. Tomamos todos los tama\u00f1os de las \u00f3rdenes, y se ha convertido en nuestra especialidad como fabricante, exportador y proveedor.<\/p>\n\n\n\n<h2 class=\"wp-block-heading\"><strong>L\u00ednea de productos OTC de Medsexporter<\/strong><\/h2>\n\n\n\n<p>S\u00f3lo en EE.UU. hay alrededor de 80 clases diferentes de productos OTC aprobados por la FDA, y nosotros nos ocupamos de todos ellos. Si se a\u00f1aden algunos de otros pa\u00edses, el n\u00famero de clases superar\u00e1 las 100. Hemos suministrado casi todos los productos OTC con los tres servicios de fabricaci\u00f3n, exportaci\u00f3n y suministro.<\/p>\n\n\n\n<p><strong>MedsExporter<\/strong> ha estado fabricando productos OTC de acuerdo con las clases espec\u00edficas de cada pa\u00eds, y tenemos expertos que se encargan de toda la legalidad con claridad y confirmaciones cient\u00edficas.<\/p>\n","protected":false},"excerpt":{"rendered":"Importancia de los productos OTC en el mercado Los productos OTC (de venta libre) en el \u00e1mbito farmac\u00e9utico son el recurso al que acuden los pacientes con problemas de salud menores, y pueden ir a cualquier farmacia y comprar los medicamentos OTC adecuados. Los productos OTC pueden utilizarse sin receta, y esta flexibilidad aumenta su [&hellip;]","protected":false},"author":1,"featured_media":0,"parent":0,"menu_order":0,"comment_status":"closed","ping_status":"closed","template":"","meta":{"_glsr_average":0,"_glsr_ranking":0,"_glsr_reviews":0,"footnotes":""},"class_list":["post-50244","page","type-page","status-publish","hentry"],"_links":{"self":[{"href":"https:\/\/www.medsexporter.com\/es\/wp-json\/wp\/v2\/pages\/50244","targetHints":{"allow":["GET"]}}],"collection":[{"href":"https:\/\/www.medsexporter.com\/es\/wp-json\/wp\/v2\/pages"}],"about":[{"href":"https:\/\/www.medsexporter.com\/es\/wp-json\/wp\/v2\/types\/page"}],"author":[{"embeddable":true,"href":"https:\/\/www.medsexporter.com\/es\/wp-json\/wp\/v2\/users\/1"}],"replies":[{"embeddable":true,"href":"https:\/\/www.medsexporter.com\/es\/wp-json\/wp\/v2\/comments?post=50244"}],"version-history":[{"count":2,"href":"https:\/\/www.medsexporter.com\/es\/wp-json\/wp\/v2\/pages\/50244\/revisions"}],"predecessor-version":[{"id":50250,"href":"https:\/\/www.medsexporter.com\/es\/wp-json\/wp\/v2\/pages\/50244\/revisions\/50250"}],"wp:attachment":[{"href":"https:\/\/www.medsexporter.com\/es\/wp-json\/wp\/v2\/media?parent=50244"}],"curies":[{"name":"wp","href":"https:\/\/api.w.org\/{rel}","templated":true}]}}