{"id":50240,"date":"2023-11-09T04:40:34","date_gmt":"2023-11-09T04:40:34","guid":{"rendered":"https:\/\/medsexporter.com\/politica-de-privacidad\/"},"modified":"2024-07-17T03:56:49","modified_gmt":"2024-07-17T03:56:49","slug":"politica-de-privacidad","status":"publish","type":"page","link":"https:\/\/www.medsexporter.com\/es\/politica-de-privacidad\/","title":{"rendered":"Pol\u00edtica de privacidad"},"content":{"rendered":"\n<p>Como empresa centrada en el cliente, <strong>MedsExporter<\/strong> ha creado una pol\u00edtica de privacidad que nos ayuda a servir mejor a nuestros clientes y aumenta la experiencia general de uso de nuestro portal web. Leyendo los siguientes puntos, nuestros clientes sabr\u00e1n c\u00f3mo utilizamos los datos para mejorar nuestras relaciones comerciales.<\/p>\n\n\n\n<ul class=\"wp-block-list\">\n<li>Recopilamos los datos de nuestros clientes para prestarles un mejor servicio y crear propuestas comerciales m\u00e1s excelentes. La informaci\u00f3n que recopilamos mejorar\u00e1 las experiencias de nuestros clientes.<\/li>\n\n\n\n<li><strong>MedsExporter<\/strong> y otros terceros recopilar\u00e1n datos en forma de sistemas operativos, direcciones IP, cookies, tipos de navegador, etiquetas y p\u00e1ginas web.<\/li>\n\n\n\n<li>Los fines comerciales mutuos son la \u00fanica raz\u00f3n por la que recopilamos los datos de nuestros clientes, pero nos aseguramos de que est\u00e9n seguros con nosotros. Sin embargo, los datos recogidos por un tercero no estar\u00edan bajo nuestro control, y no podemos garantizarlo.<\/li>\n\n\n\n<li>Rogamos a nuestros clientes que actualicen siempre sus datos. Nos dar\u00e1 la libertad de prestarle un buen servicio cuando utilice nuestro portal web.<\/li>\n\n\n\n<li><strong>MedsExporter<\/strong> est\u00e1 obligada por las normas y reglamentos gubernamentales y de otras organizaciones, y los aplicamos en todas nuestras operaciones.<\/li>\n\n\n\n<li>Cumplimos las normas del pa\u00eds en el que tenemos nuestra sede y, como atendemos a clientes de todo el mundo, tambi\u00e9n respetamos las leyes de los pa\u00edses de nuestros clientes. Esta forma de actuar nos convierte en una empresa cordial que entiende a nuestros clientes y sus necesidades.<\/li>\n\n\n\n<li>Siempre que <strong>MedsExporter<\/strong> cambie su pol\u00edtica de privacidad, todos nuestros clientes ser\u00e1n informados con suficiente antelaci\u00f3n para que puedan adaptarse a la nueva pol\u00edtica. <\/li>\n<\/ul>\n","protected":false},"excerpt":{"rendered":"Como empresa centrada en el cliente, MedsExporter ha creado una pol\u00edtica de privacidad que nos ayuda a servir mejor a nuestros clientes y aumenta la experiencia general de uso de nuestro portal web. Leyendo los siguientes puntos, nuestros clientes sabr\u00e1n c\u00f3mo utilizamos los datos para mejorar nuestras relaciones comerciales.","protected":false},"author":1,"featured_media":0,"parent":0,"menu_order":0,"comment_status":"closed","ping_status":"closed","template":"templates\/page-template.php","meta":{"_glsr_average":0,"_glsr_ranking":0,"_glsr_reviews":0,"footnotes":""},"class_list":["post-50240","page","type-page","status-publish","hentry"],"_links":{"self":[{"href":"https:\/\/www.medsexporter.com\/es\/wp-json\/wp\/v2\/pages\/50240","targetHints":{"allow":["GET"]}}],"collection":[{"href":"https:\/\/www.medsexporter.com\/es\/wp-json\/wp\/v2\/pages"}],"about":[{"href":"https:\/\/www.medsexporter.com\/es\/wp-json\/wp\/v2\/types\/page"}],"author":[{"embeddable":true,"href":"https:\/\/www.medsexporter.com\/es\/wp-json\/wp\/v2\/users\/1"}],"replies":[{"embeddable":true,"href":"https:\/\/www.medsexporter.com\/es\/wp-json\/wp\/v2\/comments?post=50240"}],"version-history":[{"count":2,"href":"https:\/\/www.medsexporter.com\/es\/wp-json\/wp\/v2\/pages\/50240\/revisions"}],"predecessor-version":[{"id":50243,"href":"https:\/\/www.medsexporter.com\/es\/wp-json\/wp\/v2\/pages\/50240\/revisions\/50243"}],"wp:attachment":[{"href":"https:\/\/www.medsexporter.com\/es\/wp-json\/wp\/v2\/media?parent=50240"}],"curies":[{"name":"wp","href":"https:\/\/api.w.org\/{rel}","templated":true}]}}