{"id":50236,"date":"2024-01-26T06:21:32","date_gmt":"2024-01-26T06:21:32","guid":{"rendered":"https:\/\/medsexporter.com\/politica-de-calidad\/"},"modified":"2024-07-16T12:25:17","modified_gmt":"2024-07-16T12:25:17","slug":"politica-de-calidad","status":"publish","type":"page","link":"https:\/\/www.medsexporter.com\/es\/politica-de-calidad\/","title":{"rendered":"Pol\u00edtica de calidad"},"content":{"rendered":"\n<p><a href=\"https:\/\/medsexporter.com\/es\/\"><strong>MedsExporter<\/strong><\/a> cree en seguir las normas de calidad r\u00edgidamente, por lo tanto, en nuestra empresa, no hemos dejado ninguna ventana para comprometer la calidad. Nuestra pol\u00edtica de calidad se basa en las normas establecidas por el gobierno y otros organismos internacionales de organizaci\u00f3n. Nuestros productos son responsables del negocio de nuestros clientes, y adem\u00e1s, la salud de millones de personas depende de ellos, por lo que somos muy estrictos con la pol\u00edtica de calidad.<\/p>\n\n\n\n<h2 class=\"wp-block-heading\"><strong>Pol\u00edtica de calidad<\/strong><\/h2>\n\n\n\n<ul class=\"wp-block-list\">\n<li>Fabricaci\u00f3n de medicamentos y productos afines conforme a las directrices de la OMS sobre pr\u00e1cticas correctas de fabricaci\u00f3n e ISO<\/li>\n\n\n\n<li>Transparencia en la fabricaci\u00f3n y mantenimiento de la calidad<\/li>\n\n\n\n<li>Seguir una pr\u00e1ctica \u00e9tica<\/li>\n\n\n\n<li>Comprar materias primas s\u00f3lo a vendedores aut\u00e9nticos<\/li>\n\n\n\n<li>Cada lote debe pasar el control de calidad<\/li>\n\n\n\n<li>Sin concesiones en CAPA<\/li>\n<\/ul>\n\n\n\n<h2 class=\"wp-block-heading\"><strong>La lealtad de MedsExporter hacia un producto de calidad<\/strong><\/h2>\n\n\n\n<p><strong>MedsExporter<\/strong>, como empresa, se ha basado en su visi\u00f3n de difundir la salud por todo el mundo, y nuestra fuerza motriz es la calidad. Somos absolutamente leales a la calidad y la mantenemos a lo largo de la preproducci\u00f3n, la producci\u00f3n y la posproducci\u00f3n, porque las tres etapas repercuten en la calidad de un producto.<\/p>\n\n\n\n<h2 class=\"wp-block-heading\"><strong>Nuestros esfuerzos por mantener la calidad<\/strong><\/h2>\n\n\n\n<p>Hay ciertas cosas que afectan a la calidad, y al tiempo que mantenemos la calidad, nos ocupamos de las cosas que hay que cuidar, y estas cosas tambi\u00e9n entran en nuestra pol\u00edtica de calidad.<\/p>\n\n\n\n<p>Medio ambiente: nos aseguramos de que nuestro proceso de fabricaci\u00f3n de productos farmac\u00e9uticos de calidad no perjudique al medio ambiente. Cuidamos nuestro consumo de energ\u00eda, hemos invertido enormemente en plantaciones y se ha establecido una gesti\u00f3n de las aguas residuales.<\/p>\n\n\n\n<p>Gesti\u00f3n de residuos: Todos los residuos pasan por un proceso de gesti\u00f3n calculado que reduce su nocividad. Gracias a la infraestructura disponible, hemos construido una planta que cuenta con un sistema de gesti\u00f3n de residuos.<\/p>\n\n\n\n<p>Reciclar: Hemos estado reciclando agua, pl\u00e1stico y otros productos y utiliz\u00e1ndolos en las obras asociadas. Hemos colaborado con agencias privadas para el reciclaje, y eso ha hecho de nuestra unidad de fabricaci\u00f3n un lugar donde nada perjudicar\u00e1 directamente al medio ambiente.<\/p>\n","protected":false},"excerpt":{"rendered":"MedsExporter cree en seguir las normas de calidad r\u00edgidamente, por lo tanto, en nuestra empresa, no hemos dejado ninguna ventana para comprometer la calidad. Nuestra pol\u00edtica de calidad se basa en las normas establecidas por el gobierno y otros organismos internacionales de organizaci\u00f3n. Nuestros productos son responsables del negocio de nuestros clientes, y adem\u00e1s, la [&hellip;]","protected":false},"author":1,"featured_media":0,"parent":0,"menu_order":0,"comment_status":"closed","ping_status":"closed","template":"templates\/page-template.php","meta":{"_glsr_average":0,"_glsr_ranking":0,"_glsr_reviews":0,"footnotes":""},"class_list":["post-50236","page","type-page","status-publish","hentry"],"_links":{"self":[{"href":"https:\/\/www.medsexporter.com\/es\/wp-json\/wp\/v2\/pages\/50236","targetHints":{"allow":["GET"]}}],"collection":[{"href":"https:\/\/www.medsexporter.com\/es\/wp-json\/wp\/v2\/pages"}],"about":[{"href":"https:\/\/www.medsexporter.com\/es\/wp-json\/wp\/v2\/types\/page"}],"author":[{"embeddable":true,"href":"https:\/\/www.medsexporter.com\/es\/wp-json\/wp\/v2\/users\/1"}],"replies":[{"embeddable":true,"href":"https:\/\/www.medsexporter.com\/es\/wp-json\/wp\/v2\/comments?post=50236"}],"version-history":[{"count":2,"href":"https:\/\/www.medsexporter.com\/es\/wp-json\/wp\/v2\/pages\/50236\/revisions"}],"predecessor-version":[{"id":50239,"href":"https:\/\/www.medsexporter.com\/es\/wp-json\/wp\/v2\/pages\/50236\/revisions\/50239"}],"wp:attachment":[{"href":"https:\/\/www.medsexporter.com\/es\/wp-json\/wp\/v2\/media?parent=50236"}],"curies":[{"name":"wp","href":"https:\/\/api.w.org\/{rel}","templated":true}]}}