{"id":50232,"date":"2024-02-01T11:32:35","date_gmt":"2024-02-01T11:32:35","guid":{"rendered":"https:\/\/medsexporter.com\/servicios-regulatorios\/"},"modified":"2024-07-16T11:54:49","modified_gmt":"2024-07-16T11:54:49","slug":"servicios-regulatorios","status":"publish","type":"page","link":"https:\/\/www.medsexporter.com\/es\/servicios-regulatorios\/","title":{"rendered":"Servicios regulatorios"},"content":{"rendered":"\n<p>Los servicios regulatorios son el aspecto m\u00e1s importante cuando se trata de desarrollar un producto farmac\u00e9utico. Cada producto farmac\u00e9utico debe pasar por ciertas normas regulatorias establecidas por los gobiernos y cada pa\u00eds tiene sus propias regulaciones diferentes. <strong><a href=\"https:\/\/medsexporter.com\/es\/\">MedsExporter<\/a><\/strong> brinda estos servicios a nuestros clientes y contamos con un equipo dedicado que trabaja con nuestros clientes en varios niveles durante todo el proceso.<\/p>\n\n\n\n<h2 class=\"wp-block-heading\"><strong>Medsexporter brinda los siguientes Servicios Regulatorios:<\/strong><\/h2>\n\n\n\n<ol class=\"wp-block-list\">\n<li>Apoyo a ensayos cl\u00ednicos<\/li>\n\n\n\n<li>Sugerencias de marketing<\/li>\n\n\n\n<li>Apoyo a la gesti\u00f3n del estilo de vida de los productos<\/li>\n\n\n\n<li>Publicaci\u00f3n de eCTD, ESG y asistencia t\u00e9cnica<\/li>\n\n\n\n<li>Apoyar el expediente de presentaci\u00f3n<\/li>\n\n\n\n<li>An\u00e1lisis normativo<\/li>\n\n\n\n<li>Creaci\u00f3n y revisi\u00f3n de etiquetas<\/li>\n\n\n\n<li>Apoyo toxicol\u00f3gico precl\u00ednico<\/li>\n\n\n\n<li>Escritos cient\u00edficos<\/li>\n\n\n\n<li>Nuevo registro de productos y<\/li>\n\n\n\n<li>Renovaci\u00f3n del emplazamiento seg\u00fan el calendario<\/li>\n\n\n\n<li>Mantenimiento del ciclo de vida posterior a la homologaci\u00f3n<\/li>\n\n\n\n<li>Elaboraci\u00f3n y publicaci\u00f3n de informes<\/li>\n\n\n\n<li>Medicamento DMF<\/li>\n\n\n\n<li>Desarrollo y preparaci\u00f3n de documentos<\/li>\n\n\n\n<li>Creaci\u00f3n de contenidos y servicios documentales<\/li>\n<\/ol>\n","protected":false},"excerpt":{"rendered":"Los servicios regulatorios son el aspecto m\u00e1s importante cuando se trata de desarrollar un producto farmac\u00e9utico. Cada producto farmac\u00e9utico debe pasar por ciertas normas regulatorias establecidas por los gobiernos y cada pa\u00eds tiene sus propias regulaciones diferentes. MedsExporter brinda estos servicios a nuestros clientes y contamos con un equipo dedicado que trabaja con nuestros clientes [&hellip;]","protected":false},"author":1,"featured_media":0,"parent":0,"menu_order":0,"comment_status":"closed","ping_status":"closed","template":"templates\/page-template.php","meta":{"_glsr_average":0,"_glsr_ranking":0,"_glsr_reviews":0,"footnotes":""},"class_list":["post-50232","page","type-page","status-publish","hentry"],"_links":{"self":[{"href":"https:\/\/www.medsexporter.com\/es\/wp-json\/wp\/v2\/pages\/50232","targetHints":{"allow":["GET"]}}],"collection":[{"href":"https:\/\/www.medsexporter.com\/es\/wp-json\/wp\/v2\/pages"}],"about":[{"href":"https:\/\/www.medsexporter.com\/es\/wp-json\/wp\/v2\/types\/page"}],"author":[{"embeddable":true,"href":"https:\/\/www.medsexporter.com\/es\/wp-json\/wp\/v2\/users\/1"}],"replies":[{"embeddable":true,"href":"https:\/\/www.medsexporter.com\/es\/wp-json\/wp\/v2\/comments?post=50232"}],"version-history":[{"count":2,"href":"https:\/\/www.medsexporter.com\/es\/wp-json\/wp\/v2\/pages\/50232\/revisions"}],"predecessor-version":[{"id":50235,"href":"https:\/\/www.medsexporter.com\/es\/wp-json\/wp\/v2\/pages\/50232\/revisions\/50235"}],"wp:attachment":[{"href":"https:\/\/www.medsexporter.com\/es\/wp-json\/wp\/v2\/media?parent=50232"}],"curies":[{"name":"wp","href":"https:\/\/api.w.org\/{rel}","templated":true}]}}