{"id":50227,"date":"2024-01-26T06:14:55","date_gmt":"2024-01-26T06:14:55","guid":{"rendered":"https:\/\/medsexporter.com\/apoyo-normativo\/"},"modified":"2024-07-16T11:13:40","modified_gmt":"2024-07-16T11:13:40","slug":"apoyo-normativo","status":"publish","type":"page","link":"https:\/\/www.medsexporter.com\/es\/apoyo-normativo\/","title":{"rendered":"Apoyo normativo"},"content":{"rendered":"\n<div class=\"wp-block-group main-page-row py-5 is-nowrap is-layout-flex wp-container-core-group-is-layout-ad2f72ca wp-block-group-is-layout-flex\">\n<div class=\"wp-block-group container is-nowrap is-layout-flex wp-container-core-group-is-layout-ad2f72ca wp-block-group-is-layout-flex\">\n<div class=\"wp-block-columns row is-layout-flex wp-container-core-columns-is-layout-9d6595d7 wp-block-columns-is-layout-flex\">\n<div class=\"wp-block-column col-12 is-layout-flow wp-block-column-is-layout-flow\">\n<p><strong><a href=\"https:\/\/medsexporter.com\/es\/\">MedsExporter<\/a><\/strong> es un fabricante, exportador y proveedor de medicamentos y productos relacionados con estos servicios; tambi\u00e9n proporcionamos un servicio esencial llamado apoyo regulatorio. Como empresa, asumimos la responsabilidad de ayudar en la obtenci\u00f3n de aprobaciones para nuevos productos y servicios relacionados que incluyen ensayos cl\u00ednicos, la creaci\u00f3n de contenido para ellos, el papeleo y todas las dem\u00e1s legalidades relacionadas con ello. B\u00e1sicamente, Medsexporter desempe\u00f1a un papel fundamental como intermediario entre el departamento regulador y el cliente. Tambi\u00e9n realizamos una ampliaci\u00f3n de los servicios de patentes y aprobaci\u00f3n de todo el trabajo jur\u00eddico relacionado con los productos farmac\u00e9uticos.<\/p>\n\n\n\n<p><strong>MedsExporter<\/strong> entiende que la adquisici\u00f3n de aprobaciones y certificaciones legales es un trabajo que las empresas prefieren no hacer por s\u00ed mismas por diversas razones. A lo largo de los a\u00f1os, hemos adquirido experiencia en este \u00e1mbito y contamos con un equipo lo suficientemente competente como para llevar a cabo la tarea.<\/p>\n\n\n\n<p><strong>A continuaci\u00f3n figuran ejemplos de servicios de apoyo normativo:<\/strong><\/p>\n\n\n\n<ul class=\"wp-block-list\">\n<li>Expedientes CTD y ACTD para todos los productos<\/li>\n\n\n\n<li>Certificado de an\u00e1lisis (COA)<\/li>\n\n\n\n<li>certificado de libre venta (FSC)<\/li>\n\n\n\n<li>Estudio de bioequivalencia (BE) de productos seleccionados<\/li>\n<\/ul>\n<\/div>\n<\/div>\n<\/div>\n<\/div>\n","protected":false},"excerpt":{"rendered":"MedsExporter es un fabricante, exportador y proveedor de medicamentos y productos relacionados con estos servicios; tambi\u00e9n proporcionamos un servicio esencial llamado apoyo regulatorio. Como empresa, asumimos la responsabilidad de ayudar en la obtenci\u00f3n de aprobaciones para nuevos productos y servicios relacionados que incluyen ensayos cl\u00ednicos, la creaci\u00f3n de contenido para ellos, el papeleo y todas [&hellip;]","protected":false},"author":1,"featured_media":0,"parent":0,"menu_order":0,"comment_status":"closed","ping_status":"closed","template":"templates\/page-template.php","meta":{"_glsr_average":0,"_glsr_ranking":0,"_glsr_reviews":0,"footnotes":""},"class_list":["post-50227","page","type-page","status-publish","hentry"],"_links":{"self":[{"href":"https:\/\/www.medsexporter.com\/es\/wp-json\/wp\/v2\/pages\/50227","targetHints":{"allow":["GET"]}}],"collection":[{"href":"https:\/\/www.medsexporter.com\/es\/wp-json\/wp\/v2\/pages"}],"about":[{"href":"https:\/\/www.medsexporter.com\/es\/wp-json\/wp\/v2\/types\/page"}],"author":[{"embeddable":true,"href":"https:\/\/www.medsexporter.com\/es\/wp-json\/wp\/v2\/users\/1"}],"replies":[{"embeddable":true,"href":"https:\/\/www.medsexporter.com\/es\/wp-json\/wp\/v2\/comments?post=50227"}],"version-history":[{"count":3,"href":"https:\/\/www.medsexporter.com\/es\/wp-json\/wp\/v2\/pages\/50227\/revisions"}],"predecessor-version":[{"id":50231,"href":"https:\/\/www.medsexporter.com\/es\/wp-json\/wp\/v2\/pages\/50227\/revisions\/50231"}],"wp:attachment":[{"href":"https:\/\/www.medsexporter.com\/es\/wp-json\/wp\/v2\/media?parent=50227"}],"curies":[{"name":"wp","href":"https:\/\/api.w.org\/{rel}","templated":true}]}}