{"id":50214,"date":"2023-11-09T04:40:08","date_gmt":"2023-11-09T04:40:08","guid":{"rendered":"https:\/\/medsexporter.com\/terminos-y-condiciones\/"},"modified":"2024-07-16T10:40:52","modified_gmt":"2024-07-16T10:40:52","slug":"terminos-y-condiciones","status":"publish","type":"page","link":"https:\/\/www.medsexporter.com\/es\/terminos-y-condiciones\/","title":{"rendered":"T\u00e9rminos y Condiciones"},"content":{"rendered":"\n<p><a href=\"https:\/\/medsexporter.com\/es\/\"><strong>MedsExporter<\/strong><\/a> ha creado t\u00e9rminos y condiciones para aportar claridad y transparencia a los negocios que hacemos con nuestros clientes. Por lo tanto, pedimos y animamos a todos nuestros clientes a revisar estos t\u00e9rminos y condiciones para que no haya ning\u00fan malentendido al hacer negocios, y podamos crear relaciones profesionales a largo plazo.<\/p>\n\n\n\n<h2 class=\"wp-block-heading\"><strong>Orden<\/strong><\/h2>\n\n\n\n<ul class=\"wp-block-list\">\n<li>En caso de fabricaci\u00f3n, realice el pedido tras confirmar los datos introducidos; una vez realizado el pedido, la anulaci\u00f3n no es posible despu\u00e9s de 10 d\u00edas si se trata de un pedido de fabricaci\u00f3n.<\/li>\n\n\n\n<li>Consulta toda la fabricaci\u00f3n y servicios relacionados que quieras a\u00f1adir a tu pedido.<\/li>\n\n\n\n<li>Verifique todos los detalles relacionados con el pedido antes de realizarlo.<\/li>\n\n\n\n<li>Los detalles del producto deben comprobarse minuciosamente antes de realizar el pedido.<\/li>\n\n\n\n<li>El recibo del pedido debe guardarse para futuras interacciones.<\/li>\n\n\n\n<li>Haga su pedido si est\u00e1 de acuerdo con la fecha de entrega, que se mostrar\u00e1 en el momento de pagar.<\/li>\n<\/ul>\n\n\n\n<h2 class=\"wp-block-heading\"><strong>Precios<\/strong><\/h2>\n\n\n\n<ul class=\"wp-block-list\">\n<li>Hay que comprobar los precios de los productos antes de hacer el pedido; no habr\u00e1 negociaciones al respecto.<\/li>\n\n\n\n<li>Los precios fluct\u00faan; los clientes deben tenerlo en cuenta.<\/li>\n\n\n\n<li>El importe final del pedido debe abonarse por adelantado.<\/li>\n\n\n\n<li>Si se ofrece alg\u00fan descuento, se mostrar\u00e1 en el momento del pago si es necesario a\u00f1adir alg\u00fan cup\u00f3n o c\u00f3digo promocional.<\/li>\n<\/ul>\n\n\n\n<h2 class=\"wp-block-heading\"><strong>Condiciones de pago<\/strong><\/h2>\n\n\n\n<ul class=\"wp-block-list\">\n<li>Hay que pagar por adelantado<\/li>\n\n\n\n<li>Todas las opciones de pago se mencionan en el momento de la compra, y no se aceptar\u00e1n otras opciones.<\/li>\n\n\n\n<li>Una vez confirmado el pago por nuestra parte, se iniciar\u00e1 el proceso de env\u00edo<\/li>\n\n\n\n<li>Si el pago est\u00e1 pendiente durante m\u00e1s de 24 a 48 horas, su pedido se cancelar\u00e1 autom\u00e1ticamente.<\/li>\n<\/ul>\n\n\n\n<h2 class=\"wp-block-heading\"><strong>Entrega en condiciones<\/strong><\/h2>\n\n\n\n<ul class=\"wp-block-list\">\n<li>La entrega del producto se mencionar\u00e1 en el recibo final<\/li>\n\n\n\n<li>La entrega puede aplazarse o posponerse en funci\u00f3n de las condiciones y los plazos de env\u00edo.<\/li>\n\n\n\n<li>La entrega puede comprobarse en nuestro portal o a trav\u00e9s del enlace facilitado al cliente del env\u00edo<\/li>\n<\/ul>\n\n\n\n<h2 class=\"wp-block-heading\"><strong>Pol\u00edtica de devoluciones y reembolsos<\/strong><\/h2>\n\n\n\n<ul class=\"wp-block-list\">\n<li>En caso de entrega de productos err\u00f3neos o da\u00f1ados, el cliente debe informar a la empresa en un plazo de 24 horas; de lo contrario, no aceptaremos la devoluci\u00f3n o el reembolso.<\/li>\n\n\n\n<li>En caso de devoluci\u00f3n, es necesario presentar una prueba de los productos da\u00f1ados.<\/li>\n\n\n\n<li>MedsExporter iniciar\u00e1 el proceso de reembolso una vez que el producto llegue a nuestro almac\u00e9n y nuestro departamento de env\u00edos acceda a la cantidad y calidad del producto.<\/li>\n\n\n\n<li>En caso de cambio, la empresa comprobar\u00e1 los productos devueltos y, a continuaci\u00f3n, se iniciar\u00e1 el proceso de env\u00edo.<\/li>\n<\/ul>\n\n\n\n<h2 class=\"wp-block-heading\"><strong>Condiciones del acto de dios<\/strong><\/h2>\n\n\n\n<p>Cuando el producto sale de nuestro almac\u00e9n y ocurre alguna situaci\u00f3n incierta, que cae en la condici\u00f3n de caso fortuito, la empresa no ser\u00e1 responsable ni responder\u00e1.<\/p>\n\n\n\n<h2 class=\"wp-block-heading\"><strong>Otros t\u00e9rminos y condiciones<\/strong><\/h2>\n\n\n\n<p>Estos t\u00e9rminos y condiciones est\u00e1n estructurados con base en las leyes de la empresa, y est\u00e1 en la potestad de la empresa crearlos. Si alg\u00fan gobierno u organismo relacionado los encontrara ilegales en otro pa\u00eds, esa empresa no ser\u00eda responsable de lo mismo. Estos t\u00e9rminos y condiciones estar\u00e1n vigentes hasta que la propia empresa los viole.<\/p>\n\n\n\n<p>Al realizar el pedido del producto, la empresa no queda obligada a enviarlo. Si la empresa considera que el comprador es ilegal o no se ajusta a sus criterios, podemos cancelar el pedido sin ninguna informaci\u00f3n previa.<\/p>\n","protected":false},"excerpt":{"rendered":"MedsExporter ha creado t\u00e9rminos y condiciones para aportar claridad y transparencia a los negocios que hacemos con nuestros clientes. Por lo tanto, pedimos y animamos a todos nuestros clientes a revisar estos t\u00e9rminos y condiciones para que no haya ning\u00fan malentendido al hacer negocios, y podamos crear relaciones profesionales a largo plazo. Orden Precios Condiciones [&hellip;]","protected":false},"author":1,"featured_media":0,"parent":0,"menu_order":0,"comment_status":"closed","ping_status":"closed","template":"templates\/page-template.php","meta":{"_glsr_average":0,"_glsr_ranking":0,"_glsr_reviews":0,"footnotes":""},"class_list":["post-50214","page","type-page","status-publish","hentry"],"_links":{"self":[{"href":"https:\/\/www.medsexporter.com\/es\/wp-json\/wp\/v2\/pages\/50214","targetHints":{"allow":["GET"]}}],"collection":[{"href":"https:\/\/www.medsexporter.com\/es\/wp-json\/wp\/v2\/pages"}],"about":[{"href":"https:\/\/www.medsexporter.com\/es\/wp-json\/wp\/v2\/types\/page"}],"author":[{"embeddable":true,"href":"https:\/\/www.medsexporter.com\/es\/wp-json\/wp\/v2\/users\/1"}],"replies":[{"embeddable":true,"href":"https:\/\/www.medsexporter.com\/es\/wp-json\/wp\/v2\/comments?post=50214"}],"version-history":[{"count":2,"href":"https:\/\/www.medsexporter.com\/es\/wp-json\/wp\/v2\/pages\/50214\/revisions"}],"predecessor-version":[{"id":50217,"href":"https:\/\/www.medsexporter.com\/es\/wp-json\/wp\/v2\/pages\/50214\/revisions\/50217"}],"wp:attachment":[{"href":"https:\/\/www.medsexporter.com\/es\/wp-json\/wp\/v2\/media?parent=50214"}],"curies":[{"name":"wp","href":"https:\/\/api.w.org\/{rel}","templated":true}]}}