{"id":50204,"date":"2023-11-09T04:41:18","date_gmt":"2023-11-09T04:41:18","guid":{"rendered":"https:\/\/medsexporter.com\/preguntas-mas-frecuentes\/"},"modified":"2024-07-16T11:03:05","modified_gmt":"2024-07-16T11:03:05","slug":"preguntas-mas-frecuentes","status":"publish","type":"page","link":"https:\/\/www.medsexporter.com\/es\/preguntas-mas-frecuentes\/","title":{"rendered":"Preguntas m\u00e1s frecuentes"},"content":{"rendered":"\n<h2 class=\"wp-block-heading\"><strong>\u00bfQu\u00e9 servicios ofrece MedsExporter?<\/strong><\/h2>\n\n\n\n<p>MedsExporter ofrece los siguientes servicios:<\/p>\n\n\n\n<p>1. Fabricaci\u00f3n de productos farmac\u00e9uticos<\/p>\n\n\n\n<p>2. Exportaci\u00f3n farmac\u00e9utica<\/p>\n\n\n\n<p>3. <a href=\"https:\/\/medsexporter.com\/es\/fabricacion-por-contrato\/\"><strong>Fabricaci\u00f3n por contrato<\/strong><\/a><\/p>\n\n\n\n<p>4. <a href=\"https:\/\/medsexporter.com\/es\/fabricacion-por-terceros\/\"><strong>Fabricaci\u00f3n por terceros<\/strong><\/a><\/p>\n\n\n\n<p>5. <strong>Apoyo normativo<\/strong><\/p>\n\n\n\n<p>6. <strong>Servicio de fabricaci\u00f3n<\/strong><\/p>\n\n\n\n<p>7. Embalaje<\/p>\n\n\n\n<p>8. Almacenamiento<\/p>\n\n\n\n<p>9. Env\u00edo con todos los procesos legales<\/p>\n\n\n\n<h2 class=\"wp-block-heading\"><strong>\u00bfProporciona medsExporter servicios de fabricaci\u00f3n por contrato?<\/strong><\/h2>\n\n\n\n<p>MedsExporter est\u00e1 a punto de convertirse en uno de los l\u00edderes del mercado en la prestaci\u00f3n de servicios de fabricaci\u00f3n por contrato. Bajo este paraguas, la empresa ofrece servicios de fabricaci\u00f3n integral, fabricaci\u00f3n de marcas blancas y fabricaci\u00f3n de etiquetas.<\/p>\n\n\n\n<h2 class=\"wp-block-heading\"><strong>\u00bfQu\u00e9 servicios de regulaci\u00f3n cubre MedsExporter?<\/strong><\/h2>\n\n\n\n<p><strong>MedsExporter<\/strong> provides the following Regulatory Services:<\/p>\n\n\n\n<ul class=\"wp-block-list\">\n<li>Apoyo a los ensayos cl\u00ednicos<\/li>\n\n\n\n<li>Sugerencias de marketing<\/li>\n\n\n\n<li>Apoyo a la gesti\u00f3n del estilo de vida de los productos<\/li>\n\n\n\n<li>Publicaci\u00f3n de eCTD, ESG, y apoyo t\u00e9cnico<\/li>\n\n\n\n<li>Expediente de presentaci\u00f3n de soporte<\/li>\n\n\n\n<li>An\u00e1lisis normativo<\/li>\n\n\n\n<li>Creaci\u00f3n y revisi\u00f3n de etiquetas.<\/li>\n\n\n\n<li>Soporte de toxicolog\u00eda precl\u00ednica<\/li>\n\n\n\n<li>art\u00edculos cient\u00edficos<\/li>\n\n\n\n<li>Nuevo registro de productos y<\/li>\n\n\n\n<li>Renovaci\u00f3n del emplazamiento seg\u00fan el calendario<\/li>\n\n\n\n<li>Mantenimiento del ciclo de vida posterior a la homologaci\u00f3n<\/li>\n\n\n\n<li>Elaboraci\u00f3n y publicaci\u00f3n de informes<\/li>\n\n\n\n<li>Medicamento DMF<\/li>\n\n\n\n<li>Desarrollo y preparaci\u00f3n de documentos<\/li>\n\n\n\n<li>Creaci\u00f3n de contenidos y servicios documentales<\/li>\n<\/ul>\n\n\n\n<h2 class=\"wp-block-heading\"><strong>\u00bfD\u00f3nde tiene su sede MedsExporter?<\/strong><\/h2>\n\n\n\n<p>MedsExporter tiene su sede en India, que es el nuevo centro internacional de fabricaci\u00f3n de productos farmac\u00e9uticos.<\/p>\n\n\n\n<h2 class=\"wp-block-heading\"><strong>\u00bfMedsExporter est\u00e1 conectado con Actiza Pharmaceutical Pvt. Ltd.? Limitado.?<\/strong><\/h2>\n\n\n\n<p>S\u00ed, MedsExporter es una subsidiaria de <strong>Actiza Pharmaceutical Pvt. Ltd<\/strong>., un gigante manufacturero con sede en India.<\/p>\n\n\n\n<h2 class=\"wp-block-heading\"><strong>\u00bfQu\u00e9 productos fabrica MedsExporter?<\/strong><\/h2>\n\n\n\n<p>MedsExporter fabrica productos farmac\u00e9uticos como comprimidos, suspensiones, jarabe, cremas, ung\u00fcento, inyecciones, c\u00e1psulas, gotas para ojos y o\u00eddos, gel, aerosoles, inhalador, viales, lancetas, supositorios, gluc\u00f3metro, ampollas, multihalador, jalea, turbuhaler, aguja, pel\u00edcula oral, respules, rotacaps, accuhaler, gotas y aerosoles nasales, infusi\u00f3n, loci\u00f3n, etc.<\/p>\n\n\n\n<h2 class=\"wp-block-heading\"><strong>\u00bfTiene MedsExporter la certificaci\u00f3n WHO-GMP?<\/strong><\/h2>\n\n\n\n<p>S\u00ed, MedsExporter se enorgullece de ser una empresa de fabricaci\u00f3n con certificaci\u00f3n WHO-GMP e ISO.<\/p>\n\n\n\n<h2 class=\"wp-block-heading\"><strong>\u00bfC\u00f3mo puede un cliente pedir un producto a trav\u00e9s del sitio web de MedsExporter?<\/strong><\/h2>\n\n\n\n<ul class=\"wp-block-list\">\n<li>Un cliente debe visitar <a href=\"https:\/\/medsexporter.com\/es\/\"><strong>MedsExporter.com<\/strong><\/a><\/li>\n\n\n\n<li>Introduzca el nombre del producto farmac\u00e9utico deseado<\/li>\n\n\n\n<li>Introduzca la cantidad de productos y otros datos<\/li>\n\n\n\n<li>Datos completos de la empresa<\/li>\n\n\n\n<li>Paga el importe y se realiza el pedido<\/li>\n<\/ul>\n\n\n\n<h2 class=\"wp-block-heading\"><strong>\u00bfCu\u00e1l es la cantidad m\u00ednima de pedido de MedsExporter?<\/strong><\/h2>\n\n\n\n<p><strong>MedsExporter<\/strong> no ha establecido una cantidad m\u00ednima de pedido, lo que significa que un cliente puede pedir cualquier cantidad y nosotros se la entregaremos.<\/p>\n","protected":false},"excerpt":{"rendered":"\u00bfQu\u00e9 servicios ofrece MedsExporter? MedsExporter ofrece los siguientes servicios: 1. Fabricaci\u00f3n de productos farmac\u00e9uticos 2. Exportaci\u00f3n farmac\u00e9utica 3. Fabricaci\u00f3n por contrato 4. Fabricaci\u00f3n por terceros 5. Apoyo normativo 6. Servicio de fabricaci\u00f3n 7. Embalaje 8. Almacenamiento 9. Env\u00edo con todos los procesos legales \u00bfProporciona medsExporter servicios de fabricaci\u00f3n por contrato? MedsExporter est\u00e1 a punto de [&hellip;]","protected":false},"author":1,"featured_media":0,"parent":0,"menu_order":0,"comment_status":"closed","ping_status":"closed","template":"templates\/page-template.php","meta":{"_glsr_average":0,"_glsr_ranking":0,"_glsr_reviews":0,"footnotes":""},"class_list":["post-50204","page","type-page","status-publish","hentry"],"_links":{"self":[{"href":"https:\/\/www.medsexporter.com\/es\/wp-json\/wp\/v2\/pages\/50204","targetHints":{"allow":["GET"]}}],"collection":[{"href":"https:\/\/www.medsexporter.com\/es\/wp-json\/wp\/v2\/pages"}],"about":[{"href":"https:\/\/www.medsexporter.com\/es\/wp-json\/wp\/v2\/types\/page"}],"author":[{"embeddable":true,"href":"https:\/\/www.medsexporter.com\/es\/wp-json\/wp\/v2\/users\/1"}],"replies":[{"embeddable":true,"href":"https:\/\/www.medsexporter.com\/es\/wp-json\/wp\/v2\/comments?post=50204"}],"version-history":[{"count":7,"href":"https:\/\/www.medsexporter.com\/es\/wp-json\/wp\/v2\/pages\/50204\/revisions"}],"predecessor-version":[{"id":50226,"href":"https:\/\/www.medsexporter.com\/es\/wp-json\/wp\/v2\/pages\/50204\/revisions\/50226"}],"wp:attachment":[{"href":"https:\/\/www.medsexporter.com\/es\/wp-json\/wp\/v2\/media?parent=50204"}],"curies":[{"name":"wp","href":"https:\/\/api.w.org\/{rel}","templated":true}]}}