{"id":50188,"date":"2024-06-20T09:59:21","date_gmt":"2024-06-20T09:59:21","guid":{"rendered":"https:\/\/medsexporter.com\/exportadora\/"},"modified":"2024-07-15T12:16:50","modified_gmt":"2024-07-15T12:16:50","slug":"exportadora","status":"publish","type":"page","link":"https:\/\/www.medsexporter.com\/es\/exportadora\/","title":{"rendered":"Exportadora"},"content":{"rendered":"\n<p><a href=\"https:\/\/medsexporter.com\/es\/\" data-type=\"link\" data-id=\"https:\/\/medsexporter.com\/es\/\">MedsExporter<\/a> es una plataforma en l\u00ednea premium para importar todo tipo de medicamentos y productos relacionados. Trabajamos ampliamente como exportador de productos farmac\u00e9uticos. Somos una subsidiaria de Actiza Pharmaceutical Pvt. Limitado. Ltd. y han alcanzado la excelencia en la exportaci\u00f3n. Nuestra experiencia de m\u00e1s de una d\u00e9cada nos ha convertido en uno de los principales exportadores de medicamentos de la India. Somos un fabricante farmac\u00e9utico, por lo que exportar es algo natural para nuestra empresa.<\/p>\n\n\n\n<p>Contamos con un equipo dedicado que pone todo su compromiso y experiencia laboral profesional detr\u00e1s de brindar una excelente experiencia al cliente. Nos encargamos de toda la legalidad con el gobierno y otros organismos relacionados. Disponemos de una amplia red de manipulaci\u00f3n de transporte que se coordina perfectamente con el departamento de exportaci\u00f3n y almacenamiento. Nuestro embalaje de todos los encargos de exportaci\u00f3n cuenta con est\u00e1ndares internacionales. Proporcionamos y mantenemos la temperatura y el embalaje requeridos para todos los productos. Nuestras tarifas son las m\u00e1s bajas ya que somos fabricantes y mayoristas de la mayor\u00eda de los productos farmac\u00e9uticos.<\/p>\n\n\n\n<p>Con m\u00e1s de 2000 productos y capacidad de env\u00edo en m\u00e1s de 50 pa\u00edses, ampliamos nuestra presencia en m\u00e1s pa\u00edses cada a\u00f1o. Con\u00e9ctese con nosotros y experimente nuestros servicios.<\/p>\n","protected":false},"excerpt":{"rendered":"MedsExporter es una plataforma en l\u00ednea premium para importar todo tipo de medicamentos y productos relacionados. Trabajamos ampliamente como exportador de productos farmac\u00e9uticos. Somos una subsidiaria de Actiza Pharmaceutical Pvt. Limitado. Ltd. y han alcanzado la excelencia en la exportaci\u00f3n. Nuestra experiencia de m\u00e1s de una d\u00e9cada nos ha convertido en uno de los principales [&hellip;]","protected":false},"author":1,"featured_media":0,"parent":0,"menu_order":0,"comment_status":"closed","ping_status":"closed","template":"templates\/page-template.php","meta":{"_glsr_average":0,"_glsr_ranking":0,"_glsr_reviews":0,"footnotes":""},"class_list":["post-50188","page","type-page","status-publish","hentry"],"_links":{"self":[{"href":"https:\/\/www.medsexporter.com\/es\/wp-json\/wp\/v2\/pages\/50188","targetHints":{"allow":["GET"]}}],"collection":[{"href":"https:\/\/www.medsexporter.com\/es\/wp-json\/wp\/v2\/pages"}],"about":[{"href":"https:\/\/www.medsexporter.com\/es\/wp-json\/wp\/v2\/types\/page"}],"author":[{"embeddable":true,"href":"https:\/\/www.medsexporter.com\/es\/wp-json\/wp\/v2\/users\/1"}],"replies":[{"embeddable":true,"href":"https:\/\/www.medsexporter.com\/es\/wp-json\/wp\/v2\/comments?post=50188"}],"version-history":[{"count":2,"href":"https:\/\/www.medsexporter.com\/es\/wp-json\/wp\/v2\/pages\/50188\/revisions"}],"predecessor-version":[{"id":50191,"href":"https:\/\/www.medsexporter.com\/es\/wp-json\/wp\/v2\/pages\/50188\/revisions\/50191"}],"wp:attachment":[{"href":"https:\/\/www.medsexporter.com\/es\/wp-json\/wp\/v2\/media?parent=50188"}],"curies":[{"name":"wp","href":"https:\/\/api.w.org\/{rel}","templated":true}]}}