{"id":49717,"date":"2024-06-07T07:03:01","date_gmt":"2024-06-07T07:03:01","guid":{"rendered":"https:\/\/medsexporter.com\/fabricacion-por-terceros\/"},"modified":"2024-07-16T09:16:05","modified_gmt":"2024-07-16T09:16:05","slug":"fabricacion-por-terceros","status":"publish","type":"page","link":"https:\/\/www.medsexporter.com\/es\/fabricacion-por-terceros\/","title":{"rendered":"Fabricaci\u00f3n por terceros"},"content":{"rendered":"\n<h2 class=\"wp-block-heading\"><strong>Proceso de fabricaci\u00f3n por terceros de Medsexporter<\/strong><\/h2>\n\n\n\n<p><a href=\"https:\/\/medsexporter.com\/es\/\"><strong>MedsExporter<\/strong><\/a>, como 3 \u00aa parte de fabricaci\u00f3n, tiene un procedimiento espec\u00edfico que crea productos de calidad que se hacen bajo la OMS, GMP, FDA, y las normas ISO de producci\u00f3n.<\/p>\n\n\n\n<h3 class=\"wp-block-heading\"><strong>-Comprensi\u00f3n de las necesidades de los clientes:<\/strong><\/h3>\n\n\n\n<p>Los clientes vienen con especificaciones de sus productos, y el primer paso que damos en <strong>MedsExporter<\/strong> es comprender las necesidades y demandas de los clientes. Cu\u00e1l es su producto, cu\u00e1les son sus requisitos espec\u00edficos y cu\u00e1les son exactamente la f\u00f3rmula, la estructura, el envasado, el almacenamiento y otros aspectos importantes del medicamento. Una vez comprendido esto, establecemos nuestro flujo de trabajo y trazamos una estrategia de trabajo.<\/p>\n\n\n\n<h3 class=\"wp-block-heading\"><strong>-Coordinaci\u00f3n con todos los departamentos:<\/strong><\/h3>\n\n\n\n<p>En funci\u00f3n del flujo de trabajo y la estrategia creados para la fabricaci\u00f3n del producto, se informa a todos los departamentos y se inicia la coordinaci\u00f3n para ejecutar el proceso. Se aconseja a los departamentos de materias primas, fabricaci\u00f3n, laboratorio, envasado, almacenamiento y entrega que se preparen para los lotes y adopten las medidas necesarias para la entrega puntual.<\/p>\n\n\n\n<h3 class=\"wp-block-heading\"><strong>-Material en bruto:<\/strong><\/h3>\n\n\n\n<p>Una vez decidido el plazo de fabricaci\u00f3n, el departamento de materias primas inicia el proceso de adquisici\u00f3n de materias primas en la cantidad correcta y con calidad. Cuando se reciben las materias primas, se comprueban en nuestro laboratorio. Cuando el laboratorio da el visto bueno, todas las materias primas se env\u00edan al proceso de fabricaci\u00f3n.<\/p>\n\n\n\n<h3 class=\"wp-block-heading\"><strong>-Proceso de fabricaci\u00f3n:<\/strong><\/h3>\n\n\n\n<p>Bajo la direcci\u00f3n de un equipo de expertos, el proceso de fabricaci\u00f3n se lleva a cabo con precisi\u00f3n, especificaciones y un control continuo de las m\u00e1quinas m\u00e1s modernas. Las muestras de cada lote se env\u00edan a laboratorios para su comprobaci\u00f3n y, tras su aprobaci\u00f3n, contin\u00faa el proceso. Si el laboratorio detecta alguna incoherencia, se inicia el proceso de re-producci\u00f3n.<\/p>\n\n\n\n<h2 class=\"wp-block-heading\"><strong>Nuestra capacidad de fabricaci\u00f3n<\/strong><\/h2>\n\n\n\n<p>Actualmente, <strong>MedsExporter<\/strong>, con su planta de fabricaci\u00f3n ultramoderna que cuenta con m\u00faltiples subplantas para diferentes formas de producci\u00f3n de medicamentos, tiene capacidad para fabricar pedidos de todos los tama\u00f1os. Nuestra planta est\u00e1 siempre en modo de trabajo con nuestros productos y con proyectos de fabricaci\u00f3n de terceros. Programamos cada producci\u00f3n de nuestros diferentes clientes para poder realizar cada entrega a tiempo y cumplir los plazos.<\/p>\n\n\n\n<h2 class=\"wp-block-heading\"><strong>Departamento de control de calidad<\/strong><\/h2>\n\n\n\n<p>El departamento de control de calidad es el n\u00facleo de cualquier empresa de fabricaci\u00f3n de productos farmac\u00e9uticos, y <strong>MedsExporter<\/strong> tiene el mejor departamento de control de calidad de su clase en el sector farmac\u00e9utico, con expertos de primera categor\u00eda que operan y mantienen la calidad de cada lote en cada etapa del proceso de fabricaci\u00f3n. El departamento de control de calidad de Medsexporter dispone de laboratorios independientes con los equipos m\u00e1s modernos, capaces de comprobar todas las formas de medicamentos y productos farmac\u00e9uticos relacionados.<\/p>\n\n\n\n<h2 class=\"wp-block-heading\"><strong>Servicios de terceros relacionados con la fabricaci\u00f3n<\/strong><\/h2>\n\n\n\n<p>La <strong>fabricaci\u00f3n por terceros<\/strong> y los servicios relacionados ofrecidos por <strong>MedsExporter<\/strong> son de est\u00e1ndares internacionales con certificaciones de la OMS, GMP e ISO. Una vez que los clientes vienen a nosotros con la demanda de la fabricaci\u00f3n de su producto, se analiza y dar la mejor oferta posible con las tarifas m\u00e1s bajas posibles y comenzar el procedimiento de fabricaci\u00f3n relacionados con las obras como la comprensi\u00f3n de las patentes, la legalidad, la comprensi\u00f3n de las f\u00f3rmulas y la estructura de los productos, y el paso a la fabricaci\u00f3n despu\u00e9s de tomar el proceso de regulaci\u00f3n. Tambi\u00e9n ofrecemos excelentes servicios de embalaje, almacenamiento y entrega.<\/p>\n","protected":false},"excerpt":{"rendered":"Proceso de fabricaci\u00f3n por terceros de Medsexporter MedsExporter, como 3 \u00aa parte de fabricaci\u00f3n, tiene un procedimiento espec\u00edfico que crea productos de calidad que se hacen bajo la OMS, GMP, FDA, y las normas ISO de producci\u00f3n. -Comprensi\u00f3n de las necesidades de los clientes: Los clientes vienen con especificaciones de sus productos, y el primer [&hellip;]","protected":false},"author":1,"featured_media":0,"parent":0,"menu_order":0,"comment_status":"closed","ping_status":"closed","template":"","meta":{"_glsr_average":0,"_glsr_ranking":0,"_glsr_reviews":0,"footnotes":""},"class_list":["post-49717","page","type-page","status-publish","hentry"],"_links":{"self":[{"href":"https:\/\/www.medsexporter.com\/es\/wp-json\/wp\/v2\/pages\/49717","targetHints":{"allow":["GET"]}}],"collection":[{"href":"https:\/\/www.medsexporter.com\/es\/wp-json\/wp\/v2\/pages"}],"about":[{"href":"https:\/\/www.medsexporter.com\/es\/wp-json\/wp\/v2\/types\/page"}],"author":[{"embeddable":true,"href":"https:\/\/www.medsexporter.com\/es\/wp-json\/wp\/v2\/users\/1"}],"replies":[{"embeddable":true,"href":"https:\/\/www.medsexporter.com\/es\/wp-json\/wp\/v2\/comments?post=49717"}],"version-history":[{"count":3,"href":"https:\/\/www.medsexporter.com\/es\/wp-json\/wp\/v2\/pages\/49717\/revisions"}],"predecessor-version":[{"id":49857,"href":"https:\/\/www.medsexporter.com\/es\/wp-json\/wp\/v2\/pages\/49717\/revisions\/49857"}],"wp:attachment":[{"href":"https:\/\/www.medsexporter.com\/es\/wp-json\/wp\/v2\/media?parent=49717"}],"curies":[{"name":"wp","href":"https:\/\/api.w.org\/{rel}","templated":true}]}}