{"id":48978,"date":"2023-11-09T04:39:35","date_gmt":"2023-11-09T04:39:35","guid":{"rendered":"https:\/\/medsexporter.com\/about-us\/"},"modified":"2024-07-16T09:17:40","modified_gmt":"2024-07-16T09:17:40","slug":"about-us","status":"publish","type":"page","link":"https:\/\/www.medsexporter.com\/es\/about-us\/","title":{"rendered":"Sobre nosotros"},"content":{"rendered":"\n<h2 class=\"wp-block-heading\"><strong>Presentaci\u00f3n de MedsExporter<\/strong><\/h2>\n\n\n\n<p><a href=\"https:\/\/medsexporter.com\/es\/\"><strong><span style=\"text-decoration: underline;\">MedsExporter<\/span><\/strong><\/a>, filial de Actiza Pharmaceutical Pvt. Ltd., es una empresa con un portal web llamado medsexporter.com. Actiza Pharmaceutical es una empresa con sede en la India, y MedsExporter es tambi\u00e9n un l\u00edder de mercado emergente en el sector farmac\u00e9utico. Estamos en todo tipo de medicamentos y otros productos farmac\u00e9uticos con productos de calidad. Aceptamos pedidos de todos los tama\u00f1os desde cualquier parte del mundo, y para hacerlo posible, nuestros clientes visitan nuestro incre\u00edble portal web. La compa\u00f1\u00eda ha pasado suficiente tiempo en el campo para servir a los clientes y crear un espacio de mercado \u00fanico de su propia que se extiende por todo el mundo m\u00e1s de 50 pa\u00edses. Desde el primer a\u00f1o de nuestra fundaci\u00f3n, hemos tenido un \u00edndice de repetici\u00f3n de clientes del 98%.<\/p>\n\n\n\n<h2 class=\"wp-block-heading\"><strong>Visi\u00f3n y misi\u00f3n<\/strong><\/h2>\n\n\n\n<p>Somos una empresa con una visi\u00f3n concreta y una misi\u00f3n que cumplir.<\/p>\n\n\n\n<h3 class=\"wp-block-heading\"><strong>Visi\u00f3n:<\/strong><\/h3>\n\n\n\n<p>Nuestra visi\u00f3n es fabricar productos farmac\u00e9uticos de calidad que incluyan todo tipo de medicamentos y productos que ayuden a los pacientes a conseguir una buena salud o a recuperarse de las enfermedades que padezcan y proporcionar todos los productos farmac\u00e9uticos a nuestros clientes a un precio compatible con todos los mercados del mundo.<\/p>\n\n\n\n<h3 class=\"wp-block-heading\"><strong>Misi\u00f3n:<\/strong><\/h3>\n\n\n\n<p>MedsExporter tiene un camino claro para la misi\u00f3n, y estamos trabajando para conseguirlo con el equipo, la tecnolog\u00eda y la estrategia adecuados. Contamos con un equipo dedicado que se encarga de la investigaci\u00f3n y crea una forma de aplicar las estrategias empresariales. Nuestro objetivo siempre ha sido reducir costes, mantener relaciones con los clientes existentes y tomar sus sugerencias, llegar a nuevos clientes para saber qu\u00e9 quieren en un producto y servicios relacionados, innovar en consecuencia y, a trav\u00e9s de todo este trabajo, crear un producto de calidad que se adapte a todos los mercados y satisfaga tanto a nuestros clientes como al usuario final.<\/p>\n\n\n\n<h2 class=\"wp-block-heading\"><strong>Valores empresariales<\/strong><\/h2>\n\n\n\n<p>Las buenas pr\u00e1cticas empresariales forman parte de nuestros valores empresariales fundamentales porque somos conscientes de que estamos en el sector sanitario, y todas y cada una de las personas y su salud son importantes. Fabricamos, exportamos y suministramos productos farmac\u00e9uticos para pacientes, por lo que nuestro enfoque no admite concesiones. Nuestros clientes o compradores son la columna vertebral de nuestro negocio, y valoramos su apoyo, por lo que Medsexporter cree y se compromete a proporcionarles valor comercial en cada uno de nuestros acuerdos para cada cliente, independientemente del tama\u00f1o del pedido y de la regi\u00f3n.<\/p>\n\n\n\n<h2 class=\"wp-block-heading\"><strong>Un toque indio<\/strong><\/h2>\n\n\n\n<p><strong>Actiza Pharmaceutical Pvt. Ltd.<\/strong>, nuestra empresa matriz, tiene su sede en la India, y creemos que el mundo es una familia; con este toque indio se crean nuestros productos y servicios. En t\u00e9rminos sencillos, estamos creando productos para nuestra familia; este pensamiento es constante en nuestra mente y en todos nuestros esfuerzos. Y por eso cuidamos mucho todo el trabajo que se dedica a fabricar productos de calidad; al mismo tiempo, el beneficio nunca ocupa un lugar central en nuestro negocio.<\/p>\n\n\n\n<h2 class=\"wp-block-heading\"><strong>Los promotores<\/strong><\/h2>\n\n\n\n<p>Los promotores de nuestro grupo de empresas Actiza trabajan rigurosamente en procesos de pensamiento bien definidos para fabricar, exportar y suministrar productos farmac\u00e9uticos de nivel internacional. Con m\u00e1s de una d\u00e9cada de experiencia en el sector sanitario, todos los promotores son capaces de dirigir el grupo con su experiencia en la direcci\u00f3n correcta. Han demostrado ser el pilar de la empresa y, bajo su liderazgo, todas las empresas, incluida <strong>MedsExporter<\/strong>, han logrado m\u00faltiples hitos.<\/p>\n\n\n\n<h2 class=\"wp-block-heading\"><strong>Potencia farmac\u00e9utica emergente<\/strong><\/h2>\n\n\n\n<p>MedsExporter ha creado su lugar en el mercado como fabricante, exportador y proveedor de todas las formas de medicamentos y productos farmac\u00e9uticos en un lapso de tiempo muy corto. Nos hemos expandido bien durante este tiempo, aumentando el n\u00famero de nuestros clientes que ahora forman parte de nuestra familia global. Ofrecemos fabricaci\u00f3n y servicios relacionados a la tasa m\u00e1s baja posible, que es inigualable, y que ha sido la USP de nuestra empresa. MedsExporter comenz\u00f3 con unos pocos pa\u00edses, y ahora estamos en m\u00e1s de 50 pa\u00edses, y seguimos creciendo. Nuestro crecimiento ha superado el crecimiento global del sector farmac\u00e9utico mundial.<\/p>\n\n\n\n<h2 class=\"wp-block-heading\"><strong>Empresa tecnol\u00f3gica<\/strong><\/h2>\n\n\n\n<p><strong>MedsExporter<\/strong> es una empresa experta en tecnolog\u00eda que ha desarrollado una red y un sistema muy orientados a la tecnolog\u00eda. Desde el trabajo diario de la empresa o el mantenimiento de un portal web, la recepci\u00f3n de pedidos, hasta la fabricaci\u00f3n en las plantas, el envasado, el almacenamiento, la red de entrega, etc., se basan en la tecnolog\u00eda m\u00e1s avanzada. Nuestros empleados reciben formaci\u00f3n para adoptar la tecnolog\u00eda que utilizamos con el proceso de formaci\u00f3n al incorporarse, y actualizamos a todo el mundo en funci\u00f3n de los cambios.<\/p>\n\n\n\n<h2 class=\"wp-block-heading\"><strong>Acreditaciones<\/strong><\/h2>\n\n\n\n<p>OMS, GMP, FDA, e ISO son algunas de las acreditaciones que <strong>MedsExporter<\/strong> tiene como fabricante farmac\u00e9utico, exportador y proveedor en la India y en el extranjero. Adem\u00e1s, hemos estado trabajando continuamente para adquirir todas las certificaciones locales cuando iniciamos un negocio en un nuevo pa\u00eds. Nuestro \u00fanico objetivo es proporcionar productos de calidad con toda la legalidad adjunta a la misma. Nunca hemos comprometido ni comprometeremos la legalidad, ya que es el n\u00facleo de nuestros valores empresariales.<\/p>\n","protected":false},"excerpt":{"rendered":"Presentaci\u00f3n de MedsExporter MedsExporter, filial de Actiza Pharmaceutical Pvt. Ltd., es una empresa con un portal web llamado medsexporter.com. Actiza Pharmaceutical es una empresa con sede en la India, y MedsExporter es tambi\u00e9n un l\u00edder de mercado emergente en el sector farmac\u00e9utico. Estamos en todo tipo de medicamentos y otros productos farmac\u00e9uticos con productos de [&hellip;]","protected":false},"author":1,"featured_media":0,"parent":0,"menu_order":0,"comment_status":"closed","ping_status":"closed","template":"","meta":{"_glsr_average":0,"_glsr_ranking":0,"_glsr_reviews":0,"footnotes":""},"class_list":["post-48978","page","type-page","status-publish","hentry"],"_links":{"self":[{"href":"https:\/\/www.medsexporter.com\/es\/wp-json\/wp\/v2\/pages\/48978","targetHints":{"allow":["GET"]}}],"collection":[{"href":"https:\/\/www.medsexporter.com\/es\/wp-json\/wp\/v2\/pages"}],"about":[{"href":"https:\/\/www.medsexporter.com\/es\/wp-json\/wp\/v2\/types\/page"}],"author":[{"embeddable":true,"href":"https:\/\/www.medsexporter.com\/es\/wp-json\/wp\/v2\/users\/1"}],"replies":[{"embeddable":true,"href":"https:\/\/www.medsexporter.com\/es\/wp-json\/wp\/v2\/comments?post=48978"}],"version-history":[{"count":7,"href":"https:\/\/www.medsexporter.com\/es\/wp-json\/wp\/v2\/pages\/48978\/revisions"}],"predecessor-version":[{"id":49860,"href":"https:\/\/www.medsexporter.com\/es\/wp-json\/wp\/v2\/pages\/48978\/revisions\/49860"}],"wp:attachment":[{"href":"https:\/\/www.medsexporter.com\/es\/wp-json\/wp\/v2\/media?parent=48978"}],"curies":[{"name":"wp","href":"https:\/\/api.w.org\/{rel}","templated":true}]}}